{"id":4472,"date":"2026-03-10T17:56:45","date_gmt":"2026-03-10T16:56:45","guid":{"rendered":"https:\/\/gamapartsmx.com\/?page_id=4472"},"modified":"2026-03-12T18:41:37","modified_gmt":"2026-03-12T17:41:37","slug":"elementor-4472","status":"publish","type":"page","link":"https:\/\/gamapartsmx.com\/?page_id=4472","title":{"rendered":"FILTRO DE ACEITE 851NX"},"content":{"rendered":"\t\t<div data-elementor-type=\"wp-page\" data-elementor-id=\"4472\" class=\"elementor elementor-4472\" data-elementor-post-type=\"page\">\n\t\t\t\t<div class=\"elementor-element elementor-element-3410aaee e-flex e-con-boxed e-con e-parent\" data-id=\"3410aaee\" data-element_type=\"container\">\n\t\t\t\t\t<div class=\"e-con-inner\">\n\t\t\t\t<div class=\"elementor-element elementor-element-4818065c elementor-widget elementor-widget-spacer\" data-id=\"4818065c\" data-element_type=\"widget\" data-widget_type=\"spacer.default\">\n\t\t\t\t<div class=\"elementor-widget-container\">\n\t\t\t\t\t<div class=\"elementor-spacer\">\n\t\t\t<div class=\"elementor-spacer-inner\"><\/div>\n\t\t<\/div>\n\t\t\t\t<\/div>\n\t\t\t\t<\/div>\n\t\t\t\t\t<\/div>\n\t\t\t\t<\/div>\n\t\t<div class=\"elementor-element elementor-element-65a58c32 e-flex e-con-boxed e-con e-parent\" data-id=\"65a58c32\" data-element_type=\"container\">\n\t\t\t\t\t<div class=\"e-con-inner\">\n\t\t\t\t<div class=\"elementor-element elementor-element-5a228ff8 elementor-widget elementor-widget-heading\" data-id=\"5a228ff8\" data-element_type=\"widget\" data-widget_type=\"heading.default\">\n\t\t\t\t<div class=\"elementor-widget-container\">\n\t\t\t<h2 class=\"elementor-heading-title elementor-size-default\">FILTRO DE ACEITE ORIGINAL CNH PARA CASE 851NX, 770NX.<\/h2>\t\t<\/div>\n\t\t\t\t<\/div>\n\t\t\t\t\t<\/div>\n\t\t\t\t<\/div>\n\t\t<div class=\"elementor-element elementor-element-4e106bb e-flex e-con-boxed e-con e-parent\" data-id=\"4e106bb\" data-element_type=\"container\">\n\t\t\t\t\t<div class=\"e-con-inner\">\n\t\t<div class=\"elementor-element elementor-element-b572d0b e-con-full e-flex e-con e-child\" data-id=\"b572d0b\" data-element_type=\"container\">\n\t\t<div class=\"elementor-element elementor-element-2a77221 e-grid e-con-full e-con e-child\" data-id=\"2a77221\" data-element_type=\"container\">\n\t\t\t\t<div class=\"elementor-element elementor-element-376baa5 elementor-widget elementor-widget-image\" data-id=\"376baa5\" data-element_type=\"widget\" data-widget_type=\"image.default\">\n\t\t\t\t<div class=\"elementor-widget-container\">\n\t\t\t\t\t\t\t\t\t\t\t\t\t<img fetchpriority=\"high\" decoding=\"async\" width=\"2048\" height=\"2048\" src=\"https:\/\/gamapartsmx.com\/wp-content\/uploads\/2026\/03\/FILTRO-DE-ACEITE-PARA-851NX.jpeg\" class=\"attachment-full size-full wp-image-4466\" alt=\"\" srcset=\"https:\/\/gamapartsmx.com\/wp-content\/uploads\/2026\/03\/FILTRO-DE-ACEITE-PARA-851NX.jpeg 2048w, https:\/\/gamapartsmx.com\/wp-content\/uploads\/2026\/03\/FILTRO-DE-ACEITE-PARA-851NX-300x300.jpeg 300w, https:\/\/gamapartsmx.com\/wp-content\/uploads\/2026\/03\/FILTRO-DE-ACEITE-PARA-851NX-1024x1024.jpeg 1024w, https:\/\/gamapartsmx.com\/wp-content\/uploads\/2026\/03\/FILTRO-DE-ACEITE-PARA-851NX-150x150.jpeg 150w, https:\/\/gamapartsmx.com\/wp-content\/uploads\/2026\/03\/FILTRO-DE-ACEITE-PARA-851NX-768x768.jpeg 768w, https:\/\/gamapartsmx.com\/wp-content\/uploads\/2026\/03\/FILTRO-DE-ACEITE-PARA-851NX-1536x1536.jpeg 1536w, https:\/\/gamapartsmx.com\/wp-content\/uploads\/2026\/03\/FILTRO-DE-ACEITE-PARA-851NX-1320x1320.jpeg 1320w, https:\/\/gamapartsmx.com\/wp-content\/uploads\/2026\/03\/FILTRO-DE-ACEITE-PARA-851NX-600x600.jpeg 600w, https:\/\/gamapartsmx.com\/wp-content\/uploads\/2026\/03\/FILTRO-DE-ACEITE-PARA-851NX-100x100.jpeg 100w\" sizes=\"(max-width: 2048px) 100vw, 2048px\" \/>\t\t\t\t\t\t\t\t\t\t\t\t\t<\/div>\n\t\t\t\t<\/div>\n\t\t\t\t<div class=\"elementor-element elementor-element-3509106 elementor-widget elementor-widget-text-editor\" data-id=\"3509106\" data-element_type=\"widget\" data-widget_type=\"text-editor.default\">\n\t\t\t\t<div class=\"elementor-widget-container\">\n\t\t\t\t\t\t\t<p data-start=\"299\" data-end=\"539\">El <strong data-start=\"302\" data-end=\"345\">filtro de aceite de motor CASE <\/strong>\u00a0est\u00e1 dise\u00f1ado para ofrecer una filtraci\u00f3n eficiente y confiable en maquinaria pesada, ayudando a mantener el sistema de lubricaci\u00f3n del motor limpio y protegido contra part\u00edculas contaminantes.<\/p><p data-start=\"541\" data-end=\"786\">Este filtro es <strong data-start=\"556\" data-end=\"610\">compatible con retroexcavadoras CASE 770NX y 851NX<\/strong>,Fabricado con <strong data-start=\"802\" data-end=\"853\">medios filtrantes sint\u00e9ticos de alta eficiencia<\/strong>, este componente ayuda a capturar impurezas, residuos met\u00e1licos y contaminantes presentes en el aceite, prolongando la vida \u00fatil del motor y permitiendo <strong data-start=\"1007\" data-end=\"1044\">intervalos de servicio m\u00e1s largos<\/strong> sin comprometer el desempe\u00f1o.<\/p><p data-start=\"1222\" data-end=\"1256\"><strong data-start=\"1222\" data-end=\"1256\">Especificaciones del producto:<\/strong><\/p><ul data-start=\"1258\" data-end=\"1478\"><li data-start=\"1292\" data-end=\"1331\"><p data-start=\"1294\" data-end=\"1331\"><strong data-start=\"1294\" data-end=\"1303\">Tipo:<\/strong> Filtro de aceite de motor<\/p><\/li><li data-start=\"1332\" data-end=\"1354\"><p data-start=\"1334\" data-end=\"1354\"><strong data-start=\"1334\" data-end=\"1343\">Peso:<\/strong> 0.575 kg<\/p><\/li><li data-start=\"1355\" data-end=\"1439\"><p data-start=\"1357\" data-end=\"1375\"><strong data-start=\"1357\" data-end=\"1373\">Dimensiones:<\/strong><\/p><ul data-start=\"1378\" data-end=\"1439\"><li data-start=\"1378\" data-end=\"1398\"><p data-start=\"1380\" data-end=\"1398\">Longitud: 101 mm<\/p><\/li><li data-start=\"1401\" data-end=\"1418\"><p data-start=\"1403\" data-end=\"1418\">Ancho: 101 mm<\/p><\/li><li data-start=\"1421\" data-end=\"1439\"><p data-start=\"1423\" data-end=\"1439\">Altura: 101 mm<\/p><\/li><\/ul><\/li><li data-start=\"1440\" data-end=\"1478\"><p data-start=\"1442\" data-end=\"1478\"><strong data-start=\"1442\" data-end=\"1467\">Cantidad por paquete:<\/strong> 1 unidad<\/p><\/li><\/ul><p data-start=\"1480\" data-end=\"1505\"><strong data-start=\"1480\" data-end=\"1505\">Aplicaciones comunes:<\/strong><\/p><ul data-start=\"1507\" data-end=\"1615\"><li data-start=\"1507\" data-end=\"1525\"><p data-start=\"1509\" data-end=\"1525\">CASE <strong data-start=\"1514\" data-end=\"1523\">770NX<\/strong><\/p><\/li><li data-start=\"1526\" data-end=\"1544\"><p data-start=\"1528\" data-end=\"1544\">CASE <strong data-start=\"1533\" data-end=\"1542\">851NX<\/strong><\/p><\/li><li data-start=\"1545\" data-end=\"1615\"><p data-start=\"1547\" data-end=\"1615\">Otras aplicaciones en maquinaria CASE seg\u00fan configuraci\u00f3n del motor.<\/p><\/li><\/ul>\t\t\t\t\t\t<\/div>\n\t\t\t\t<\/div>\n\t\t\t\t<\/div>\n\t\t\t\t<\/div>\n\t\t\t\t\t<\/div>\n\t\t\t\t<\/div>\n\t\t<div class=\"elementor-element elementor-element-65fe224 e-con-full e-flex e-con e-parent\" data-id=\"65fe224\" data-element_type=\"container\">\n\t\t\t\t<div class=\"elementor-element elementor-element-a01b2e0 elementor-cta--skin-cover elementor-animated-content elementor-bg-transform elementor-bg-transform-zoom-in elementor-widget elementor-widget-call-to-action\" data-id=\"a01b2e0\" data-element_type=\"widget\" data-widget_type=\"call-to-action.default\">\n\t\t\t\t<div class=\"elementor-widget-container\">\n\t\t\t\t\t<div class=\"elementor-cta\">\n\t\t\t\t\t<div class=\"elementor-cta__bg-wrapper\">\n\t\t\t\t<div class=\"elementor-cta__bg elementor-bg\" style=\"background-image: url(https:\/\/gamapartsmx.com\/wp-content\/uploads\/2026\/03\/banner-call-center-1.png);\" role=\"img\" aria-label=\"\"><\/div>\n\t\t\t\t<div class=\"elementor-cta__bg-overlay\"><\/div>\n\t\t\t<\/div>\n\t\t\t\t\t\t\t<div class=\"elementor-cta__content\">\n\t\t\t\t\n\t\t\t\t\t\t\t\t\t<h2 class=\"elementor-cta__title elementor-cta__content-item elementor-content-item elementor-animated-item--grow\">\n\t\t\t\t\t\t\u00bfREQUIERES UNA COTIZACION?\t\t\t\t\t<\/h2>\n\t\t\t\t\n\t\t\t\t\t\t\t\t\t<div class=\"elementor-cta__description elementor-cta__content-item elementor-content-item elementor-animated-item--grow\">\n\t\t\t\t\t\tPREGUNTA POR EXISTENCIAS, PRECIO Y DISPONIBILIDAD A TRAVES DE NUESTRA LINEA EN WHATSAPP\t\t\t\t\t<\/div>\n\t\t\t\t\n\t\t\t\t\t\t\t\t\t<div class=\"elementor-cta__button-wrapper elementor-cta__content-item elementor-content-item elementor-animated-item--grow\">\n\t\t\t\t\t<a class=\"elementor-cta__button elementor-button elementor-size-\" href=\"https:\/\/wa.me\/5219936704197\">\n\t\t\t\t\t\tCOTIZA AHORA\t\t\t\t\t<\/a>\n\t\t\t\t\t<\/div>\n\t\t\t\t\t\t\t<\/div>\n\t\t\t\t\t\t<\/div>\n\t\t\t\t<\/div>\n\t\t\t\t<\/div>\n\t\t\t\t<\/div>\n\t\t<div class=\"elementor-element elementor-element-0a016b8 e-flex e-con-boxed e-con e-parent\" data-id=\"0a016b8\" data-element_type=\"container\">\n\t\t\t\t\t<div class=\"e-con-inner\">\n\t\t\t\t<div class=\"elementor-element elementor-element-6afa423 elementor-widget elementor-widget-spacer\" data-id=\"6afa423\" data-element_type=\"widget\" data-widget_type=\"spacer.default\">\n\t\t\t\t<div class=\"elementor-widget-container\">\n\t\t\t\t\t<div class=\"elementor-spacer\">\n\t\t\t<div class=\"elementor-spacer-inner\"><\/div>\n\t\t<\/div>\n\t\t\t\t<\/div>\n\t\t\t\t<\/div>\n\t\t\t\t\t<\/div>\n\t\t\t\t<\/div>\n\t\t\t\t<\/div>\n\t\t","protected":false},"excerpt":{"rendered":"<p>FILTRO DE ACEITE ORIGINAL CNH PARA CASE 851NX, 770NX. El filtro de aceite de motor CASE \u00a0est\u00e1 dise\u00f1ado para ofrecer una filtraci\u00f3n eficiente y confiable en maquinaria pesada, ayudando a mantener el sistema de lubricaci\u00f3n del motor limpio y protegido contra part\u00edculas contaminantes. Este filtro es compatible con retroexcavadoras CASE 770NX y 851NX,Fabricado con medios [&hellip;]<\/p>\n","protected":false},"author":1,"featured_media":0,"parent":0,"menu_order":0,"comment_status":"closed","ping_status":"closed","template":"","meta":{"_monsterinsights_skip_tracking":false,"_monsterinsights_sitenote_active":false,"_monsterinsights_sitenote_note":"","_monsterinsights_sitenote_category":0,"_joinchat":[],"footnotes":""},"class_list":["post-4472","page","type-page","status-publish","hentry"],"yoast_head":"<!-- This site is optimized with the Yoast SEO plugin v21.2 - https:\/\/yoast.com\/wordpress\/plugins\/seo\/ -->\n<title>FILTRO DE ACEITE 851NX - Gama Parts Mx<\/title>\n<meta name=\"robots\" content=\"index, follow, max-snippet:-1, max-image-preview:large, max-video-preview:-1\" \/>\n<link rel=\"canonical\" href=\"https:\/\/gamapartsmx.com\/?page_id=4472\" \/>\n<meta property=\"og:locale\" content=\"es_ES\" \/>\n<meta property=\"og:type\" content=\"article\" \/>\n<meta property=\"og:title\" content=\"FILTRO DE ACEITE 851NX - Gama Parts Mx\" \/>\n<meta property=\"og:description\" content=\"FILTRO DE ACEITE ORIGINAL CNH PARA CASE 851NX, 770NX. El filtro de aceite de motor CASE \u00a0est\u00e1 dise\u00f1ado para ofrecer una filtraci\u00f3n eficiente y confiable en maquinaria pesada, ayudando a mantener el sistema de lubricaci\u00f3n del motor limpio y protegido contra part\u00edculas contaminantes. Este filtro es compatible con retroexcavadoras CASE 770NX y 851NX,Fabricado con medios [&hellip;]\" \/>\n<meta property=\"og:url\" content=\"https:\/\/gamapartsmx.com\/?page_id=4472\" \/>\n<meta property=\"og:site_name\" content=\"Gama Parts Mx\" \/>\n<meta property=\"article:modified_time\" content=\"2026-03-12T17:41:37+00:00\" \/>\n<meta property=\"og:image\" content=\"http:\/\/gamapartsmx.com\/wp-content\/uploads\/2026\/03\/FILTRO-DE-ACEITE-PARA-851NX.jpeg\" \/>\n<meta name=\"twitter:card\" content=\"summary_large_image\" \/>\n<meta name=\"twitter:label1\" content=\"Tiempo de lectura\" \/>\n\t<meta name=\"twitter:data1\" content=\"1 minuto\" \/>\n<script type=\"application\/ld+json\" class=\"yoast-schema-graph\">{\"@context\":\"https:\/\/schema.org\",\"@graph\":[{\"@type\":\"WebPage\",\"@id\":\"https:\/\/gamapartsmx.com\/?page_id=4472\",\"url\":\"https:\/\/gamapartsmx.com\/?page_id=4472\",\"name\":\"FILTRO DE ACEITE 851NX - Gama Parts Mx\",\"isPartOf\":{\"@id\":\"https:\/\/gamapartsmx.com\/#website\"},\"datePublished\":\"2026-03-10T16:56:45+00:00\",\"dateModified\":\"2026-03-12T17:41:37+00:00\",\"breadcrumb\":{\"@id\":\"https:\/\/gamapartsmx.com\/?page_id=4472#breadcrumb\"},\"inLanguage\":\"es\",\"potentialAction\":[{\"@type\":\"ReadAction\",\"target\":[\"https:\/\/gamapartsmx.com\/?page_id=4472\"]}]},{\"@type\":\"BreadcrumbList\",\"@id\":\"https:\/\/gamapartsmx.com\/?page_id=4472#breadcrumb\",\"itemListElement\":[{\"@type\":\"ListItem\",\"position\":1,\"name\":\"Portada\",\"item\":\"https:\/\/gamapartsmx.com\/\"},{\"@type\":\"ListItem\",\"position\":2,\"name\":\"FILTRO DE ACEITE 851NX\"}]},{\"@type\":\"WebSite\",\"@id\":\"https:\/\/gamapartsmx.com\/#website\",\"url\":\"https:\/\/gamapartsmx.com\/\",\"name\":\"Gama Parts\",\"description\":\"Venta de Refacciones para Maquinaria Pesada dirigida al Sector Industrial y de construcci\u00f3n en Villahermosa, Tabasco.\",\"publisher\":{\"@id\":\"https:\/\/gamapartsmx.com\/#organization\"},\"potentialAction\":[{\"@type\":\"SearchAction\",\"target\":{\"@type\":\"EntryPoint\",\"urlTemplate\":\"https:\/\/gamapartsmx.com\/?s={search_term_string}\"},\"query-input\":\"required name=search_term_string\"}],\"inLanguage\":\"es\"},{\"@type\":\"Organization\",\"@id\":\"https:\/\/gamapartsmx.com\/#organization\",\"name\":\"Gama Parts\",\"url\":\"https:\/\/gamapartsmx.com\/\",\"logo\":{\"@type\":\"ImageObject\",\"inLanguage\":\"es\",\"@id\":\"https:\/\/gamapartsmx.com\/#\/schema\/logo\/image\/\",\"url\":\"https:\/\/gamapartsmx.com\/wp-content\/uploads\/2023\/09\/GAMA-PARTS-LOGO.png\",\"contentUrl\":\"https:\/\/gamapartsmx.com\/wp-content\/uploads\/2023\/09\/GAMA-PARTS-LOGO.png\",\"width\":350,\"height\":100,\"caption\":\"Gama Parts\"},\"image\":{\"@id\":\"https:\/\/gamapartsmx.com\/#\/schema\/logo\/image\/\"}}]}<\/script>\n<!-- \/ Yoast SEO plugin. -->","yoast_head_json":{"title":"FILTRO DE ACEITE 851NX - Gama Parts Mx","robots":{"index":"index","follow":"follow","max-snippet":"max-snippet:-1","max-image-preview":"max-image-preview:large","max-video-preview":"max-video-preview:-1"},"canonical":"https:\/\/gamapartsmx.com\/?page_id=4472","og_locale":"es_ES","og_type":"article","og_title":"FILTRO DE ACEITE 851NX - Gama Parts Mx","og_description":"FILTRO DE ACEITE ORIGINAL CNH PARA CASE 851NX, 770NX. El filtro de aceite de motor CASE \u00a0est\u00e1 dise\u00f1ado para ofrecer una filtraci\u00f3n eficiente y confiable en maquinaria pesada, ayudando a mantener el sistema de lubricaci\u00f3n del motor limpio y protegido contra part\u00edculas contaminantes. Este filtro es compatible con retroexcavadoras CASE 770NX y 851NX,Fabricado con medios [&hellip;]","og_url":"https:\/\/gamapartsmx.com\/?page_id=4472","og_site_name":"Gama Parts Mx","article_modified_time":"2026-03-12T17:41:37+00:00","og_image":[{"url":"http:\/\/gamapartsmx.com\/wp-content\/uploads\/2026\/03\/FILTRO-DE-ACEITE-PARA-851NX.jpeg"}],"twitter_card":"summary_large_image","twitter_misc":{"Tiempo de lectura":"1 minuto"},"schema":{"@context":"https:\/\/schema.org","@graph":[{"@type":"WebPage","@id":"https:\/\/gamapartsmx.com\/?page_id=4472","url":"https:\/\/gamapartsmx.com\/?page_id=4472","name":"FILTRO DE ACEITE 851NX - Gama Parts Mx","isPartOf":{"@id":"https:\/\/gamapartsmx.com\/#website"},"datePublished":"2026-03-10T16:56:45+00:00","dateModified":"2026-03-12T17:41:37+00:00","breadcrumb":{"@id":"https:\/\/gamapartsmx.com\/?page_id=4472#breadcrumb"},"inLanguage":"es","potentialAction":[{"@type":"ReadAction","target":["https:\/\/gamapartsmx.com\/?page_id=4472"]}]},{"@type":"BreadcrumbList","@id":"https:\/\/gamapartsmx.com\/?page_id=4472#breadcrumb","itemListElement":[{"@type":"ListItem","position":1,"name":"Portada","item":"https:\/\/gamapartsmx.com\/"},{"@type":"ListItem","position":2,"name":"FILTRO DE ACEITE 851NX"}]},{"@type":"WebSite","@id":"https:\/\/gamapartsmx.com\/#website","url":"https:\/\/gamapartsmx.com\/","name":"Gama Parts","description":"Venta de Refacciones para Maquinaria Pesada dirigida al Sector Industrial y de construcci\u00f3n en Villahermosa, Tabasco.","publisher":{"@id":"https:\/\/gamapartsmx.com\/#organization"},"potentialAction":[{"@type":"SearchAction","target":{"@type":"EntryPoint","urlTemplate":"https:\/\/gamapartsmx.com\/?s={search_term_string}"},"query-input":"required name=search_term_string"}],"inLanguage":"es"},{"@type":"Organization","@id":"https:\/\/gamapartsmx.com\/#organization","name":"Gama Parts","url":"https:\/\/gamapartsmx.com\/","logo":{"@type":"ImageObject","inLanguage":"es","@id":"https:\/\/gamapartsmx.com\/#\/schema\/logo\/image\/","url":"https:\/\/gamapartsmx.com\/wp-content\/uploads\/2023\/09\/GAMA-PARTS-LOGO.png","contentUrl":"https:\/\/gamapartsmx.com\/wp-content\/uploads\/2023\/09\/GAMA-PARTS-LOGO.png","width":350,"height":100,"caption":"Gama Parts"},"image":{"@id":"https:\/\/gamapartsmx.com\/#\/schema\/logo\/image\/"}}]}},"_links":{"self":[{"href":"https:\/\/gamapartsmx.com\/index.php?rest_route=\/wp\/v2\/pages\/4472"}],"collection":[{"href":"https:\/\/gamapartsmx.com\/index.php?rest_route=\/wp\/v2\/pages"}],"about":[{"href":"https:\/\/gamapartsmx.com\/index.php?rest_route=\/wp\/v2\/types\/page"}],"author":[{"embeddable":true,"href":"https:\/\/gamapartsmx.com\/index.php?rest_route=\/wp\/v2\/users\/1"}],"replies":[{"embeddable":true,"href":"https:\/\/gamapartsmx.com\/index.php?rest_route=%2Fwp%2Fv2%2Fcomments&post=4472"}],"version-history":[{"count":17,"href":"https:\/\/gamapartsmx.com\/index.php?rest_route=\/wp\/v2\/pages\/4472\/revisions"}],"predecessor-version":[{"id":4544,"href":"https:\/\/gamapartsmx.com\/index.php?rest_route=\/wp\/v2\/pages\/4472\/revisions\/4544"}],"wp:attachment":[{"href":"https:\/\/gamapartsmx.com\/index.php?rest_route=%2Fwp%2Fv2%2Fmedia&parent=4472"}],"curies":[{"name":"wp","href":"https:\/\/api.w.org\/{rel}","templated":true}]}}