{"id":4545,"date":"2026-03-12T19:07:40","date_gmt":"2026-03-12T18:07:40","guid":{"rendered":"https:\/\/gamapartsmx.com\/?page_id=4545"},"modified":"2026-03-17T18:11:00","modified_gmt":"2026-03-17T17:11:00","slug":"filtro-de-aceite-851nx-copy","status":"publish","type":"page","link":"https:\/\/gamapartsmx.com\/?page_id=4545","title":{"rendered":"FILTRO DE AIRE PRIMARIO PARA 851NX"},"content":{"rendered":"\t\t<div data-elementor-type=\"wp-page\" data-elementor-id=\"4545\" class=\"elementor elementor-4545\" data-elementor-post-type=\"page\">\n\t\t\t\t<div class=\"elementor-element elementor-element-3410aaee e-flex e-con-boxed e-con e-parent\" data-id=\"3410aaee\" data-element_type=\"container\">\n\t\t\t\t\t<div class=\"e-con-inner\">\n\t\t\t\t<div class=\"elementor-element elementor-element-4818065c elementor-widget elementor-widget-spacer\" data-id=\"4818065c\" data-element_type=\"widget\" data-widget_type=\"spacer.default\">\n\t\t\t\t<div class=\"elementor-widget-container\">\n\t\t\t\t\t<div class=\"elementor-spacer\">\n\t\t\t<div class=\"elementor-spacer-inner\"><\/div>\n\t\t<\/div>\n\t\t\t\t<\/div>\n\t\t\t\t<\/div>\n\t\t\t\t\t<\/div>\n\t\t\t\t<\/div>\n\t\t<div class=\"elementor-element elementor-element-65a58c32 e-flex e-con-boxed e-con e-parent\" data-id=\"65a58c32\" data-element_type=\"container\">\n\t\t\t\t\t<div class=\"e-con-inner\">\n\t\t\t\t<div class=\"elementor-element elementor-element-5a228ff8 elementor-widget elementor-widget-heading\" data-id=\"5a228ff8\" data-element_type=\"widget\" data-widget_type=\"heading.default\">\n\t\t\t\t<div class=\"elementor-widget-container\">\n\t\t\t<h2 class=\"elementor-heading-title elementor-size-default\">FILTRO DE AIRE PRIMARIO PARA CASE 581NX, 770NX.<\/h2>\t\t<\/div>\n\t\t\t\t<\/div>\n\t\t\t\t\t<\/div>\n\t\t\t\t<\/div>\n\t\t<div class=\"elementor-element elementor-element-4e106bb e-flex e-con-boxed e-con e-parent\" data-id=\"4e106bb\" data-element_type=\"container\">\n\t\t\t\t\t<div class=\"e-con-inner\">\n\t\t<div class=\"elementor-element elementor-element-b572d0b e-con-full e-flex e-con e-child\" data-id=\"b572d0b\" data-element_type=\"container\">\n\t\t<div class=\"elementor-element elementor-element-2a77221 e-grid e-con-full e-con e-child\" data-id=\"2a77221\" data-element_type=\"container\">\n\t\t\t\t<div class=\"elementor-element elementor-element-376baa5 elementor-widget elementor-widget-image\" data-id=\"376baa5\" data-element_type=\"widget\" data-widget_type=\"image.default\">\n\t\t\t\t<div class=\"elementor-widget-container\">\n\t\t\t\t\t\t\t\t\t\t\t\t\t<img fetchpriority=\"high\" decoding=\"async\" width=\"2048\" height=\"2048\" src=\"https:\/\/gamapartsmx.com\/wp-content\/uploads\/2026\/03\/FILTRO-DE-AIRE-PRIMARIO-PARA-851NX.jpeg\" class=\"attachment-full size-full wp-image-4458\" alt=\"Filtro de Aire Primario 851NX y 770NX para Maquinaria Pesada Case\" srcset=\"https:\/\/gamapartsmx.com\/wp-content\/uploads\/2026\/03\/FILTRO-DE-AIRE-PRIMARIO-PARA-851NX.jpeg 2048w, https:\/\/gamapartsmx.com\/wp-content\/uploads\/2026\/03\/FILTRO-DE-AIRE-PRIMARIO-PARA-851NX-300x300.jpeg 300w, https:\/\/gamapartsmx.com\/wp-content\/uploads\/2026\/03\/FILTRO-DE-AIRE-PRIMARIO-PARA-851NX-1024x1024.jpeg 1024w, https:\/\/gamapartsmx.com\/wp-content\/uploads\/2026\/03\/FILTRO-DE-AIRE-PRIMARIO-PARA-851NX-150x150.jpeg 150w, https:\/\/gamapartsmx.com\/wp-content\/uploads\/2026\/03\/FILTRO-DE-AIRE-PRIMARIO-PARA-851NX-768x768.jpeg 768w, https:\/\/gamapartsmx.com\/wp-content\/uploads\/2026\/03\/FILTRO-DE-AIRE-PRIMARIO-PARA-851NX-1536x1536.jpeg 1536w, https:\/\/gamapartsmx.com\/wp-content\/uploads\/2026\/03\/FILTRO-DE-AIRE-PRIMARIO-PARA-851NX-1320x1320.jpeg 1320w, https:\/\/gamapartsmx.com\/wp-content\/uploads\/2026\/03\/FILTRO-DE-AIRE-PRIMARIO-PARA-851NX-600x600.jpeg 600w, https:\/\/gamapartsmx.com\/wp-content\/uploads\/2026\/03\/FILTRO-DE-AIRE-PRIMARIO-PARA-851NX-100x100.jpeg 100w\" sizes=\"(max-width: 2048px) 100vw, 2048px\" \/>\t\t\t\t\t\t\t\t\t\t\t\t\t<\/div>\n\t\t\t\t<\/div>\n\t\t\t\t<div class=\"elementor-element elementor-element-3509106 elementor-widget elementor-widget-text-editor\" data-id=\"3509106\" data-element_type=\"widget\" data-widget_type=\"text-editor.default\">\n\t\t\t\t<div class=\"elementor-widget-container\">\n\t\t\t\t\t\t\t<p data-start=\"362\" data-end=\"633\">El <strong data-start=\"365\" data-end=\"406\">filtro de aire primario CASE<\/strong>\u00a0est\u00e1 dise\u00f1ado para proporcionar una filtraci\u00f3n eficiente del aire que ingresa al motor, protegiendo los componentes internos contra polvo, suciedad y part\u00edculas contaminantes que pueden afectar el rendimiento de la maquinaria.<\/p><p data-start=\"635\" data-end=\"903\">Este elemento filtrante es <strong data-start=\"662\" data-end=\"716\">compatible con retroexcavadoras CASE 770NX y 851NX<\/strong>, equipos ampliamente utilizados en trabajos de construcci\u00f3n, movimiento de tierra y aplicaciones industriales donde la protecci\u00f3n del motor es fundamental para mantener la productividad.<\/p><p data-start=\"905\" data-end=\"1232\">El filtro act\u00faa como la <strong data-start=\"929\" data-end=\"981\">primera l\u00ednea de defensa del sistema de admisi\u00f3n<\/strong>, capturando part\u00edculas antes de que ingresen al motor. Su dise\u00f1o permite mantener un flujo de aire adecuado mientras retiene contaminantes, ayudando a conservar la eficiencia del motor, reducir el desgaste interno y prolongar la vida \u00fatil del equipo.<\/p><p data-start=\"1234\" data-end=\"1474\">Fabricado bajo especificaciones OEM, este filtro garantiza <strong data-start=\"1293\" data-end=\"1360\">ajuste preciso, instalaci\u00f3n sencilla y funcionamiento confiable<\/strong> incluso en ambientes de trabajo exigentes como obras, caminos sin pavimentar o zonas con alta presencia de polvo.<\/p><p data-start=\"1476\" data-end=\"1509\"><strong data-start=\"1476\" data-end=\"1509\">Especificaciones del producto<\/strong><\/p><ul data-start=\"1511\" data-end=\"1621\"><li data-section-id=\"q2nv5w\" data-start=\"1511\" data-end=\"1544\"><p data-start=\"1513\" data-end=\"1544\"><strong data-start=\"1513\" data-end=\"1533\">N\u00famero de parte<\/strong><\/p><\/li><li data-section-id=\"i46po7\" data-start=\"1545\" data-end=\"1582\"><p data-start=\"1547\" data-end=\"1582\"><strong data-start=\"1547\" data-end=\"1556\">Tipo:<\/strong> Filtro de aire primario<\/p><\/li><li data-section-id=\"kdgd8s\" data-start=\"1583\" data-end=\"1621\"><p data-start=\"1585\" data-end=\"1621\"><strong data-start=\"1585\" data-end=\"1610\">Cantidad por paquete:<\/strong> 1 unidad<\/p><\/li><\/ul><p data-start=\"1623\" data-end=\"1647\"><strong data-start=\"1623\" data-end=\"1647\">Aplicaciones comunes<\/strong><\/p><ul data-start=\"1649\" data-end=\"1771\"><li data-section-id=\"4ydz8a\" data-start=\"1649\" data-end=\"1667\"><p data-start=\"1651\" data-end=\"1667\">CASE <strong data-start=\"1656\" data-end=\"1665\">770NX<\/strong><\/p><\/li><li data-section-id=\"30npxy\" data-start=\"1668\" data-end=\"1686\"><p data-start=\"1670\" data-end=\"1686\">CASE <strong data-start=\"1675\" data-end=\"1684\">851NX<\/strong><\/p><\/li><li data-section-id=\"1aq2l8d\" data-start=\"1687\" data-end=\"1771\"><p data-start=\"1689\" data-end=\"1771\">Otras aplicaciones en maquinaria CASE seg\u00fan configuraci\u00f3n del sistema de admisi\u00f3n.<\/p><\/li><\/ul><p data-start=\"1773\" data-end=\"1951\">El reemplazo peri\u00f3dico del filtro de aire es esencial para mantener la eficiencia del motor y evitar la entrada de contaminantes que puedan afectar el desempe\u00f1o de la maquinaria.<\/p>\t\t\t\t\t\t<\/div>\n\t\t\t\t<\/div>\n\t\t\t\t<\/div>\n\t\t\t\t<\/div>\n\t\t\t\t\t<\/div>\n\t\t\t\t<\/div>\n\t\t<div class=\"elementor-element elementor-element-65fe224 e-con-full e-flex e-con e-parent\" data-id=\"65fe224\" data-element_type=\"container\">\n\t\t\t\t<div class=\"elementor-element elementor-element-a01b2e0 elementor-cta--skin-cover elementor-animated-content elementor-bg-transform elementor-bg-transform-zoom-in elementor-widget elementor-widget-call-to-action\" data-id=\"a01b2e0\" data-element_type=\"widget\" data-widget_type=\"call-to-action.default\">\n\t\t\t\t<div class=\"elementor-widget-container\">\n\t\t\t\t\t<div class=\"elementor-cta\">\n\t\t\t\t\t<div class=\"elementor-cta__bg-wrapper\">\n\t\t\t\t<div class=\"elementor-cta__bg elementor-bg\" style=\"background-image: url(https:\/\/gamapartsmx.com\/wp-content\/uploads\/2026\/03\/banner-call-center-1.png);\" role=\"img\" aria-label=\"\"><\/div>\n\t\t\t\t<div class=\"elementor-cta__bg-overlay\"><\/div>\n\t\t\t<\/div>\n\t\t\t\t\t\t\t<div class=\"elementor-cta__content\">\n\t\t\t\t\n\t\t\t\t\t\t\t\t\t<h2 class=\"elementor-cta__title elementor-cta__content-item elementor-content-item elementor-animated-item--grow\">\n\t\t\t\t\t\t\u00bfREQUIERES UNA COTIZACION?\t\t\t\t\t<\/h2>\n\t\t\t\t\n\t\t\t\t\t\t\t\t\t<div class=\"elementor-cta__description elementor-cta__content-item elementor-content-item elementor-animated-item--grow\">\n\t\t\t\t\t\tPREGUNTA POR EXISTENCIAS, PRECIO Y DISPONIBILIDAD A TRAVES DE NUESTRA LINEA EN WHATSAPP\t\t\t\t\t<\/div>\n\t\t\t\t\n\t\t\t\t\t\t\t\t\t<div class=\"elementor-cta__button-wrapper elementor-cta__content-item elementor-content-item elementor-animated-item--grow\">\n\t\t\t\t\t<a class=\"elementor-cta__button elementor-button elementor-size-\" href=\"https:\/\/wa.me\/5219936704197\">\n\t\t\t\t\t\tCOTIZA AHORA\t\t\t\t\t<\/a>\n\t\t\t\t\t<\/div>\n\t\t\t\t\t\t\t<\/div>\n\t\t\t\t\t\t<\/div>\n\t\t\t\t<\/div>\n\t\t\t\t<\/div>\n\t\t\t\t<\/div>\n\t\t<div class=\"elementor-element elementor-element-0a016b8 e-flex e-con-boxed e-con e-parent\" data-id=\"0a016b8\" data-element_type=\"container\">\n\t\t\t\t\t<div class=\"e-con-inner\">\n\t\t\t\t<div class=\"elementor-element elementor-element-6afa423 elementor-widget elementor-widget-spacer\" data-id=\"6afa423\" data-element_type=\"widget\" data-widget_type=\"spacer.default\">\n\t\t\t\t<div class=\"elementor-widget-container\">\n\t\t\t\t\t<div class=\"elementor-spacer\">\n\t\t\t<div class=\"elementor-spacer-inner\"><\/div>\n\t\t<\/div>\n\t\t\t\t<\/div>\n\t\t\t\t<\/div>\n\t\t\t\t\t<\/div>\n\t\t\t\t<\/div>\n\t\t\t\t<\/div>\n\t\t","protected":false},"excerpt":{"rendered":"<p>FILTRO DE AIRE PRIMARIO PARA CASE 581NX, 770NX. El filtro de aire primario CASE\u00a0est\u00e1 dise\u00f1ado para proporcionar una filtraci\u00f3n eficiente del aire que ingresa al motor, protegiendo los componentes internos contra polvo, suciedad y part\u00edculas contaminantes que pueden afectar el rendimiento de la maquinaria. Este elemento filtrante es compatible con retroexcavadoras CASE 770NX y 851NX, [&hellip;]<\/p>\n","protected":false},"author":1,"featured_media":0,"parent":0,"menu_order":0,"comment_status":"closed","ping_status":"closed","template":"","meta":{"_monsterinsights_skip_tracking":false,"_monsterinsights_sitenote_active":false,"_monsterinsights_sitenote_note":"","_monsterinsights_sitenote_category":0,"_joinchat":[],"footnotes":""},"class_list":["post-4545","page","type-page","status-publish","hentry"],"yoast_head":"<!-- This site is optimized with the Yoast SEO plugin v21.2 - https:\/\/yoast.com\/wordpress\/plugins\/seo\/ -->\n<title>FILTRO DE AIRE PRIMARIO PARA 851NX - Gama Parts Mx<\/title>\n<meta name=\"robots\" content=\"index, follow, max-snippet:-1, max-image-preview:large, max-video-preview:-1\" \/>\n<link rel=\"canonical\" href=\"https:\/\/gamapartsmx.com\/?page_id=4545\" \/>\n<meta property=\"og:locale\" content=\"es_ES\" \/>\n<meta property=\"og:type\" content=\"article\" \/>\n<meta property=\"og:title\" content=\"FILTRO DE AIRE PRIMARIO PARA 851NX - Gama Parts Mx\" \/>\n<meta property=\"og:description\" content=\"FILTRO DE AIRE PRIMARIO PARA CASE 581NX, 770NX. El filtro de aire primario CASE\u00a0est\u00e1 dise\u00f1ado para proporcionar una filtraci\u00f3n eficiente del aire que ingresa al motor, protegiendo los componentes internos contra polvo, suciedad y part\u00edculas contaminantes que pueden afectar el rendimiento de la maquinaria. Este elemento filtrante es compatible con retroexcavadoras CASE 770NX y 851NX, [&hellip;]\" \/>\n<meta property=\"og:url\" content=\"https:\/\/gamapartsmx.com\/?page_id=4545\" \/>\n<meta property=\"og:site_name\" content=\"Gama Parts Mx\" \/>\n<meta property=\"article:modified_time\" content=\"2026-03-17T17:11:00+00:00\" \/>\n<meta property=\"og:image\" content=\"http:\/\/gamapartsmx.com\/wp-content\/uploads\/2026\/03\/FILTRO-DE-AIRE-PRIMARIO-PARA-851NX.jpeg\" \/>\n<meta name=\"twitter:card\" content=\"summary_large_image\" \/>\n<meta name=\"twitter:label1\" content=\"Tiempo de lectura\" \/>\n\t<meta name=\"twitter:data1\" content=\"2 minutos\" \/>\n<script type=\"application\/ld+json\" class=\"yoast-schema-graph\">{\"@context\":\"https:\/\/schema.org\",\"@graph\":[{\"@type\":\"WebPage\",\"@id\":\"https:\/\/gamapartsmx.com\/?page_id=4545\",\"url\":\"https:\/\/gamapartsmx.com\/?page_id=4545\",\"name\":\"FILTRO DE AIRE PRIMARIO PARA 851NX - Gama Parts Mx\",\"isPartOf\":{\"@id\":\"https:\/\/gamapartsmx.com\/#website\"},\"datePublished\":\"2026-03-12T18:07:40+00:00\",\"dateModified\":\"2026-03-17T17:11:00+00:00\",\"breadcrumb\":{\"@id\":\"https:\/\/gamapartsmx.com\/?page_id=4545#breadcrumb\"},\"inLanguage\":\"es\",\"potentialAction\":[{\"@type\":\"ReadAction\",\"target\":[\"https:\/\/gamapartsmx.com\/?page_id=4545\"]}]},{\"@type\":\"BreadcrumbList\",\"@id\":\"https:\/\/gamapartsmx.com\/?page_id=4545#breadcrumb\",\"itemListElement\":[{\"@type\":\"ListItem\",\"position\":1,\"name\":\"Portada\",\"item\":\"https:\/\/gamapartsmx.com\/\"},{\"@type\":\"ListItem\",\"position\":2,\"name\":\"FILTRO DE AIRE PRIMARIO PARA 851NX\"}]},{\"@type\":\"WebSite\",\"@id\":\"https:\/\/gamapartsmx.com\/#website\",\"url\":\"https:\/\/gamapartsmx.com\/\",\"name\":\"Gama Parts\",\"description\":\"Venta de Refacciones para Maquinaria Pesada dirigida al Sector Industrial y de construcci\u00f3n en Villahermosa, Tabasco.\",\"publisher\":{\"@id\":\"https:\/\/gamapartsmx.com\/#organization\"},\"potentialAction\":[{\"@type\":\"SearchAction\",\"target\":{\"@type\":\"EntryPoint\",\"urlTemplate\":\"https:\/\/gamapartsmx.com\/?s={search_term_string}\"},\"query-input\":\"required name=search_term_string\"}],\"inLanguage\":\"es\"},{\"@type\":\"Organization\",\"@id\":\"https:\/\/gamapartsmx.com\/#organization\",\"name\":\"Gama Parts\",\"url\":\"https:\/\/gamapartsmx.com\/\",\"logo\":{\"@type\":\"ImageObject\",\"inLanguage\":\"es\",\"@id\":\"https:\/\/gamapartsmx.com\/#\/schema\/logo\/image\/\",\"url\":\"https:\/\/gamapartsmx.com\/wp-content\/uploads\/2023\/09\/GAMA-PARTS-LOGO.png\",\"contentUrl\":\"https:\/\/gamapartsmx.com\/wp-content\/uploads\/2023\/09\/GAMA-PARTS-LOGO.png\",\"width\":350,\"height\":100,\"caption\":\"Gama Parts\"},\"image\":{\"@id\":\"https:\/\/gamapartsmx.com\/#\/schema\/logo\/image\/\"}}]}<\/script>\n<!-- \/ Yoast SEO plugin. -->","yoast_head_json":{"title":"FILTRO DE AIRE PRIMARIO PARA 851NX - Gama Parts Mx","robots":{"index":"index","follow":"follow","max-snippet":"max-snippet:-1","max-image-preview":"max-image-preview:large","max-video-preview":"max-video-preview:-1"},"canonical":"https:\/\/gamapartsmx.com\/?page_id=4545","og_locale":"es_ES","og_type":"article","og_title":"FILTRO DE AIRE PRIMARIO PARA 851NX - Gama Parts Mx","og_description":"FILTRO DE AIRE PRIMARIO PARA CASE 581NX, 770NX. El filtro de aire primario CASE\u00a0est\u00e1 dise\u00f1ado para proporcionar una filtraci\u00f3n eficiente del aire que ingresa al motor, protegiendo los componentes internos contra polvo, suciedad y part\u00edculas contaminantes que pueden afectar el rendimiento de la maquinaria. Este elemento filtrante es compatible con retroexcavadoras CASE 770NX y 851NX, [&hellip;]","og_url":"https:\/\/gamapartsmx.com\/?page_id=4545","og_site_name":"Gama Parts Mx","article_modified_time":"2026-03-17T17:11:00+00:00","og_image":[{"url":"http:\/\/gamapartsmx.com\/wp-content\/uploads\/2026\/03\/FILTRO-DE-AIRE-PRIMARIO-PARA-851NX.jpeg"}],"twitter_card":"summary_large_image","twitter_misc":{"Tiempo de lectura":"2 minutos"},"schema":{"@context":"https:\/\/schema.org","@graph":[{"@type":"WebPage","@id":"https:\/\/gamapartsmx.com\/?page_id=4545","url":"https:\/\/gamapartsmx.com\/?page_id=4545","name":"FILTRO DE AIRE PRIMARIO PARA 851NX - Gama Parts Mx","isPartOf":{"@id":"https:\/\/gamapartsmx.com\/#website"},"datePublished":"2026-03-12T18:07:40+00:00","dateModified":"2026-03-17T17:11:00+00:00","breadcrumb":{"@id":"https:\/\/gamapartsmx.com\/?page_id=4545#breadcrumb"},"inLanguage":"es","potentialAction":[{"@type":"ReadAction","target":["https:\/\/gamapartsmx.com\/?page_id=4545"]}]},{"@type":"BreadcrumbList","@id":"https:\/\/gamapartsmx.com\/?page_id=4545#breadcrumb","itemListElement":[{"@type":"ListItem","position":1,"name":"Portada","item":"https:\/\/gamapartsmx.com\/"},{"@type":"ListItem","position":2,"name":"FILTRO DE AIRE PRIMARIO PARA 851NX"}]},{"@type":"WebSite","@id":"https:\/\/gamapartsmx.com\/#website","url":"https:\/\/gamapartsmx.com\/","name":"Gama Parts","description":"Venta de Refacciones para Maquinaria Pesada dirigida al Sector Industrial y de construcci\u00f3n en Villahermosa, Tabasco.","publisher":{"@id":"https:\/\/gamapartsmx.com\/#organization"},"potentialAction":[{"@type":"SearchAction","target":{"@type":"EntryPoint","urlTemplate":"https:\/\/gamapartsmx.com\/?s={search_term_string}"},"query-input":"required name=search_term_string"}],"inLanguage":"es"},{"@type":"Organization","@id":"https:\/\/gamapartsmx.com\/#organization","name":"Gama Parts","url":"https:\/\/gamapartsmx.com\/","logo":{"@type":"ImageObject","inLanguage":"es","@id":"https:\/\/gamapartsmx.com\/#\/schema\/logo\/image\/","url":"https:\/\/gamapartsmx.com\/wp-content\/uploads\/2023\/09\/GAMA-PARTS-LOGO.png","contentUrl":"https:\/\/gamapartsmx.com\/wp-content\/uploads\/2023\/09\/GAMA-PARTS-LOGO.png","width":350,"height":100,"caption":"Gama Parts"},"image":{"@id":"https:\/\/gamapartsmx.com\/#\/schema\/logo\/image\/"}}]}},"_links":{"self":[{"href":"https:\/\/gamapartsmx.com\/index.php?rest_route=\/wp\/v2\/pages\/4545"}],"collection":[{"href":"https:\/\/gamapartsmx.com\/index.php?rest_route=\/wp\/v2\/pages"}],"about":[{"href":"https:\/\/gamapartsmx.com\/index.php?rest_route=\/wp\/v2\/types\/page"}],"author":[{"embeddable":true,"href":"https:\/\/gamapartsmx.com\/index.php?rest_route=\/wp\/v2\/users\/1"}],"replies":[{"embeddable":true,"href":"https:\/\/gamapartsmx.com\/index.php?rest_route=%2Fwp%2Fv2%2Fcomments&post=4545"}],"version-history":[{"count":9,"href":"https:\/\/gamapartsmx.com\/index.php?rest_route=\/wp\/v2\/pages\/4545\/revisions"}],"predecessor-version":[{"id":4586,"href":"https:\/\/gamapartsmx.com\/index.php?rest_route=\/wp\/v2\/pages\/4545\/revisions\/4586"}],"wp:attachment":[{"href":"https:\/\/gamapartsmx.com\/index.php?rest_route=%2Fwp%2Fv2%2Fmedia&parent=4545"}],"curies":[{"name":"wp","href":"https:\/\/api.w.org\/{rel}","templated":true}]}}