{"id":4550,"date":"2026-03-17T16:53:21","date_gmt":"2026-03-17T15:53:21","guid":{"rendered":"https:\/\/gamapartsmx.com\/?page_id=4550"},"modified":"2026-03-17T18:10:20","modified_gmt":"2026-03-17T17:10:20","slug":"filtro-de-aire-secundario-851nx","status":"publish","type":"page","link":"https:\/\/gamapartsmx.com\/?page_id=4550","title":{"rendered":"FILTRO DE AIRE SECUNDARIO PARA 851NX"},"content":{"rendered":"\t\t<div data-elementor-type=\"wp-page\" data-elementor-id=\"4550\" class=\"elementor elementor-4550\" data-elementor-post-type=\"page\">\n\t\t\t\t<div class=\"elementor-element elementor-element-3410aaee e-flex e-con-boxed e-con e-parent\" data-id=\"3410aaee\" data-element_type=\"container\">\n\t\t\t\t\t<div class=\"e-con-inner\">\n\t\t\t\t<div class=\"elementor-element elementor-element-4818065c elementor-widget elementor-widget-spacer\" data-id=\"4818065c\" data-element_type=\"widget\" data-widget_type=\"spacer.default\">\n\t\t\t\t<div class=\"elementor-widget-container\">\n\t\t\t\t\t<div class=\"elementor-spacer\">\n\t\t\t<div class=\"elementor-spacer-inner\"><\/div>\n\t\t<\/div>\n\t\t\t\t<\/div>\n\t\t\t\t<\/div>\n\t\t\t\t\t<\/div>\n\t\t\t\t<\/div>\n\t\t<div class=\"elementor-element elementor-element-65a58c32 e-flex e-con-boxed e-con e-parent\" data-id=\"65a58c32\" data-element_type=\"container\">\n\t\t\t\t\t<div class=\"e-con-inner\">\n\t\t\t\t<div class=\"elementor-element elementor-element-5a228ff8 elementor-widget elementor-widget-heading\" data-id=\"5a228ff8\" data-element_type=\"widget\" data-widget_type=\"heading.default\">\n\t\t\t\t<div class=\"elementor-widget-container\">\n\t\t\t<h2 class=\"elementor-heading-title elementor-size-default\">FILTRO DE AIRE SECUNDARIO CNH PARA CASE 851NX, 770NX.<\/h2>\t\t<\/div>\n\t\t\t\t<\/div>\n\t\t\t\t\t<\/div>\n\t\t\t\t<\/div>\n\t\t<div class=\"elementor-element elementor-element-4e106bb e-flex e-con-boxed e-con e-parent\" data-id=\"4e106bb\" data-element_type=\"container\">\n\t\t\t\t\t<div class=\"e-con-inner\">\n\t\t<div class=\"elementor-element elementor-element-b572d0b e-con-full e-flex e-con e-child\" data-id=\"b572d0b\" data-element_type=\"container\">\n\t\t<div class=\"elementor-element elementor-element-2a77221 e-grid e-con-full e-con e-child\" data-id=\"2a77221\" data-element_type=\"container\">\n\t\t\t\t<div class=\"elementor-element elementor-element-376baa5 elementor-widget elementor-widget-image\" data-id=\"376baa5\" data-element_type=\"widget\" data-widget_type=\"image.default\">\n\t\t\t\t<div class=\"elementor-widget-container\">\n\t\t\t\t\t\t\t\t\t\t\t\t\t<img fetchpriority=\"high\" decoding=\"async\" width=\"2048\" height=\"2048\" src=\"https:\/\/gamapartsmx.com\/wp-content\/uploads\/2026\/03\/FILTRO-DE-AIRE-SECUNDARIO-581NX.jpeg\" class=\"attachment-full size-full wp-image-4459\" alt=\"\" srcset=\"https:\/\/gamapartsmx.com\/wp-content\/uploads\/2026\/03\/FILTRO-DE-AIRE-SECUNDARIO-581NX.jpeg 2048w, https:\/\/gamapartsmx.com\/wp-content\/uploads\/2026\/03\/FILTRO-DE-AIRE-SECUNDARIO-581NX-300x300.jpeg 300w, https:\/\/gamapartsmx.com\/wp-content\/uploads\/2026\/03\/FILTRO-DE-AIRE-SECUNDARIO-581NX-1024x1024.jpeg 1024w, https:\/\/gamapartsmx.com\/wp-content\/uploads\/2026\/03\/FILTRO-DE-AIRE-SECUNDARIO-581NX-150x150.jpeg 150w, https:\/\/gamapartsmx.com\/wp-content\/uploads\/2026\/03\/FILTRO-DE-AIRE-SECUNDARIO-581NX-768x768.jpeg 768w, https:\/\/gamapartsmx.com\/wp-content\/uploads\/2026\/03\/FILTRO-DE-AIRE-SECUNDARIO-581NX-1536x1536.jpeg 1536w, https:\/\/gamapartsmx.com\/wp-content\/uploads\/2026\/03\/FILTRO-DE-AIRE-SECUNDARIO-581NX-1320x1320.jpeg 1320w, https:\/\/gamapartsmx.com\/wp-content\/uploads\/2026\/03\/FILTRO-DE-AIRE-SECUNDARIO-581NX-600x600.jpeg 600w, https:\/\/gamapartsmx.com\/wp-content\/uploads\/2026\/03\/FILTRO-DE-AIRE-SECUNDARIO-581NX-100x100.jpeg 100w\" sizes=\"(max-width: 2048px) 100vw, 2048px\" \/>\t\t\t\t\t\t\t\t\t\t\t\t\t<\/div>\n\t\t\t\t<\/div>\n\t\t\t\t<div class=\"elementor-element elementor-element-3509106 elementor-widget elementor-widget-text-editor\" data-id=\"3509106\" data-element_type=\"widget\" data-widget_type=\"text-editor.default\">\n\t\t\t\t<div class=\"elementor-widget-container\">\n\t\t\t\t\t\t\t<p data-start=\"247\" data-end=\"517\">El <strong data-start=\"250\" data-end=\"293\">filtro de aire secundario CASE<\/strong>\u00a0est\u00e1 dise\u00f1ado para brindar una protecci\u00f3n adicional al sistema de admisi\u00f3n del motor, actuando como una <strong data-start=\"398\" data-end=\"431\">segunda barrera de filtraci\u00f3n<\/strong> que evita el paso de part\u00edculas finas que puedan haber atravesado el filtro primario.<\/p><p data-start=\"519\" data-end=\"753\">Este componente es <strong data-start=\"538\" data-end=\"592\">compatible con retroexcavadoras CASE 770NX y 851NX<\/strong>, equipos sometidos a condiciones de trabajo exigentes donde el control de contaminantes en el aire es clave para mantener la eficiencia y durabilidad del motor.<\/p><p data-start=\"519\" data-end=\"753\">Fabricado bajo est\u00e1ndares OEM, garantiza <strong data-start=\"1152\" data-end=\"1210\">ajuste exacto, sellado eficiente y desempe\u00f1o confiable<\/strong>, asegurando que el aire que llega al motor est\u00e9 completamente limpio incluso en ambientes con alta concentraci\u00f3n de polvo.<\/p><p data-start=\"1335\" data-end=\"1368\"><strong data-start=\"1335\" data-end=\"1368\">Especificaciones del producto<\/strong><\/p><ul data-start=\"1370\" data-end=\"1482\"><li data-section-id=\"q2nv5w\" data-start=\"1370\" data-end=\"1403\"><p data-start=\"1372\" data-end=\"1403\"><strong data-start=\"1372\" data-end=\"1392\">N\u00famero de parte<\/strong><\/p><\/li><li data-section-id=\"1a0dijf\" data-start=\"1404\" data-end=\"1443\"><p data-start=\"1406\" data-end=\"1443\"><strong data-start=\"1406\" data-end=\"1415\">Tipo:<\/strong> Filtro de aire secundario<\/p><\/li><li data-section-id=\"kdgd8s\" data-start=\"1444\" data-end=\"1482\"><p data-start=\"1446\" data-end=\"1482\"><strong data-start=\"1446\" data-end=\"1471\">Cantidad por paquete:<\/strong> 1 unidad<\/p><\/li><\/ul><p data-start=\"1484\" data-end=\"1508\"><strong data-start=\"1484\" data-end=\"1508\">Aplicaciones comunes<\/strong><\/p><ul data-start=\"1510\" data-end=\"1632\"><li data-section-id=\"4ydz8a\" data-start=\"1510\" data-end=\"1528\"><p data-start=\"1512\" data-end=\"1528\">CASE <strong data-start=\"1517\" data-end=\"1526\">770NX<\/strong><\/p><\/li><li data-section-id=\"30npxy\" data-start=\"1529\" data-end=\"1547\"><p data-start=\"1531\" data-end=\"1547\">CASE <strong data-start=\"1536\" data-end=\"1545\">851NX<\/strong><\/p><\/li><li data-section-id=\"1aq2l8d\" data-start=\"1548\" data-end=\"1632\"><p data-start=\"1550\" data-end=\"1632\">Otras aplicaciones en maquinaria CASE seg\u00fan configuraci\u00f3n del sistema de admisi\u00f3n.<\/p><\/li><\/ul><p data-start=\"1634\" data-end=\"1799\">El uso conjunto de filtro primario y secundario en buen estado es fundamental para mantener el rendimiento del motor y reducir costos de mantenimiento a largo plazo.<\/p>\t\t\t\t\t\t<\/div>\n\t\t\t\t<\/div>\n\t\t\t\t<\/div>\n\t\t\t\t<\/div>\n\t\t\t\t\t<\/div>\n\t\t\t\t<\/div>\n\t\t<div class=\"elementor-element elementor-element-65fe224 e-con-full e-flex e-con e-parent\" data-id=\"65fe224\" data-element_type=\"container\">\n\t\t\t\t<div class=\"elementor-element elementor-element-a01b2e0 elementor-cta--skin-cover elementor-animated-content elementor-bg-transform elementor-bg-transform-zoom-in elementor-widget elementor-widget-call-to-action\" data-id=\"a01b2e0\" data-element_type=\"widget\" data-widget_type=\"call-to-action.default\">\n\t\t\t\t<div class=\"elementor-widget-container\">\n\t\t\t\t\t<div class=\"elementor-cta\">\n\t\t\t\t\t<div class=\"elementor-cta__bg-wrapper\">\n\t\t\t\t<div class=\"elementor-cta__bg elementor-bg\" style=\"background-image: url(https:\/\/gamapartsmx.com\/wp-content\/uploads\/2026\/03\/banner-call-center-1.png);\" role=\"img\" aria-label=\"\"><\/div>\n\t\t\t\t<div class=\"elementor-cta__bg-overlay\"><\/div>\n\t\t\t<\/div>\n\t\t\t\t\t\t\t<div class=\"elementor-cta__content\">\n\t\t\t\t\n\t\t\t\t\t\t\t\t\t<h2 class=\"elementor-cta__title elementor-cta__content-item elementor-content-item elementor-animated-item--grow\">\n\t\t\t\t\t\t\u00bfREQUIERES UNA COTIZACION?\t\t\t\t\t<\/h2>\n\t\t\t\t\n\t\t\t\t\t\t\t\t\t<div class=\"elementor-cta__description elementor-cta__content-item elementor-content-item elementor-animated-item--grow\">\n\t\t\t\t\t\tPREGUNTA POR EXISTENCIAS, PRECIO Y DISPONIBILIDAD A TRAVES DE NUESTRA LINEA EN WHATSAPP\t\t\t\t\t<\/div>\n\t\t\t\t\n\t\t\t\t\t\t\t\t\t<div class=\"elementor-cta__button-wrapper elementor-cta__content-item elementor-content-item elementor-animated-item--grow\">\n\t\t\t\t\t<a class=\"elementor-cta__button elementor-button elementor-size-\" href=\"https:\/\/wa.me\/5219936704197\">\n\t\t\t\t\t\tCOTIZA AHORA\t\t\t\t\t<\/a>\n\t\t\t\t\t<\/div>\n\t\t\t\t\t\t\t<\/div>\n\t\t\t\t\t\t<\/div>\n\t\t\t\t<\/div>\n\t\t\t\t<\/div>\n\t\t\t\t<\/div>\n\t\t<div class=\"elementor-element elementor-element-0a016b8 e-flex e-con-boxed e-con e-parent\" data-id=\"0a016b8\" data-element_type=\"container\">\n\t\t\t\t\t<div class=\"e-con-inner\">\n\t\t\t\t<div class=\"elementor-element elementor-element-6afa423 elementor-widget elementor-widget-spacer\" data-id=\"6afa423\" data-element_type=\"widget\" data-widget_type=\"spacer.default\">\n\t\t\t\t<div class=\"elementor-widget-container\">\n\t\t\t\t\t<div class=\"elementor-spacer\">\n\t\t\t<div class=\"elementor-spacer-inner\"><\/div>\n\t\t<\/div>\n\t\t\t\t<\/div>\n\t\t\t\t<\/div>\n\t\t\t\t\t<\/div>\n\t\t\t\t<\/div>\n\t\t\t\t<\/div>\n\t\t","protected":false},"excerpt":{"rendered":"<p>FILTRO DE AIRE SECUNDARIO CNH PARA CASE 851NX, 770NX. El filtro de aire secundario CASE\u00a0est\u00e1 dise\u00f1ado para brindar una protecci\u00f3n adicional al sistema de admisi\u00f3n del motor, actuando como una segunda barrera de filtraci\u00f3n que evita el paso de part\u00edculas finas que puedan haber atravesado el filtro primario. Este componente es compatible con retroexcavadoras CASE [&hellip;]<\/p>\n","protected":false},"author":1,"featured_media":0,"parent":0,"menu_order":0,"comment_status":"closed","ping_status":"closed","template":"","meta":{"_monsterinsights_skip_tracking":false,"_monsterinsights_sitenote_active":false,"_monsterinsights_sitenote_note":"","_monsterinsights_sitenote_category":0,"_joinchat":[],"footnotes":""},"class_list":["post-4550","page","type-page","status-publish","hentry"],"yoast_head":"<!-- This site is optimized with the Yoast SEO plugin v21.2 - https:\/\/yoast.com\/wordpress\/plugins\/seo\/ -->\n<title>FILTRO DE AIRE SECUNDARIO PARA 851NX - Gama Parts Mx<\/title>\n<meta name=\"robots\" content=\"index, follow, max-snippet:-1, max-image-preview:large, max-video-preview:-1\" \/>\n<link rel=\"canonical\" href=\"https:\/\/gamapartsmx.com\/?page_id=4550\" \/>\n<meta property=\"og:locale\" content=\"es_ES\" \/>\n<meta property=\"og:type\" content=\"article\" \/>\n<meta property=\"og:title\" content=\"FILTRO DE AIRE SECUNDARIO PARA 851NX - Gama Parts Mx\" \/>\n<meta property=\"og:description\" content=\"FILTRO DE AIRE SECUNDARIO CNH PARA CASE 851NX, 770NX. El filtro de aire secundario CASE\u00a0est\u00e1 dise\u00f1ado para brindar una protecci\u00f3n adicional al sistema de admisi\u00f3n del motor, actuando como una segunda barrera de filtraci\u00f3n que evita el paso de part\u00edculas finas que puedan haber atravesado el filtro primario. Este componente es compatible con retroexcavadoras CASE [&hellip;]\" \/>\n<meta property=\"og:url\" content=\"https:\/\/gamapartsmx.com\/?page_id=4550\" \/>\n<meta property=\"og:site_name\" content=\"Gama Parts Mx\" \/>\n<meta property=\"article:modified_time\" content=\"2026-03-17T17:10:20+00:00\" \/>\n<meta property=\"og:image\" content=\"http:\/\/gamapartsmx.com\/wp-content\/uploads\/2026\/03\/FILTRO-DE-AIRE-SECUNDARIO-581NX.jpeg\" \/>\n<meta name=\"twitter:card\" content=\"summary_large_image\" \/>\n<meta name=\"twitter:label1\" content=\"Tiempo de lectura\" \/>\n\t<meta name=\"twitter:data1\" content=\"2 minutos\" \/>\n<script type=\"application\/ld+json\" class=\"yoast-schema-graph\">{\"@context\":\"https:\/\/schema.org\",\"@graph\":[{\"@type\":\"WebPage\",\"@id\":\"https:\/\/gamapartsmx.com\/?page_id=4550\",\"url\":\"https:\/\/gamapartsmx.com\/?page_id=4550\",\"name\":\"FILTRO DE AIRE SECUNDARIO PARA 851NX - Gama Parts Mx\",\"isPartOf\":{\"@id\":\"https:\/\/gamapartsmx.com\/#website\"},\"datePublished\":\"2026-03-17T15:53:21+00:00\",\"dateModified\":\"2026-03-17T17:10:20+00:00\",\"breadcrumb\":{\"@id\":\"https:\/\/gamapartsmx.com\/?page_id=4550#breadcrumb\"},\"inLanguage\":\"es\",\"potentialAction\":[{\"@type\":\"ReadAction\",\"target\":[\"https:\/\/gamapartsmx.com\/?page_id=4550\"]}]},{\"@type\":\"BreadcrumbList\",\"@id\":\"https:\/\/gamapartsmx.com\/?page_id=4550#breadcrumb\",\"itemListElement\":[{\"@type\":\"ListItem\",\"position\":1,\"name\":\"Portada\",\"item\":\"https:\/\/gamapartsmx.com\/\"},{\"@type\":\"ListItem\",\"position\":2,\"name\":\"FILTRO DE AIRE SECUNDARIO PARA 851NX\"}]},{\"@type\":\"WebSite\",\"@id\":\"https:\/\/gamapartsmx.com\/#website\",\"url\":\"https:\/\/gamapartsmx.com\/\",\"name\":\"Gama Parts\",\"description\":\"Venta de Refacciones para Maquinaria Pesada dirigida al Sector Industrial y de construcci\u00f3n en Villahermosa, Tabasco.\",\"publisher\":{\"@id\":\"https:\/\/gamapartsmx.com\/#organization\"},\"potentialAction\":[{\"@type\":\"SearchAction\",\"target\":{\"@type\":\"EntryPoint\",\"urlTemplate\":\"https:\/\/gamapartsmx.com\/?s={search_term_string}\"},\"query-input\":\"required name=search_term_string\"}],\"inLanguage\":\"es\"},{\"@type\":\"Organization\",\"@id\":\"https:\/\/gamapartsmx.com\/#organization\",\"name\":\"Gama Parts\",\"url\":\"https:\/\/gamapartsmx.com\/\",\"logo\":{\"@type\":\"ImageObject\",\"inLanguage\":\"es\",\"@id\":\"https:\/\/gamapartsmx.com\/#\/schema\/logo\/image\/\",\"url\":\"https:\/\/gamapartsmx.com\/wp-content\/uploads\/2023\/09\/GAMA-PARTS-LOGO.png\",\"contentUrl\":\"https:\/\/gamapartsmx.com\/wp-content\/uploads\/2023\/09\/GAMA-PARTS-LOGO.png\",\"width\":350,\"height\":100,\"caption\":\"Gama Parts\"},\"image\":{\"@id\":\"https:\/\/gamapartsmx.com\/#\/schema\/logo\/image\/\"}}]}<\/script>\n<!-- \/ Yoast SEO plugin. -->","yoast_head_json":{"title":"FILTRO DE AIRE SECUNDARIO PARA 851NX - Gama Parts Mx","robots":{"index":"index","follow":"follow","max-snippet":"max-snippet:-1","max-image-preview":"max-image-preview:large","max-video-preview":"max-video-preview:-1"},"canonical":"https:\/\/gamapartsmx.com\/?page_id=4550","og_locale":"es_ES","og_type":"article","og_title":"FILTRO DE AIRE SECUNDARIO PARA 851NX - Gama Parts Mx","og_description":"FILTRO DE AIRE SECUNDARIO CNH PARA CASE 851NX, 770NX. El filtro de aire secundario CASE\u00a0est\u00e1 dise\u00f1ado para brindar una protecci\u00f3n adicional al sistema de admisi\u00f3n del motor, actuando como una segunda barrera de filtraci\u00f3n que evita el paso de part\u00edculas finas que puedan haber atravesado el filtro primario. Este componente es compatible con retroexcavadoras CASE [&hellip;]","og_url":"https:\/\/gamapartsmx.com\/?page_id=4550","og_site_name":"Gama Parts Mx","article_modified_time":"2026-03-17T17:10:20+00:00","og_image":[{"url":"http:\/\/gamapartsmx.com\/wp-content\/uploads\/2026\/03\/FILTRO-DE-AIRE-SECUNDARIO-581NX.jpeg"}],"twitter_card":"summary_large_image","twitter_misc":{"Tiempo de lectura":"2 minutos"},"schema":{"@context":"https:\/\/schema.org","@graph":[{"@type":"WebPage","@id":"https:\/\/gamapartsmx.com\/?page_id=4550","url":"https:\/\/gamapartsmx.com\/?page_id=4550","name":"FILTRO DE AIRE SECUNDARIO PARA 851NX - Gama Parts Mx","isPartOf":{"@id":"https:\/\/gamapartsmx.com\/#website"},"datePublished":"2026-03-17T15:53:21+00:00","dateModified":"2026-03-17T17:10:20+00:00","breadcrumb":{"@id":"https:\/\/gamapartsmx.com\/?page_id=4550#breadcrumb"},"inLanguage":"es","potentialAction":[{"@type":"ReadAction","target":["https:\/\/gamapartsmx.com\/?page_id=4550"]}]},{"@type":"BreadcrumbList","@id":"https:\/\/gamapartsmx.com\/?page_id=4550#breadcrumb","itemListElement":[{"@type":"ListItem","position":1,"name":"Portada","item":"https:\/\/gamapartsmx.com\/"},{"@type":"ListItem","position":2,"name":"FILTRO DE AIRE SECUNDARIO PARA 851NX"}]},{"@type":"WebSite","@id":"https:\/\/gamapartsmx.com\/#website","url":"https:\/\/gamapartsmx.com\/","name":"Gama Parts","description":"Venta de Refacciones para Maquinaria Pesada dirigida al Sector Industrial y de construcci\u00f3n en Villahermosa, Tabasco.","publisher":{"@id":"https:\/\/gamapartsmx.com\/#organization"},"potentialAction":[{"@type":"SearchAction","target":{"@type":"EntryPoint","urlTemplate":"https:\/\/gamapartsmx.com\/?s={search_term_string}"},"query-input":"required name=search_term_string"}],"inLanguage":"es"},{"@type":"Organization","@id":"https:\/\/gamapartsmx.com\/#organization","name":"Gama Parts","url":"https:\/\/gamapartsmx.com\/","logo":{"@type":"ImageObject","inLanguage":"es","@id":"https:\/\/gamapartsmx.com\/#\/schema\/logo\/image\/","url":"https:\/\/gamapartsmx.com\/wp-content\/uploads\/2023\/09\/GAMA-PARTS-LOGO.png","contentUrl":"https:\/\/gamapartsmx.com\/wp-content\/uploads\/2023\/09\/GAMA-PARTS-LOGO.png","width":350,"height":100,"caption":"Gama Parts"},"image":{"@id":"https:\/\/gamapartsmx.com\/#\/schema\/logo\/image\/"}}]}},"_links":{"self":[{"href":"https:\/\/gamapartsmx.com\/index.php?rest_route=\/wp\/v2\/pages\/4550"}],"collection":[{"href":"https:\/\/gamapartsmx.com\/index.php?rest_route=\/wp\/v2\/pages"}],"about":[{"href":"https:\/\/gamapartsmx.com\/index.php?rest_route=\/wp\/v2\/types\/page"}],"author":[{"embeddable":true,"href":"https:\/\/gamapartsmx.com\/index.php?rest_route=\/wp\/v2\/users\/1"}],"replies":[{"embeddable":true,"href":"https:\/\/gamapartsmx.com\/index.php?rest_route=%2Fwp%2Fv2%2Fcomments&post=4550"}],"version-history":[{"count":8,"href":"https:\/\/gamapartsmx.com\/index.php?rest_route=\/wp\/v2\/pages\/4550\/revisions"}],"predecessor-version":[{"id":4583,"href":"https:\/\/gamapartsmx.com\/index.php?rest_route=\/wp\/v2\/pages\/4550\/revisions\/4583"}],"wp:attachment":[{"href":"https:\/\/gamapartsmx.com\/index.php?rest_route=%2Fwp%2Fv2%2Fmedia&parent=4550"}],"curies":[{"name":"wp","href":"https:\/\/api.w.org\/{rel}","templated":true}]}}