{"id":4575,"date":"2026-03-17T18:04:04","date_gmt":"2026-03-17T17:04:04","guid":{"rendered":"https:\/\/gamapartsmx.com\/?page_id=4575"},"modified":"2026-03-17T18:08:47","modified_gmt":"2026-03-17T17:08:47","slug":"filtro-de-combustible-cnh-para-851nx","status":"publish","type":"page","link":"https:\/\/gamapartsmx.com\/?page_id=4575","title":{"rendered":"FILTRO DE COMBUSTIBLE PARA 851NX"},"content":{"rendered":"\t\t<div data-elementor-type=\"wp-page\" data-elementor-id=\"4575\" class=\"elementor elementor-4575\" data-elementor-post-type=\"page\">\n\t\t\t\t<div class=\"elementor-element elementor-element-3410aaee e-flex e-con-boxed e-con e-parent\" data-id=\"3410aaee\" data-element_type=\"container\">\n\t\t\t\t\t<div class=\"e-con-inner\">\n\t\t\t\t<div class=\"elementor-element elementor-element-4818065c elementor-widget elementor-widget-spacer\" data-id=\"4818065c\" data-element_type=\"widget\" data-widget_type=\"spacer.default\">\n\t\t\t\t<div class=\"elementor-widget-container\">\n\t\t\t\t\t<div class=\"elementor-spacer\">\n\t\t\t<div class=\"elementor-spacer-inner\"><\/div>\n\t\t<\/div>\n\t\t\t\t<\/div>\n\t\t\t\t<\/div>\n\t\t\t\t\t<\/div>\n\t\t\t\t<\/div>\n\t\t<div class=\"elementor-element elementor-element-65a58c32 e-flex e-con-boxed e-con e-parent\" data-id=\"65a58c32\" data-element_type=\"container\">\n\t\t\t\t\t<div class=\"e-con-inner\">\n\t\t\t\t<div class=\"elementor-element elementor-element-5a228ff8 elementor-widget elementor-widget-heading\" data-id=\"5a228ff8\" data-element_type=\"widget\" data-widget_type=\"heading.default\">\n\t\t\t\t<div class=\"elementor-widget-container\">\n\t\t\t<h2 class=\"elementor-heading-title elementor-size-default\">FILTRO DE COMBUSTIBLE CNH PARA CASE 851NX, 770NX.<\/h2>\t\t<\/div>\n\t\t\t\t<\/div>\n\t\t\t\t\t<\/div>\n\t\t\t\t<\/div>\n\t\t<div class=\"elementor-element elementor-element-4e106bb e-flex e-con-boxed e-con e-parent\" data-id=\"4e106bb\" data-element_type=\"container\">\n\t\t\t\t\t<div class=\"e-con-inner\">\n\t\t<div class=\"elementor-element elementor-element-b572d0b e-con-full e-flex e-con e-child\" data-id=\"b572d0b\" data-element_type=\"container\">\n\t\t<div class=\"elementor-element elementor-element-2a77221 e-grid e-con-full e-con e-child\" data-id=\"2a77221\" data-element_type=\"container\">\n\t\t\t\t<div class=\"elementor-element elementor-element-376baa5 elementor-widget elementor-widget-image\" data-id=\"376baa5\" data-element_type=\"widget\" data-widget_type=\"image.default\">\n\t\t\t\t<div class=\"elementor-widget-container\">\n\t\t\t\t\t\t\t\t\t\t\t\t\t<img fetchpriority=\"high\" decoding=\"async\" width=\"1890\" height=\"1890\" src=\"https:\/\/gamapartsmx.com\/wp-content\/uploads\/2026\/03\/8.jpg\" class=\"attachment-full size-full wp-image-4494\" alt=\"\" srcset=\"https:\/\/gamapartsmx.com\/wp-content\/uploads\/2026\/03\/8.jpg 1890w, https:\/\/gamapartsmx.com\/wp-content\/uploads\/2026\/03\/8-300x300.jpg 300w, https:\/\/gamapartsmx.com\/wp-content\/uploads\/2026\/03\/8-1024x1024.jpg 1024w, https:\/\/gamapartsmx.com\/wp-content\/uploads\/2026\/03\/8-150x150.jpg 150w, https:\/\/gamapartsmx.com\/wp-content\/uploads\/2026\/03\/8-768x768.jpg 768w, https:\/\/gamapartsmx.com\/wp-content\/uploads\/2026\/03\/8-1536x1536.jpg 1536w, https:\/\/gamapartsmx.com\/wp-content\/uploads\/2026\/03\/8-1320x1320.jpg 1320w, https:\/\/gamapartsmx.com\/wp-content\/uploads\/2026\/03\/8-600x600.jpg 600w, https:\/\/gamapartsmx.com\/wp-content\/uploads\/2026\/03\/8-100x100.jpg 100w\" sizes=\"(max-width: 1890px) 100vw, 1890px\" \/>\t\t\t\t\t\t\t\t\t\t\t\t\t<\/div>\n\t\t\t\t<\/div>\n\t\t\t\t<div class=\"elementor-element elementor-element-3509106 elementor-widget elementor-widget-text-editor\" data-id=\"3509106\" data-element_type=\"widget\" data-widget_type=\"text-editor.default\">\n\t\t\t\t<div class=\"elementor-widget-container\">\n\t\t\t\t\t\t\t<p data-start=\"258\" data-end=\"516\">El <strong data-start=\"261\" data-end=\"302\">filtro de combustible CASE<\/strong>\u00a0est\u00e1 dise\u00f1ado para garantizar un suministro de di\u00e9sel limpio y libre de contaminantes hacia el sistema de inyecci\u00f3n, protegiendo componentes cr\u00edticos como inyectores, bomba de combustible y l\u00edneas de alimentaci\u00f3n.<\/p><p data-start=\"518\" data-end=\"733\">Este cartucho es <strong data-start=\"535\" data-end=\"589\">compatible con retroexcavadoras CASE 770NX y 851NX<\/strong>, maquinaria que opera en condiciones exigentes donde la calidad del combustible es clave para mantener el rendimiento y evitar fallas costosas.<\/p><p data-start=\"518\" data-end=\"733\">Su funci\u00f3n principal es <strong data-start=\"759\" data-end=\"841\">filtrar part\u00edculas, sedimentos y posibles residuos presentes en el combustible<\/strong>, evitando que estos lleguen al sistema de inyecci\u00f3n. Esto permite una combusti\u00f3n m\u00e1s eficiente, mejor desempe\u00f1o del motor y una mayor vida \u00fatil de los componentes.<\/p><p data-start=\"1261\" data-end=\"1294\"><strong data-start=\"1261\" data-end=\"1294\">Especificaciones del producto<\/strong><\/p><ul data-start=\"1296\" data-end=\"1513\"><li data-section-id=\"sw37ns\" data-start=\"1296\" data-end=\"1331\"><p data-start=\"1298\" data-end=\"1331\"><strong data-start=\"1298\" data-end=\"1318\">N\u00famero de parte<\/strong><\/p><\/li><li data-section-id=\"1d8tkvc\" data-start=\"1332\" data-end=\"1367\"><p data-start=\"1334\" data-end=\"1367\"><strong data-start=\"1334\" data-end=\"1343\">Tipo:<\/strong> Filtro de combustible<\/p><\/li><li data-section-id=\"15t3495\" data-start=\"1368\" data-end=\"1389\"><p data-start=\"1370\" data-end=\"1389\"><strong data-start=\"1370\" data-end=\"1379\">Peso:<\/strong> 0.88 kg<\/p><\/li><li data-section-id=\"1ps2sha\" data-start=\"1390\" data-end=\"1474\"><p data-start=\"1392\" data-end=\"1410\"><strong data-start=\"1392\" data-end=\"1408\">Dimensiones:<\/strong><\/p><ul data-start=\"1413\" data-end=\"1474\"><li data-section-id=\"3crut\" data-start=\"1413\" data-end=\"1433\"><p data-start=\"1415\" data-end=\"1433\">Longitud: 100 mm<\/p><\/li><li data-section-id=\"15zxrhk\" data-start=\"1436\" data-end=\"1453\"><p data-start=\"1438\" data-end=\"1453\">Ancho: 100 mm<\/p><\/li><li data-section-id=\"1ny1mig\" data-start=\"1456\" data-end=\"1474\"><p data-start=\"1458\" data-end=\"1474\">Altura: 225 mm<\/p><\/li><\/ul><\/li><li data-section-id=\"kdgd8s\" data-start=\"1475\" data-end=\"1513\"><p data-start=\"1477\" data-end=\"1513\"><strong data-start=\"1477\" data-end=\"1502\">Cantidad por paquete:<\/strong> 1 unidad<\/p><\/li><\/ul><p data-start=\"1515\" data-end=\"1539\"><strong data-start=\"1515\" data-end=\"1539\">Aplicaciones comunes<\/strong><\/p><ul data-start=\"1541\" data-end=\"1666\"><li data-section-id=\"4ydz8a\" data-start=\"1541\" data-end=\"1559\"><p data-start=\"1543\" data-end=\"1559\">CASE <strong data-start=\"1548\" data-end=\"1557\">770NX<\/strong><\/p><\/li><li data-section-id=\"30npxy\" data-start=\"1560\" data-end=\"1578\"><p data-start=\"1562\" data-end=\"1578\">CASE <strong data-start=\"1567\" data-end=\"1576\">851NX<\/strong><\/p><\/li><li data-section-id=\"ei9t4\" data-start=\"1579\" data-end=\"1666\"><p data-start=\"1581\" data-end=\"1666\">Otras aplicaciones en maquinaria CASE seg\u00fan configuraci\u00f3n del sistema de combustible.<\/p><\/li><\/ul>\t\t\t\t\t\t<\/div>\n\t\t\t\t<\/div>\n\t\t\t\t<\/div>\n\t\t\t\t<\/div>\n\t\t\t\t\t<\/div>\n\t\t\t\t<\/div>\n\t\t<div class=\"elementor-element elementor-element-65fe224 e-con-full e-flex e-con e-parent\" data-id=\"65fe224\" data-element_type=\"container\">\n\t\t\t\t<div class=\"elementor-element elementor-element-a01b2e0 elementor-cta--skin-cover elementor-animated-content elementor-bg-transform elementor-bg-transform-zoom-in elementor-widget elementor-widget-call-to-action\" data-id=\"a01b2e0\" data-element_type=\"widget\" data-widget_type=\"call-to-action.default\">\n\t\t\t\t<div class=\"elementor-widget-container\">\n\t\t\t\t\t<div class=\"elementor-cta\">\n\t\t\t\t\t<div class=\"elementor-cta__bg-wrapper\">\n\t\t\t\t<div class=\"elementor-cta__bg elementor-bg\" style=\"background-image: url(https:\/\/gamapartsmx.com\/wp-content\/uploads\/2026\/03\/banner-call-center-1.png);\" role=\"img\" aria-label=\"\"><\/div>\n\t\t\t\t<div class=\"elementor-cta__bg-overlay\"><\/div>\n\t\t\t<\/div>\n\t\t\t\t\t\t\t<div class=\"elementor-cta__content\">\n\t\t\t\t\n\t\t\t\t\t\t\t\t\t<h2 class=\"elementor-cta__title elementor-cta__content-item elementor-content-item elementor-animated-item--grow\">\n\t\t\t\t\t\t\u00bfREQUIERES UNA COTIZACION?\t\t\t\t\t<\/h2>\n\t\t\t\t\n\t\t\t\t\t\t\t\t\t<div class=\"elementor-cta__description elementor-cta__content-item elementor-content-item elementor-animated-item--grow\">\n\t\t\t\t\t\tPREGUNTA POR EXISTENCIAS, PRECIO Y DISPONIBILIDAD A TRAVES DE NUESTRA LINEA EN WHATSAPP\t\t\t\t\t<\/div>\n\t\t\t\t\n\t\t\t\t\t\t\t\t\t<div class=\"elementor-cta__button-wrapper elementor-cta__content-item elementor-content-item elementor-animated-item--grow\">\n\t\t\t\t\t<a class=\"elementor-cta__button elementor-button elementor-size-\" href=\"https:\/\/wa.me\/5219936704197\">\n\t\t\t\t\t\tCOTIZA AHORA\t\t\t\t\t<\/a>\n\t\t\t\t\t<\/div>\n\t\t\t\t\t\t\t<\/div>\n\t\t\t\t\t\t<\/div>\n\t\t\t\t<\/div>\n\t\t\t\t<\/div>\n\t\t\t\t<\/div>\n\t\t<div class=\"elementor-element elementor-element-0a016b8 e-flex e-con-boxed e-con e-parent\" data-id=\"0a016b8\" data-element_type=\"container\">\n\t\t\t\t\t<div class=\"e-con-inner\">\n\t\t\t\t<div class=\"elementor-element elementor-element-6afa423 elementor-widget elementor-widget-spacer\" data-id=\"6afa423\" data-element_type=\"widget\" data-widget_type=\"spacer.default\">\n\t\t\t\t<div class=\"elementor-widget-container\">\n\t\t\t\t\t<div class=\"elementor-spacer\">\n\t\t\t<div class=\"elementor-spacer-inner\"><\/div>\n\t\t<\/div>\n\t\t\t\t<\/div>\n\t\t\t\t<\/div>\n\t\t\t\t\t<\/div>\n\t\t\t\t<\/div>\n\t\t\t\t<\/div>\n\t\t","protected":false},"excerpt":{"rendered":"<p>FILTRO DE COMBUSTIBLE CNH PARA CASE 851NX, 770NX. El filtro de combustible CASE\u00a0est\u00e1 dise\u00f1ado para garantizar un suministro de di\u00e9sel limpio y libre de contaminantes hacia el sistema de inyecci\u00f3n, protegiendo componentes cr\u00edticos como inyectores, bomba de combustible y l\u00edneas de alimentaci\u00f3n. Este cartucho es compatible con retroexcavadoras CASE 770NX y 851NX, maquinaria que opera [&hellip;]<\/p>\n","protected":false},"author":1,"featured_media":0,"parent":0,"menu_order":0,"comment_status":"closed","ping_status":"closed","template":"","meta":{"_monsterinsights_skip_tracking":false,"_monsterinsights_sitenote_active":false,"_monsterinsights_sitenote_note":"","_monsterinsights_sitenote_category":0,"_joinchat":[],"footnotes":""},"class_list":["post-4575","page","type-page","status-publish","hentry"],"yoast_head":"<!-- This site is optimized with the Yoast SEO plugin v21.2 - https:\/\/yoast.com\/wordpress\/plugins\/seo\/ -->\n<title>FILTRO DE COMBUSTIBLE PARA 851NX - Gama Parts Mx<\/title>\n<meta name=\"robots\" content=\"index, follow, max-snippet:-1, max-image-preview:large, max-video-preview:-1\" \/>\n<link rel=\"canonical\" href=\"https:\/\/gamapartsmx.com\/?page_id=4575\" \/>\n<meta property=\"og:locale\" content=\"es_ES\" \/>\n<meta property=\"og:type\" content=\"article\" \/>\n<meta property=\"og:title\" content=\"FILTRO DE COMBUSTIBLE PARA 851NX - Gama Parts Mx\" \/>\n<meta property=\"og:description\" content=\"FILTRO DE COMBUSTIBLE CNH PARA CASE 851NX, 770NX. El filtro de combustible CASE\u00a0est\u00e1 dise\u00f1ado para garantizar un suministro de di\u00e9sel limpio y libre de contaminantes hacia el sistema de inyecci\u00f3n, protegiendo componentes cr\u00edticos como inyectores, bomba de combustible y l\u00edneas de alimentaci\u00f3n. Este cartucho es compatible con retroexcavadoras CASE 770NX y 851NX, maquinaria que opera [&hellip;]\" \/>\n<meta property=\"og:url\" content=\"https:\/\/gamapartsmx.com\/?page_id=4575\" \/>\n<meta property=\"og:site_name\" content=\"Gama Parts Mx\" \/>\n<meta property=\"article:modified_time\" content=\"2026-03-17T17:08:47+00:00\" \/>\n<meta property=\"og:image\" content=\"http:\/\/gamapartsmx.com\/wp-content\/uploads\/2026\/03\/8.jpg\" \/>\n<meta name=\"twitter:card\" content=\"summary_large_image\" \/>\n<meta name=\"twitter:label1\" content=\"Tiempo de lectura\" \/>\n\t<meta name=\"twitter:data1\" content=\"2 minutos\" \/>\n<script type=\"application\/ld+json\" class=\"yoast-schema-graph\">{\"@context\":\"https:\/\/schema.org\",\"@graph\":[{\"@type\":\"WebPage\",\"@id\":\"https:\/\/gamapartsmx.com\/?page_id=4575\",\"url\":\"https:\/\/gamapartsmx.com\/?page_id=4575\",\"name\":\"FILTRO DE COMBUSTIBLE PARA 851NX - Gama Parts Mx\",\"isPartOf\":{\"@id\":\"https:\/\/gamapartsmx.com\/#website\"},\"datePublished\":\"2026-03-17T17:04:04+00:00\",\"dateModified\":\"2026-03-17T17:08:47+00:00\",\"breadcrumb\":{\"@id\":\"https:\/\/gamapartsmx.com\/?page_id=4575#breadcrumb\"},\"inLanguage\":\"es\",\"potentialAction\":[{\"@type\":\"ReadAction\",\"target\":[\"https:\/\/gamapartsmx.com\/?page_id=4575\"]}]},{\"@type\":\"BreadcrumbList\",\"@id\":\"https:\/\/gamapartsmx.com\/?page_id=4575#breadcrumb\",\"itemListElement\":[{\"@type\":\"ListItem\",\"position\":1,\"name\":\"Portada\",\"item\":\"https:\/\/gamapartsmx.com\/\"},{\"@type\":\"ListItem\",\"position\":2,\"name\":\"FILTRO DE COMBUSTIBLE PARA 851NX\"}]},{\"@type\":\"WebSite\",\"@id\":\"https:\/\/gamapartsmx.com\/#website\",\"url\":\"https:\/\/gamapartsmx.com\/\",\"name\":\"Gama Parts\",\"description\":\"Venta de Refacciones para Maquinaria Pesada dirigida al Sector Industrial y de construcci\u00f3n en Villahermosa, Tabasco.\",\"publisher\":{\"@id\":\"https:\/\/gamapartsmx.com\/#organization\"},\"potentialAction\":[{\"@type\":\"SearchAction\",\"target\":{\"@type\":\"EntryPoint\",\"urlTemplate\":\"https:\/\/gamapartsmx.com\/?s={search_term_string}\"},\"query-input\":\"required name=search_term_string\"}],\"inLanguage\":\"es\"},{\"@type\":\"Organization\",\"@id\":\"https:\/\/gamapartsmx.com\/#organization\",\"name\":\"Gama Parts\",\"url\":\"https:\/\/gamapartsmx.com\/\",\"logo\":{\"@type\":\"ImageObject\",\"inLanguage\":\"es\",\"@id\":\"https:\/\/gamapartsmx.com\/#\/schema\/logo\/image\/\",\"url\":\"https:\/\/gamapartsmx.com\/wp-content\/uploads\/2023\/09\/GAMA-PARTS-LOGO.png\",\"contentUrl\":\"https:\/\/gamapartsmx.com\/wp-content\/uploads\/2023\/09\/GAMA-PARTS-LOGO.png\",\"width\":350,\"height\":100,\"caption\":\"Gama Parts\"},\"image\":{\"@id\":\"https:\/\/gamapartsmx.com\/#\/schema\/logo\/image\/\"}}]}<\/script>\n<!-- \/ Yoast SEO plugin. -->","yoast_head_json":{"title":"FILTRO DE COMBUSTIBLE PARA 851NX - Gama Parts Mx","robots":{"index":"index","follow":"follow","max-snippet":"max-snippet:-1","max-image-preview":"max-image-preview:large","max-video-preview":"max-video-preview:-1"},"canonical":"https:\/\/gamapartsmx.com\/?page_id=4575","og_locale":"es_ES","og_type":"article","og_title":"FILTRO DE COMBUSTIBLE PARA 851NX - Gama Parts Mx","og_description":"FILTRO DE COMBUSTIBLE CNH PARA CASE 851NX, 770NX. El filtro de combustible CASE\u00a0est\u00e1 dise\u00f1ado para garantizar un suministro de di\u00e9sel limpio y libre de contaminantes hacia el sistema de inyecci\u00f3n, protegiendo componentes cr\u00edticos como inyectores, bomba de combustible y l\u00edneas de alimentaci\u00f3n. Este cartucho es compatible con retroexcavadoras CASE 770NX y 851NX, maquinaria que opera [&hellip;]","og_url":"https:\/\/gamapartsmx.com\/?page_id=4575","og_site_name":"Gama Parts Mx","article_modified_time":"2026-03-17T17:08:47+00:00","og_image":[{"url":"http:\/\/gamapartsmx.com\/wp-content\/uploads\/2026\/03\/8.jpg"}],"twitter_card":"summary_large_image","twitter_misc":{"Tiempo de lectura":"2 minutos"},"schema":{"@context":"https:\/\/schema.org","@graph":[{"@type":"WebPage","@id":"https:\/\/gamapartsmx.com\/?page_id=4575","url":"https:\/\/gamapartsmx.com\/?page_id=4575","name":"FILTRO DE COMBUSTIBLE PARA 851NX - Gama Parts Mx","isPartOf":{"@id":"https:\/\/gamapartsmx.com\/#website"},"datePublished":"2026-03-17T17:04:04+00:00","dateModified":"2026-03-17T17:08:47+00:00","breadcrumb":{"@id":"https:\/\/gamapartsmx.com\/?page_id=4575#breadcrumb"},"inLanguage":"es","potentialAction":[{"@type":"ReadAction","target":["https:\/\/gamapartsmx.com\/?page_id=4575"]}]},{"@type":"BreadcrumbList","@id":"https:\/\/gamapartsmx.com\/?page_id=4575#breadcrumb","itemListElement":[{"@type":"ListItem","position":1,"name":"Portada","item":"https:\/\/gamapartsmx.com\/"},{"@type":"ListItem","position":2,"name":"FILTRO DE COMBUSTIBLE PARA 851NX"}]},{"@type":"WebSite","@id":"https:\/\/gamapartsmx.com\/#website","url":"https:\/\/gamapartsmx.com\/","name":"Gama Parts","description":"Venta de Refacciones para Maquinaria Pesada dirigida al Sector Industrial y de construcci\u00f3n en Villahermosa, Tabasco.","publisher":{"@id":"https:\/\/gamapartsmx.com\/#organization"},"potentialAction":[{"@type":"SearchAction","target":{"@type":"EntryPoint","urlTemplate":"https:\/\/gamapartsmx.com\/?s={search_term_string}"},"query-input":"required name=search_term_string"}],"inLanguage":"es"},{"@type":"Organization","@id":"https:\/\/gamapartsmx.com\/#organization","name":"Gama Parts","url":"https:\/\/gamapartsmx.com\/","logo":{"@type":"ImageObject","inLanguage":"es","@id":"https:\/\/gamapartsmx.com\/#\/schema\/logo\/image\/","url":"https:\/\/gamapartsmx.com\/wp-content\/uploads\/2023\/09\/GAMA-PARTS-LOGO.png","contentUrl":"https:\/\/gamapartsmx.com\/wp-content\/uploads\/2023\/09\/GAMA-PARTS-LOGO.png","width":350,"height":100,"caption":"Gama Parts"},"image":{"@id":"https:\/\/gamapartsmx.com\/#\/schema\/logo\/image\/"}}]}},"_links":{"self":[{"href":"https:\/\/gamapartsmx.com\/index.php?rest_route=\/wp\/v2\/pages\/4575"}],"collection":[{"href":"https:\/\/gamapartsmx.com\/index.php?rest_route=\/wp\/v2\/pages"}],"about":[{"href":"https:\/\/gamapartsmx.com\/index.php?rest_route=\/wp\/v2\/types\/page"}],"author":[{"embeddable":true,"href":"https:\/\/gamapartsmx.com\/index.php?rest_route=\/wp\/v2\/users\/1"}],"replies":[{"embeddable":true,"href":"https:\/\/gamapartsmx.com\/index.php?rest_route=%2Fwp%2Fv2%2Fcomments&post=4575"}],"version-history":[{"count":5,"href":"https:\/\/gamapartsmx.com\/index.php?rest_route=\/wp\/v2\/pages\/4575\/revisions"}],"predecessor-version":[{"id":4580,"href":"https:\/\/gamapartsmx.com\/index.php?rest_route=\/wp\/v2\/pages\/4575\/revisions\/4580"}],"wp:attachment":[{"href":"https:\/\/gamapartsmx.com\/index.php?rest_route=%2Fwp%2Fv2%2Fmedia&parent=4575"}],"curies":[{"name":"wp","href":"https:\/\/api.w.org\/{rel}","templated":true}]}}