{"id":4587,"date":"2026-03-17T18:13:56","date_gmt":"2026-03-17T17:13:56","guid":{"rendered":"https:\/\/gamapartsmx.com\/?page_id=4587"},"modified":"2026-03-17T18:18:16","modified_gmt":"2026-03-17T17:18:16","slug":"filtro-de-combustible-separador-851nx","status":"publish","type":"page","link":"https:\/\/gamapartsmx.com\/?page_id=4587","title":{"rendered":"FILTRO DE COMBUSTIBLE SEPARADOR PARA 851NX"},"content":{"rendered":"\t\t<div data-elementor-type=\"wp-page\" data-elementor-id=\"4587\" class=\"elementor elementor-4587\" data-elementor-post-type=\"page\">\n\t\t\t\t<div class=\"elementor-element elementor-element-3410aaee e-flex e-con-boxed e-con e-parent\" data-id=\"3410aaee\" data-element_type=\"container\">\n\t\t\t\t\t<div class=\"e-con-inner\">\n\t\t\t\t<div class=\"elementor-element elementor-element-4818065c elementor-widget elementor-widget-spacer\" data-id=\"4818065c\" data-element_type=\"widget\" data-widget_type=\"spacer.default\">\n\t\t\t\t<div class=\"elementor-widget-container\">\n\t\t\t\t\t<div class=\"elementor-spacer\">\n\t\t\t<div class=\"elementor-spacer-inner\"><\/div>\n\t\t<\/div>\n\t\t\t\t<\/div>\n\t\t\t\t<\/div>\n\t\t\t\t\t<\/div>\n\t\t\t\t<\/div>\n\t\t<div class=\"elementor-element elementor-element-65a58c32 e-flex e-con-boxed e-con e-parent\" data-id=\"65a58c32\" data-element_type=\"container\">\n\t\t\t\t\t<div class=\"e-con-inner\">\n\t\t\t\t<div class=\"elementor-element elementor-element-5a228ff8 elementor-widget elementor-widget-heading\" data-id=\"5a228ff8\" data-element_type=\"widget\" data-widget_type=\"heading.default\">\n\t\t\t\t<div class=\"elementor-widget-container\">\n\t\t\t<h2 class=\"elementor-heading-title elementor-size-default\">FILTRO DE COMBUSTIBLE SEPARADOR CNH PARA CASE 851NX, 770NX.<\/h2>\t\t<\/div>\n\t\t\t\t<\/div>\n\t\t\t\t\t<\/div>\n\t\t\t\t<\/div>\n\t\t<div class=\"elementor-element elementor-element-4e106bb e-flex e-con-boxed e-con e-parent\" data-id=\"4e106bb\" data-element_type=\"container\">\n\t\t\t\t\t<div class=\"e-con-inner\">\n\t\t<div class=\"elementor-element elementor-element-b572d0b e-con-full e-flex e-con e-child\" data-id=\"b572d0b\" data-element_type=\"container\">\n\t\t<div class=\"elementor-element elementor-element-2a77221 e-grid e-con-full e-con e-child\" data-id=\"2a77221\" data-element_type=\"container\">\n\t\t\t\t<div class=\"elementor-element elementor-element-376baa5 elementor-widget elementor-widget-image\" data-id=\"376baa5\" data-element_type=\"widget\" data-widget_type=\"image.default\">\n\t\t\t\t<div class=\"elementor-widget-container\">\n\t\t\t\t\t\t\t\t\t\t\t\t\t<img fetchpriority=\"high\" decoding=\"async\" width=\"1890\" height=\"1890\" src=\"https:\/\/gamapartsmx.com\/wp-content\/uploads\/2026\/03\/9.jpg\" class=\"attachment-full size-full wp-image-4495\" alt=\"\" srcset=\"https:\/\/gamapartsmx.com\/wp-content\/uploads\/2026\/03\/9.jpg 1890w, https:\/\/gamapartsmx.com\/wp-content\/uploads\/2026\/03\/9-300x300.jpg 300w, https:\/\/gamapartsmx.com\/wp-content\/uploads\/2026\/03\/9-1024x1024.jpg 1024w, https:\/\/gamapartsmx.com\/wp-content\/uploads\/2026\/03\/9-150x150.jpg 150w, https:\/\/gamapartsmx.com\/wp-content\/uploads\/2026\/03\/9-768x768.jpg 768w, https:\/\/gamapartsmx.com\/wp-content\/uploads\/2026\/03\/9-1536x1536.jpg 1536w, https:\/\/gamapartsmx.com\/wp-content\/uploads\/2026\/03\/9-1320x1320.jpg 1320w, https:\/\/gamapartsmx.com\/wp-content\/uploads\/2026\/03\/9-600x600.jpg 600w, https:\/\/gamapartsmx.com\/wp-content\/uploads\/2026\/03\/9-100x100.jpg 100w\" sizes=\"(max-width: 1890px) 100vw, 1890px\" \/>\t\t\t\t\t\t\t\t\t\t\t\t\t<\/div>\n\t\t\t\t<\/div>\n\t\t\t\t<div class=\"elementor-element elementor-element-3509106 elementor-widget elementor-widget-text-editor\" data-id=\"3509106\" data-element_type=\"widget\" data-widget_type=\"text-editor.default\">\n\t\t\t\t<div class=\"elementor-widget-container\">\n\t\t\t\t\t\t\t<p data-start=\"321\" data-end=\"584\">El <strong data-start=\"324\" data-end=\"385\">filtro de combustible con separador de agua CASE <\/strong>est\u00e1 dise\u00f1ado para eliminar impurezas y, especialmente, <strong data-start=\"442\" data-end=\"483\">separar el agua presente en el di\u00e9sel<\/strong>, protegiendo el sistema de inyecci\u00f3n contra da\u00f1os y garantizando un funcionamiento \u00f3ptimo del motor.<\/p><p data-start=\"586\" data-end=\"804\">Este componente es <strong data-start=\"605\" data-end=\"659\">compatible con retroexcavadoras CASE 770NX y 851NX<\/strong>, maquinaria que opera en entornos exigentes donde la calidad del combustible puede verse comprometida por humedad, condensaci\u00f3n o contaminantes.<\/p><p data-start=\"806\" data-end=\"887\">A diferencia de un filtro convencional, este elemento cumple una doble funci\u00f3n:<\/p><ul data-start=\"888\" data-end=\"1051\"><li data-section-id=\"nonmkl\" data-start=\"888\" data-end=\"945\"><p data-start=\"890\" data-end=\"945\"><strong data-start=\"890\" data-end=\"919\">Filtra part\u00edculas s\u00f3lidas<\/strong> como polvo y sedimentos<\/p><\/li><li data-section-id=\"1ajk8ut\" data-start=\"946\" data-end=\"1051\"><p data-start=\"948\" data-end=\"1051\"><strong data-start=\"948\" data-end=\"982\">Separa el agua del combustible<\/strong>, evitando corrosi\u00f3n, fallas en inyectores y p\u00e9rdida de rendimiento<\/p><\/li><\/ul><p data-start=\"1053\" data-end=\"1303\">El uso de este tipo de filtro es fundamental para prevenir da\u00f1os en componentes cr\u00edticos como la bomba de inyecci\u00f3n y los inyectores, especialmente en maquinaria que trabaja largas jornadas o en condiciones variables de almacenamiento de combustible.<\/p><p data-start=\"1305\" data-end=\"1512\">Fabricado bajo especificaciones OEM, ofrece <strong data-start=\"1349\" data-end=\"1443\">alta eficiencia de filtraci\u00f3n, excelente capacidad de separaci\u00f3n de agua y flujo constante<\/strong>, asegurando un desempe\u00f1o confiable en condiciones de trabajo pesado.<\/p><p data-start=\"1514\" data-end=\"1547\"><strong data-start=\"1514\" data-end=\"1547\">Especificaciones del producto<\/strong><\/p><ul data-start=\"1549\" data-end=\"1677\"><li data-section-id=\"1ajg7mh\" data-start=\"1583\" data-end=\"1638\"><p data-start=\"1585\" data-end=\"1638\"><strong data-start=\"1585\" data-end=\"1594\">Tipo:<\/strong> Filtro de combustible \/ separador de agua<\/p><\/li><li data-section-id=\"kdgd8s\" data-start=\"1639\" data-end=\"1677\"><p data-start=\"1641\" data-end=\"1677\"><strong data-start=\"1641\" data-end=\"1666\">Cantidad por paquete:<\/strong> 1 unidad<\/p><\/li><\/ul><p data-start=\"1679\" data-end=\"1703\"><strong data-start=\"1679\" data-end=\"1703\">Aplicaciones comunes<\/strong><\/p><ul data-start=\"1705\" data-end=\"1830\"><li data-section-id=\"4ydz8a\" data-start=\"1705\" data-end=\"1723\"><p data-start=\"1707\" data-end=\"1723\">CASE <strong data-start=\"1712\" data-end=\"1721\">770NX<\/strong><\/p><\/li><li data-section-id=\"30npxy\" data-start=\"1724\" data-end=\"1742\"><p data-start=\"1726\" data-end=\"1742\">CASE <strong data-start=\"1731\" data-end=\"1740\">851NX<\/strong><\/p><\/li><li data-section-id=\"ei9t4\" data-start=\"1743\" data-end=\"1830\"><p data-start=\"1745\" data-end=\"1830\">Otras aplicaciones en maquinaria CASE seg\u00fan configuraci\u00f3n del sistema de combustible.<\/p><\/li><\/ul>\t\t\t\t\t\t<\/div>\n\t\t\t\t<\/div>\n\t\t\t\t<\/div>\n\t\t\t\t<\/div>\n\t\t\t\t\t<\/div>\n\t\t\t\t<\/div>\n\t\t<div class=\"elementor-element elementor-element-65fe224 e-con-full e-flex e-con e-parent\" data-id=\"65fe224\" data-element_type=\"container\">\n\t\t\t\t<div class=\"elementor-element elementor-element-a01b2e0 elementor-cta--skin-cover elementor-animated-content elementor-bg-transform elementor-bg-transform-zoom-in elementor-widget elementor-widget-call-to-action\" data-id=\"a01b2e0\" data-element_type=\"widget\" data-widget_type=\"call-to-action.default\">\n\t\t\t\t<div class=\"elementor-widget-container\">\n\t\t\t\t\t<div class=\"elementor-cta\">\n\t\t\t\t\t<div class=\"elementor-cta__bg-wrapper\">\n\t\t\t\t<div class=\"elementor-cta__bg elementor-bg\" style=\"background-image: url(https:\/\/gamapartsmx.com\/wp-content\/uploads\/2026\/03\/banner-call-center-1.png);\" role=\"img\" aria-label=\"\"><\/div>\n\t\t\t\t<div class=\"elementor-cta__bg-overlay\"><\/div>\n\t\t\t<\/div>\n\t\t\t\t\t\t\t<div class=\"elementor-cta__content\">\n\t\t\t\t\n\t\t\t\t\t\t\t\t\t<h2 class=\"elementor-cta__title elementor-cta__content-item elementor-content-item elementor-animated-item--grow\">\n\t\t\t\t\t\t\u00bfREQUIERES UNA COTIZACION?\t\t\t\t\t<\/h2>\n\t\t\t\t\n\t\t\t\t\t\t\t\t\t<div class=\"elementor-cta__description elementor-cta__content-item elementor-content-item elementor-animated-item--grow\">\n\t\t\t\t\t\tPREGUNTA POR EXISTENCIAS, PRECIO Y DISPONIBILIDAD A TRAVES DE NUESTRA LINEA EN WHATSAPP\t\t\t\t\t<\/div>\n\t\t\t\t\n\t\t\t\t\t\t\t\t\t<div class=\"elementor-cta__button-wrapper elementor-cta__content-item elementor-content-item elementor-animated-item--grow\">\n\t\t\t\t\t<a class=\"elementor-cta__button elementor-button elementor-size-\" href=\"https:\/\/wa.me\/5219936704197\">\n\t\t\t\t\t\tCOTIZA AHORA\t\t\t\t\t<\/a>\n\t\t\t\t\t<\/div>\n\t\t\t\t\t\t\t<\/div>\n\t\t\t\t\t\t<\/div>\n\t\t\t\t<\/div>\n\t\t\t\t<\/div>\n\t\t\t\t<\/div>\n\t\t<div class=\"elementor-element elementor-element-0a016b8 e-flex e-con-boxed e-con e-parent\" data-id=\"0a016b8\" data-element_type=\"container\">\n\t\t\t\t\t<div class=\"e-con-inner\">\n\t\t\t\t<div class=\"elementor-element elementor-element-6afa423 elementor-widget elementor-widget-spacer\" data-id=\"6afa423\" data-element_type=\"widget\" data-widget_type=\"spacer.default\">\n\t\t\t\t<div class=\"elementor-widget-container\">\n\t\t\t\t\t<div class=\"elementor-spacer\">\n\t\t\t<div class=\"elementor-spacer-inner\"><\/div>\n\t\t<\/div>\n\t\t\t\t<\/div>\n\t\t\t\t<\/div>\n\t\t\t\t\t<\/div>\n\t\t\t\t<\/div>\n\t\t\t\t<\/div>\n\t\t","protected":false},"excerpt":{"rendered":"<p>FILTRO DE COMBUSTIBLE SEPARADOR CNH PARA CASE 851NX, 770NX. El filtro de combustible con separador de agua CASE est\u00e1 dise\u00f1ado para eliminar impurezas y, especialmente, separar el agua presente en el di\u00e9sel, protegiendo el sistema de inyecci\u00f3n contra da\u00f1os y garantizando un funcionamiento \u00f3ptimo del motor. Este componente es compatible con retroexcavadoras CASE 770NX y [&hellip;]<\/p>\n","protected":false},"author":1,"featured_media":0,"parent":0,"menu_order":0,"comment_status":"closed","ping_status":"closed","template":"","meta":{"_monsterinsights_skip_tracking":false,"_monsterinsights_sitenote_active":false,"_monsterinsights_sitenote_note":"","_monsterinsights_sitenote_category":0,"_joinchat":[],"footnotes":""},"class_list":["post-4587","page","type-page","status-publish","hentry"],"yoast_head":"<!-- This site is optimized with the Yoast SEO plugin v21.2 - https:\/\/yoast.com\/wordpress\/plugins\/seo\/ -->\n<title>FILTRO DE COMBUSTIBLE SEPARADOR PARA 851NX - Gama Parts Mx<\/title>\n<meta name=\"robots\" content=\"index, follow, max-snippet:-1, max-image-preview:large, max-video-preview:-1\" \/>\n<link rel=\"canonical\" href=\"https:\/\/gamapartsmx.com\/?page_id=4587\" \/>\n<meta property=\"og:locale\" content=\"es_ES\" \/>\n<meta property=\"og:type\" content=\"article\" \/>\n<meta property=\"og:title\" content=\"FILTRO DE COMBUSTIBLE SEPARADOR PARA 851NX - Gama Parts Mx\" \/>\n<meta property=\"og:description\" content=\"FILTRO DE COMBUSTIBLE SEPARADOR CNH PARA CASE 851NX, 770NX. El filtro de combustible con separador de agua CASE est\u00e1 dise\u00f1ado para eliminar impurezas y, especialmente, separar el agua presente en el di\u00e9sel, protegiendo el sistema de inyecci\u00f3n contra da\u00f1os y garantizando un funcionamiento \u00f3ptimo del motor. Este componente es compatible con retroexcavadoras CASE 770NX y [&hellip;]\" \/>\n<meta property=\"og:url\" content=\"https:\/\/gamapartsmx.com\/?page_id=4587\" \/>\n<meta property=\"og:site_name\" content=\"Gama Parts Mx\" \/>\n<meta property=\"article:modified_time\" content=\"2026-03-17T17:18:16+00:00\" \/>\n<meta property=\"og:image\" content=\"http:\/\/gamapartsmx.com\/wp-content\/uploads\/2026\/03\/9.jpg\" \/>\n<meta name=\"twitter:card\" content=\"summary_large_image\" \/>\n<meta name=\"twitter:label1\" content=\"Tiempo de lectura\" \/>\n\t<meta name=\"twitter:data1\" content=\"2 minutos\" \/>\n<script type=\"application\/ld+json\" class=\"yoast-schema-graph\">{\"@context\":\"https:\/\/schema.org\",\"@graph\":[{\"@type\":\"WebPage\",\"@id\":\"https:\/\/gamapartsmx.com\/?page_id=4587\",\"url\":\"https:\/\/gamapartsmx.com\/?page_id=4587\",\"name\":\"FILTRO DE COMBUSTIBLE SEPARADOR PARA 851NX - Gama Parts Mx\",\"isPartOf\":{\"@id\":\"https:\/\/gamapartsmx.com\/#website\"},\"datePublished\":\"2026-03-17T17:13:56+00:00\",\"dateModified\":\"2026-03-17T17:18:16+00:00\",\"breadcrumb\":{\"@id\":\"https:\/\/gamapartsmx.com\/?page_id=4587#breadcrumb\"},\"inLanguage\":\"es\",\"potentialAction\":[{\"@type\":\"ReadAction\",\"target\":[\"https:\/\/gamapartsmx.com\/?page_id=4587\"]}]},{\"@type\":\"BreadcrumbList\",\"@id\":\"https:\/\/gamapartsmx.com\/?page_id=4587#breadcrumb\",\"itemListElement\":[{\"@type\":\"ListItem\",\"position\":1,\"name\":\"Portada\",\"item\":\"https:\/\/gamapartsmx.com\/\"},{\"@type\":\"ListItem\",\"position\":2,\"name\":\"FILTRO DE COMBUSTIBLE SEPARADOR PARA 851NX\"}]},{\"@type\":\"WebSite\",\"@id\":\"https:\/\/gamapartsmx.com\/#website\",\"url\":\"https:\/\/gamapartsmx.com\/\",\"name\":\"Gama Parts\",\"description\":\"Venta de Refacciones para Maquinaria Pesada dirigida al Sector Industrial y de construcci\u00f3n en Villahermosa, Tabasco.\",\"publisher\":{\"@id\":\"https:\/\/gamapartsmx.com\/#organization\"},\"potentialAction\":[{\"@type\":\"SearchAction\",\"target\":{\"@type\":\"EntryPoint\",\"urlTemplate\":\"https:\/\/gamapartsmx.com\/?s={search_term_string}\"},\"query-input\":\"required name=search_term_string\"}],\"inLanguage\":\"es\"},{\"@type\":\"Organization\",\"@id\":\"https:\/\/gamapartsmx.com\/#organization\",\"name\":\"Gama Parts\",\"url\":\"https:\/\/gamapartsmx.com\/\",\"logo\":{\"@type\":\"ImageObject\",\"inLanguage\":\"es\",\"@id\":\"https:\/\/gamapartsmx.com\/#\/schema\/logo\/image\/\",\"url\":\"https:\/\/gamapartsmx.com\/wp-content\/uploads\/2023\/09\/GAMA-PARTS-LOGO.png\",\"contentUrl\":\"https:\/\/gamapartsmx.com\/wp-content\/uploads\/2023\/09\/GAMA-PARTS-LOGO.png\",\"width\":350,\"height\":100,\"caption\":\"Gama Parts\"},\"image\":{\"@id\":\"https:\/\/gamapartsmx.com\/#\/schema\/logo\/image\/\"}}]}<\/script>\n<!-- \/ Yoast SEO plugin. -->","yoast_head_json":{"title":"FILTRO DE COMBUSTIBLE SEPARADOR PARA 851NX - Gama Parts Mx","robots":{"index":"index","follow":"follow","max-snippet":"max-snippet:-1","max-image-preview":"max-image-preview:large","max-video-preview":"max-video-preview:-1"},"canonical":"https:\/\/gamapartsmx.com\/?page_id=4587","og_locale":"es_ES","og_type":"article","og_title":"FILTRO DE COMBUSTIBLE SEPARADOR PARA 851NX - Gama Parts Mx","og_description":"FILTRO DE COMBUSTIBLE SEPARADOR CNH PARA CASE 851NX, 770NX. El filtro de combustible con separador de agua CASE est\u00e1 dise\u00f1ado para eliminar impurezas y, especialmente, separar el agua presente en el di\u00e9sel, protegiendo el sistema de inyecci\u00f3n contra da\u00f1os y garantizando un funcionamiento \u00f3ptimo del motor. Este componente es compatible con retroexcavadoras CASE 770NX y [&hellip;]","og_url":"https:\/\/gamapartsmx.com\/?page_id=4587","og_site_name":"Gama Parts Mx","article_modified_time":"2026-03-17T17:18:16+00:00","og_image":[{"url":"http:\/\/gamapartsmx.com\/wp-content\/uploads\/2026\/03\/9.jpg"}],"twitter_card":"summary_large_image","twitter_misc":{"Tiempo de lectura":"2 minutos"},"schema":{"@context":"https:\/\/schema.org","@graph":[{"@type":"WebPage","@id":"https:\/\/gamapartsmx.com\/?page_id=4587","url":"https:\/\/gamapartsmx.com\/?page_id=4587","name":"FILTRO DE COMBUSTIBLE SEPARADOR PARA 851NX - Gama Parts Mx","isPartOf":{"@id":"https:\/\/gamapartsmx.com\/#website"},"datePublished":"2026-03-17T17:13:56+00:00","dateModified":"2026-03-17T17:18:16+00:00","breadcrumb":{"@id":"https:\/\/gamapartsmx.com\/?page_id=4587#breadcrumb"},"inLanguage":"es","potentialAction":[{"@type":"ReadAction","target":["https:\/\/gamapartsmx.com\/?page_id=4587"]}]},{"@type":"BreadcrumbList","@id":"https:\/\/gamapartsmx.com\/?page_id=4587#breadcrumb","itemListElement":[{"@type":"ListItem","position":1,"name":"Portada","item":"https:\/\/gamapartsmx.com\/"},{"@type":"ListItem","position":2,"name":"FILTRO DE COMBUSTIBLE SEPARADOR PARA 851NX"}]},{"@type":"WebSite","@id":"https:\/\/gamapartsmx.com\/#website","url":"https:\/\/gamapartsmx.com\/","name":"Gama Parts","description":"Venta de Refacciones para Maquinaria Pesada dirigida al Sector Industrial y de construcci\u00f3n en Villahermosa, Tabasco.","publisher":{"@id":"https:\/\/gamapartsmx.com\/#organization"},"potentialAction":[{"@type":"SearchAction","target":{"@type":"EntryPoint","urlTemplate":"https:\/\/gamapartsmx.com\/?s={search_term_string}"},"query-input":"required name=search_term_string"}],"inLanguage":"es"},{"@type":"Organization","@id":"https:\/\/gamapartsmx.com\/#organization","name":"Gama Parts","url":"https:\/\/gamapartsmx.com\/","logo":{"@type":"ImageObject","inLanguage":"es","@id":"https:\/\/gamapartsmx.com\/#\/schema\/logo\/image\/","url":"https:\/\/gamapartsmx.com\/wp-content\/uploads\/2023\/09\/GAMA-PARTS-LOGO.png","contentUrl":"https:\/\/gamapartsmx.com\/wp-content\/uploads\/2023\/09\/GAMA-PARTS-LOGO.png","width":350,"height":100,"caption":"Gama Parts"},"image":{"@id":"https:\/\/gamapartsmx.com\/#\/schema\/logo\/image\/"}}]}},"_links":{"self":[{"href":"https:\/\/gamapartsmx.com\/index.php?rest_route=\/wp\/v2\/pages\/4587"}],"collection":[{"href":"https:\/\/gamapartsmx.com\/index.php?rest_route=\/wp\/v2\/pages"}],"about":[{"href":"https:\/\/gamapartsmx.com\/index.php?rest_route=\/wp\/v2\/types\/page"}],"author":[{"embeddable":true,"href":"https:\/\/gamapartsmx.com\/index.php?rest_route=\/wp\/v2\/users\/1"}],"replies":[{"embeddable":true,"href":"https:\/\/gamapartsmx.com\/index.php?rest_route=%2Fwp%2Fv2%2Fcomments&post=4587"}],"version-history":[{"count":5,"href":"https:\/\/gamapartsmx.com\/index.php?rest_route=\/wp\/v2\/pages\/4587\/revisions"}],"predecessor-version":[{"id":4592,"href":"https:\/\/gamapartsmx.com\/index.php?rest_route=\/wp\/v2\/pages\/4587\/revisions\/4592"}],"wp:attachment":[{"href":"https:\/\/gamapartsmx.com\/index.php?rest_route=%2Fwp%2Fv2%2Fmedia&parent=4587"}],"curies":[{"name":"wp","href":"https:\/\/api.w.org\/{rel}","templated":true}]}}