{"id":4607,"date":"2026-03-17T18:35:36","date_gmt":"2026-03-17T17:35:36","guid":{"rendered":"https:\/\/gamapartsmx.com\/?page_id=4607"},"modified":"2026-03-17T18:44:01","modified_gmt":"2026-03-17T17:44:01","slug":"filtro-de-aceite-cnh-770ex-770xplus-952ex","status":"publish","type":"page","link":"https:\/\/gamapartsmx.com\/?page_id=4607","title":{"rendered":"FILTRO DE ACEITE CNH PARA CASE 770EX, 770XPLUS, 952EX."},"content":{"rendered":"\t\t<div data-elementor-type=\"wp-page\" data-elementor-id=\"4607\" class=\"elementor elementor-4607\" data-elementor-post-type=\"page\">\n\t\t\t\t<div class=\"elementor-element elementor-element-3410aaee e-flex e-con-boxed e-con e-parent\" data-id=\"3410aaee\" data-element_type=\"container\">\n\t\t\t\t\t<div class=\"e-con-inner\">\n\t\t\t\t<div class=\"elementor-element elementor-element-4818065c elementor-widget elementor-widget-spacer\" data-id=\"4818065c\" data-element_type=\"widget\" data-widget_type=\"spacer.default\">\n\t\t\t\t<div class=\"elementor-widget-container\">\n\t\t\t\t\t<div class=\"elementor-spacer\">\n\t\t\t<div class=\"elementor-spacer-inner\"><\/div>\n\t\t<\/div>\n\t\t\t\t<\/div>\n\t\t\t\t<\/div>\n\t\t\t\t\t<\/div>\n\t\t\t\t<\/div>\n\t\t<div class=\"elementor-element elementor-element-65a58c32 e-flex e-con-boxed e-con e-parent\" data-id=\"65a58c32\" data-element_type=\"container\">\n\t\t\t\t\t<div class=\"e-con-inner\">\n\t\t\t\t<div class=\"elementor-element elementor-element-5a228ff8 elementor-widget elementor-widget-heading\" data-id=\"5a228ff8\" data-element_type=\"widget\" data-widget_type=\"heading.default\">\n\t\t\t\t<div class=\"elementor-widget-container\">\n\t\t\t<h2 class=\"elementor-heading-title elementor-size-default\">FILTRO DE ACEITE CNH PARA CASE 770EX, 770XPLUS, 952EX.<\/h2>\t\t<\/div>\n\t\t\t\t<\/div>\n\t\t\t\t\t<\/div>\n\t\t\t\t<\/div>\n\t\t<div class=\"elementor-element elementor-element-4e106bb e-flex e-con-boxed e-con e-parent\" data-id=\"4e106bb\" data-element_type=\"container\">\n\t\t\t\t\t<div class=\"e-con-inner\">\n\t\t<div class=\"elementor-element elementor-element-b572d0b e-con-full e-flex e-con e-child\" data-id=\"b572d0b\" data-element_type=\"container\">\n\t\t<div class=\"elementor-element elementor-element-2a77221 e-grid e-con-full e-con e-child\" data-id=\"2a77221\" data-element_type=\"container\">\n\t\t\t\t<div class=\"elementor-element elementor-element-376baa5 elementor-widget elementor-widget-image\" data-id=\"376baa5\" data-element_type=\"widget\" data-widget_type=\"image.default\">\n\t\t\t\t<div class=\"elementor-widget-container\">\n\t\t\t\t\t\t\t\t\t\t\t\t\t<img fetchpriority=\"high\" decoding=\"async\" width=\"2560\" height=\"2560\" src=\"https:\/\/gamapartsmx.com\/wp-content\/uploads\/2026\/03\/FILTRO-DE-ACEITE-PARA-CASE-770EX-scaled.jpeg\" class=\"attachment-full size-full wp-image-4485\" alt=\"\" srcset=\"https:\/\/gamapartsmx.com\/wp-content\/uploads\/2026\/03\/FILTRO-DE-ACEITE-PARA-CASE-770EX-scaled.jpeg 2560w, https:\/\/gamapartsmx.com\/wp-content\/uploads\/2026\/03\/FILTRO-DE-ACEITE-PARA-CASE-770EX-300x300.jpeg 300w, https:\/\/gamapartsmx.com\/wp-content\/uploads\/2026\/03\/FILTRO-DE-ACEITE-PARA-CASE-770EX-1024x1024.jpeg 1024w, https:\/\/gamapartsmx.com\/wp-content\/uploads\/2026\/03\/FILTRO-DE-ACEITE-PARA-CASE-770EX-150x150.jpeg 150w, https:\/\/gamapartsmx.com\/wp-content\/uploads\/2026\/03\/FILTRO-DE-ACEITE-PARA-CASE-770EX-768x768.jpeg 768w, https:\/\/gamapartsmx.com\/wp-content\/uploads\/2026\/03\/FILTRO-DE-ACEITE-PARA-CASE-770EX-1536x1536.jpeg 1536w, https:\/\/gamapartsmx.com\/wp-content\/uploads\/2026\/03\/FILTRO-DE-ACEITE-PARA-CASE-770EX-2048x2048.jpeg 2048w, https:\/\/gamapartsmx.com\/wp-content\/uploads\/2026\/03\/FILTRO-DE-ACEITE-PARA-CASE-770EX-1320x1320.jpeg 1320w, https:\/\/gamapartsmx.com\/wp-content\/uploads\/2026\/03\/FILTRO-DE-ACEITE-PARA-CASE-770EX-600x600.jpeg 600w, https:\/\/gamapartsmx.com\/wp-content\/uploads\/2026\/03\/FILTRO-DE-ACEITE-PARA-CASE-770EX-100x100.jpeg 100w\" sizes=\"(max-width: 2560px) 100vw, 2560px\" \/>\t\t\t\t\t\t\t\t\t\t\t\t\t<\/div>\n\t\t\t\t<\/div>\n\t\t\t\t<div class=\"elementor-element elementor-element-3509106 elementor-widget elementor-widget-text-editor\" data-id=\"3509106\" data-element_type=\"widget\" data-widget_type=\"text-editor.default\">\n\t\t\t\t<div class=\"elementor-widget-container\">\n\t\t\t\t\t\t\t<p data-start=\"185\" data-end=\"434\">El <strong data-start=\"188\" data-end=\"231\">filtro de aceite de motor CASE <\/strong>\u00a0est\u00e1 dise\u00f1ado para mantener el sistema de lubricaci\u00f3n limpio y protegido, eliminando impurezas, residuos met\u00e1licos y contaminantes presentes en el aceite, garantizando as\u00ed un desempe\u00f1o \u00f3ptimo del motor.<\/p><p data-start=\"436\" data-end=\"668\">Este filtro es <strong data-start=\"451\" data-end=\"509\">compatible con maquinaria CASE 770EX, 770XPLUS y 952EX<\/strong>, equipos utilizados en aplicaciones exigentes donde la correcta lubricaci\u00f3n del motor es clave para asegurar eficiencia operativa y evitar desgaste prematuro.<\/p><p data-start=\"670\" data-end=\"992\">Gracias a su <strong data-start=\"683\" data-end=\"721\">medio filtrante de alta eficiencia<\/strong>, este componente permite retener part\u00edculas da\u00f1inas sin afectar el flujo de aceite, asegurando una lubricaci\u00f3n constante en todas las condiciones de trabajo. Esto se traduce en <strong data-start=\"899\" data-end=\"980\">mayor vida \u00fatil del motor, menor fricci\u00f3n interna y mejor rendimiento general<\/strong> del equipo.<\/p><p data-start=\"1191\" data-end=\"1224\"><strong data-start=\"1191\" data-end=\"1224\">Especificaciones del producto<\/strong><\/p><ul data-start=\"1226\" data-end=\"1445\"><li data-section-id=\"ipgu\" data-start=\"1260\" data-end=\"1299\"><p data-start=\"1262\" data-end=\"1299\"><strong data-start=\"1262\" data-end=\"1271\">Tipo:<\/strong> Filtro de aceite de motor<\/p><\/li><li data-section-id=\"1dc1k4p\" data-start=\"1300\" data-end=\"1321\"><p data-start=\"1302\" data-end=\"1321\"><strong data-start=\"1302\" data-end=\"1311\">Peso:<\/strong> 0.99 kg<\/p><\/li><li data-section-id=\"1xe0xoo\" data-start=\"1322\" data-end=\"1406\"><p data-start=\"1324\" data-end=\"1342\"><strong data-start=\"1324\" data-end=\"1340\">Dimensiones:<\/strong><\/p><ul data-start=\"1345\" data-end=\"1406\"><li data-section-id=\"1sv4ojk\" data-start=\"1345\" data-end=\"1365\"><p data-start=\"1347\" data-end=\"1365\">Longitud: 150 mm<\/p><\/li><li data-section-id=\"1keaang\" data-start=\"1368\" data-end=\"1385\"><p data-start=\"1370\" data-end=\"1385\">Ancho: 140 mm<\/p><\/li><li data-section-id=\"1kjwou7\" data-start=\"1388\" data-end=\"1406\"><p data-start=\"1390\" data-end=\"1406\">Altura: 130 mm<\/p><\/li><\/ul><\/li><li data-section-id=\"kdgd8s\" data-start=\"1407\" data-end=\"1445\"><p data-start=\"1409\" data-end=\"1445\"><strong data-start=\"1409\" data-end=\"1434\">Cantidad por paquete:<\/strong> 1 unidad<\/p><\/li><\/ul><p data-start=\"1447\" data-end=\"1471\"><strong data-start=\"1447\" data-end=\"1471\">Aplicaciones comunes<\/strong><\/p><ul data-start=\"1473\" data-end=\"1603\"><li data-section-id=\"6o9t9t\" data-start=\"1473\" data-end=\"1491\"><p data-start=\"1475\" data-end=\"1491\">CASE <strong data-start=\"1480\" data-end=\"1489\">770EX<\/strong><\/p><\/li><li data-section-id=\"1lvkvce\" data-start=\"1492\" data-end=\"1513\"><p data-start=\"1494\" data-end=\"1513\">CASE <strong data-start=\"1499\" data-end=\"1511\">770XPLUS<\/strong><\/p><\/li><li data-section-id=\"12dx8e7\" data-start=\"1514\" data-end=\"1532\"><p data-start=\"1516\" data-end=\"1532\">CASE <strong data-start=\"1521\" data-end=\"1530\">952EX<\/strong><\/p><\/li><li data-section-id=\"1z11c79\" data-start=\"1533\" data-end=\"1603\"><p data-start=\"1535\" data-end=\"1603\">Otras aplicaciones en maquinaria CASE seg\u00fan configuraci\u00f3n del motor.<\/p><\/li><\/ul>\t\t\t\t\t\t<\/div>\n\t\t\t\t<\/div>\n\t\t\t\t<\/div>\n\t\t\t\t<\/div>\n\t\t\t\t\t<\/div>\n\t\t\t\t<\/div>\n\t\t<div class=\"elementor-element elementor-element-65fe224 e-con-full e-flex e-con e-parent\" data-id=\"65fe224\" data-element_type=\"container\">\n\t\t\t\t<div class=\"elementor-element elementor-element-a01b2e0 elementor-cta--skin-cover elementor-animated-content elementor-bg-transform elementor-bg-transform-zoom-in elementor-widget elementor-widget-call-to-action\" data-id=\"a01b2e0\" data-element_type=\"widget\" data-widget_type=\"call-to-action.default\">\n\t\t\t\t<div class=\"elementor-widget-container\">\n\t\t\t\t\t<div class=\"elementor-cta\">\n\t\t\t\t\t<div class=\"elementor-cta__bg-wrapper\">\n\t\t\t\t<div class=\"elementor-cta__bg elementor-bg\" style=\"background-image: url(https:\/\/gamapartsmx.com\/wp-content\/uploads\/2026\/03\/banner-call-center-1.png);\" role=\"img\" aria-label=\"\"><\/div>\n\t\t\t\t<div class=\"elementor-cta__bg-overlay\"><\/div>\n\t\t\t<\/div>\n\t\t\t\t\t\t\t<div class=\"elementor-cta__content\">\n\t\t\t\t\n\t\t\t\t\t\t\t\t\t<h2 class=\"elementor-cta__title elementor-cta__content-item elementor-content-item elementor-animated-item--grow\">\n\t\t\t\t\t\t\u00bfREQUIERES UNA COTIZACION?\t\t\t\t\t<\/h2>\n\t\t\t\t\n\t\t\t\t\t\t\t\t\t<div class=\"elementor-cta__description elementor-cta__content-item elementor-content-item elementor-animated-item--grow\">\n\t\t\t\t\t\tPREGUNTA POR EXISTENCIAS, PRECIO Y DISPONIBILIDAD A TRAVES DE NUESTRA LINEA EN WHATSAPP\t\t\t\t\t<\/div>\n\t\t\t\t\n\t\t\t\t\t\t\t\t\t<div class=\"elementor-cta__button-wrapper elementor-cta__content-item elementor-content-item elementor-animated-item--grow\">\n\t\t\t\t\t<a class=\"elementor-cta__button elementor-button elementor-size-\" href=\"https:\/\/wa.me\/5219936704197\">\n\t\t\t\t\t\tCOTIZA AHORA\t\t\t\t\t<\/a>\n\t\t\t\t\t<\/div>\n\t\t\t\t\t\t\t<\/div>\n\t\t\t\t\t\t<\/div>\n\t\t\t\t<\/div>\n\t\t\t\t<\/div>\n\t\t\t\t<\/div>\n\t\t<div class=\"elementor-element elementor-element-0a016b8 e-flex e-con-boxed e-con e-parent\" data-id=\"0a016b8\" data-element_type=\"container\">\n\t\t\t\t\t<div class=\"e-con-inner\">\n\t\t\t\t<div class=\"elementor-element elementor-element-6afa423 elementor-widget elementor-widget-spacer\" data-id=\"6afa423\" data-element_type=\"widget\" data-widget_type=\"spacer.default\">\n\t\t\t\t<div class=\"elementor-widget-container\">\n\t\t\t\t\t<div class=\"elementor-spacer\">\n\t\t\t<div class=\"elementor-spacer-inner\"><\/div>\n\t\t<\/div>\n\t\t\t\t<\/div>\n\t\t\t\t<\/div>\n\t\t\t\t\t<\/div>\n\t\t\t\t<\/div>\n\t\t\t\t<\/div>\n\t\t","protected":false},"excerpt":{"rendered":"<p>FILTRO DE ACEITE CNH PARA CASE 770EX, 770XPLUS, 952EX. El filtro de aceite de motor CASE \u00a0est\u00e1 dise\u00f1ado para mantener el sistema de lubricaci\u00f3n limpio y protegido, eliminando impurezas, residuos met\u00e1licos y contaminantes presentes en el aceite, garantizando as\u00ed un desempe\u00f1o \u00f3ptimo del motor. Este filtro es compatible con maquinaria CASE 770EX, 770XPLUS y 952EX, [&hellip;]<\/p>\n","protected":false},"author":1,"featured_media":0,"parent":0,"menu_order":0,"comment_status":"closed","ping_status":"closed","template":"","meta":{"_monsterinsights_skip_tracking":false,"_monsterinsights_sitenote_active":false,"_monsterinsights_sitenote_note":"","_monsterinsights_sitenote_category":0,"_joinchat":[],"footnotes":""},"class_list":["post-4607","page","type-page","status-publish","hentry"],"yoast_head":"<!-- This site is optimized with the Yoast SEO plugin v21.2 - https:\/\/yoast.com\/wordpress\/plugins\/seo\/ -->\n<title>FILTRO DE ACEITE CNH PARA CASE 770EX, 770XPLUS, 952EX. - Gama Parts Mx<\/title>\n<meta name=\"robots\" content=\"index, follow, max-snippet:-1, max-image-preview:large, max-video-preview:-1\" \/>\n<link rel=\"canonical\" href=\"https:\/\/gamapartsmx.com\/?page_id=4607\" \/>\n<meta property=\"og:locale\" content=\"es_ES\" \/>\n<meta property=\"og:type\" content=\"article\" \/>\n<meta property=\"og:title\" content=\"FILTRO DE ACEITE CNH PARA CASE 770EX, 770XPLUS, 952EX. - Gama Parts Mx\" \/>\n<meta property=\"og:description\" content=\"FILTRO DE ACEITE CNH PARA CASE 770EX, 770XPLUS, 952EX. El filtro de aceite de motor CASE \u00a0est\u00e1 dise\u00f1ado para mantener el sistema de lubricaci\u00f3n limpio y protegido, eliminando impurezas, residuos met\u00e1licos y contaminantes presentes en el aceite, garantizando as\u00ed un desempe\u00f1o \u00f3ptimo del motor. Este filtro es compatible con maquinaria CASE 770EX, 770XPLUS y 952EX, [&hellip;]\" \/>\n<meta property=\"og:url\" content=\"https:\/\/gamapartsmx.com\/?page_id=4607\" \/>\n<meta property=\"og:site_name\" content=\"Gama Parts Mx\" \/>\n<meta property=\"article:modified_time\" content=\"2026-03-17T17:44:01+00:00\" \/>\n<meta property=\"og:image\" content=\"http:\/\/gamapartsmx.com\/wp-content\/uploads\/2026\/03\/FILTRO-DE-ACEITE-PARA-CASE-770EX-scaled.jpeg\" \/>\n<meta name=\"twitter:card\" content=\"summary_large_image\" \/>\n<meta name=\"twitter:label1\" content=\"Tiempo de lectura\" \/>\n\t<meta name=\"twitter:data1\" content=\"2 minutos\" \/>\n<script type=\"application\/ld+json\" class=\"yoast-schema-graph\">{\"@context\":\"https:\/\/schema.org\",\"@graph\":[{\"@type\":\"WebPage\",\"@id\":\"https:\/\/gamapartsmx.com\/?page_id=4607\",\"url\":\"https:\/\/gamapartsmx.com\/?page_id=4607\",\"name\":\"FILTRO DE ACEITE CNH PARA CASE 770EX, 770XPLUS, 952EX. - Gama Parts Mx\",\"isPartOf\":{\"@id\":\"https:\/\/gamapartsmx.com\/#website\"},\"datePublished\":\"2026-03-17T17:35:36+00:00\",\"dateModified\":\"2026-03-17T17:44:01+00:00\",\"breadcrumb\":{\"@id\":\"https:\/\/gamapartsmx.com\/?page_id=4607#breadcrumb\"},\"inLanguage\":\"es\",\"potentialAction\":[{\"@type\":\"ReadAction\",\"target\":[\"https:\/\/gamapartsmx.com\/?page_id=4607\"]}]},{\"@type\":\"BreadcrumbList\",\"@id\":\"https:\/\/gamapartsmx.com\/?page_id=4607#breadcrumb\",\"itemListElement\":[{\"@type\":\"ListItem\",\"position\":1,\"name\":\"Portada\",\"item\":\"https:\/\/gamapartsmx.com\/\"},{\"@type\":\"ListItem\",\"position\":2,\"name\":\"FILTRO DE ACEITE CNH PARA CASE 770EX, 770XPLUS, 952EX.\"}]},{\"@type\":\"WebSite\",\"@id\":\"https:\/\/gamapartsmx.com\/#website\",\"url\":\"https:\/\/gamapartsmx.com\/\",\"name\":\"Gama Parts\",\"description\":\"Venta de Refacciones para Maquinaria Pesada dirigida al Sector Industrial y de construcci\u00f3n en Villahermosa, Tabasco.\",\"publisher\":{\"@id\":\"https:\/\/gamapartsmx.com\/#organization\"},\"potentialAction\":[{\"@type\":\"SearchAction\",\"target\":{\"@type\":\"EntryPoint\",\"urlTemplate\":\"https:\/\/gamapartsmx.com\/?s={search_term_string}\"},\"query-input\":\"required name=search_term_string\"}],\"inLanguage\":\"es\"},{\"@type\":\"Organization\",\"@id\":\"https:\/\/gamapartsmx.com\/#organization\",\"name\":\"Gama Parts\",\"url\":\"https:\/\/gamapartsmx.com\/\",\"logo\":{\"@type\":\"ImageObject\",\"inLanguage\":\"es\",\"@id\":\"https:\/\/gamapartsmx.com\/#\/schema\/logo\/image\/\",\"url\":\"https:\/\/gamapartsmx.com\/wp-content\/uploads\/2023\/09\/GAMA-PARTS-LOGO.png\",\"contentUrl\":\"https:\/\/gamapartsmx.com\/wp-content\/uploads\/2023\/09\/GAMA-PARTS-LOGO.png\",\"width\":350,\"height\":100,\"caption\":\"Gama Parts\"},\"image\":{\"@id\":\"https:\/\/gamapartsmx.com\/#\/schema\/logo\/image\/\"}}]}<\/script>\n<!-- \/ Yoast SEO plugin. -->","yoast_head_json":{"title":"FILTRO DE ACEITE CNH PARA CASE 770EX, 770XPLUS, 952EX. - Gama Parts Mx","robots":{"index":"index","follow":"follow","max-snippet":"max-snippet:-1","max-image-preview":"max-image-preview:large","max-video-preview":"max-video-preview:-1"},"canonical":"https:\/\/gamapartsmx.com\/?page_id=4607","og_locale":"es_ES","og_type":"article","og_title":"FILTRO DE ACEITE CNH PARA CASE 770EX, 770XPLUS, 952EX. - Gama Parts Mx","og_description":"FILTRO DE ACEITE CNH PARA CASE 770EX, 770XPLUS, 952EX. El filtro de aceite de motor CASE \u00a0est\u00e1 dise\u00f1ado para mantener el sistema de lubricaci\u00f3n limpio y protegido, eliminando impurezas, residuos met\u00e1licos y contaminantes presentes en el aceite, garantizando as\u00ed un desempe\u00f1o \u00f3ptimo del motor. Este filtro es compatible con maquinaria CASE 770EX, 770XPLUS y 952EX, [&hellip;]","og_url":"https:\/\/gamapartsmx.com\/?page_id=4607","og_site_name":"Gama Parts Mx","article_modified_time":"2026-03-17T17:44:01+00:00","og_image":[{"url":"http:\/\/gamapartsmx.com\/wp-content\/uploads\/2026\/03\/FILTRO-DE-ACEITE-PARA-CASE-770EX-scaled.jpeg"}],"twitter_card":"summary_large_image","twitter_misc":{"Tiempo de lectura":"2 minutos"},"schema":{"@context":"https:\/\/schema.org","@graph":[{"@type":"WebPage","@id":"https:\/\/gamapartsmx.com\/?page_id=4607","url":"https:\/\/gamapartsmx.com\/?page_id=4607","name":"FILTRO DE ACEITE CNH PARA CASE 770EX, 770XPLUS, 952EX. - Gama Parts Mx","isPartOf":{"@id":"https:\/\/gamapartsmx.com\/#website"},"datePublished":"2026-03-17T17:35:36+00:00","dateModified":"2026-03-17T17:44:01+00:00","breadcrumb":{"@id":"https:\/\/gamapartsmx.com\/?page_id=4607#breadcrumb"},"inLanguage":"es","potentialAction":[{"@type":"ReadAction","target":["https:\/\/gamapartsmx.com\/?page_id=4607"]}]},{"@type":"BreadcrumbList","@id":"https:\/\/gamapartsmx.com\/?page_id=4607#breadcrumb","itemListElement":[{"@type":"ListItem","position":1,"name":"Portada","item":"https:\/\/gamapartsmx.com\/"},{"@type":"ListItem","position":2,"name":"FILTRO DE ACEITE CNH PARA CASE 770EX, 770XPLUS, 952EX."}]},{"@type":"WebSite","@id":"https:\/\/gamapartsmx.com\/#website","url":"https:\/\/gamapartsmx.com\/","name":"Gama Parts","description":"Venta de Refacciones para Maquinaria Pesada dirigida al Sector Industrial y de construcci\u00f3n en Villahermosa, Tabasco.","publisher":{"@id":"https:\/\/gamapartsmx.com\/#organization"},"potentialAction":[{"@type":"SearchAction","target":{"@type":"EntryPoint","urlTemplate":"https:\/\/gamapartsmx.com\/?s={search_term_string}"},"query-input":"required name=search_term_string"}],"inLanguage":"es"},{"@type":"Organization","@id":"https:\/\/gamapartsmx.com\/#organization","name":"Gama Parts","url":"https:\/\/gamapartsmx.com\/","logo":{"@type":"ImageObject","inLanguage":"es","@id":"https:\/\/gamapartsmx.com\/#\/schema\/logo\/image\/","url":"https:\/\/gamapartsmx.com\/wp-content\/uploads\/2023\/09\/GAMA-PARTS-LOGO.png","contentUrl":"https:\/\/gamapartsmx.com\/wp-content\/uploads\/2023\/09\/GAMA-PARTS-LOGO.png","width":350,"height":100,"caption":"Gama Parts"},"image":{"@id":"https:\/\/gamapartsmx.com\/#\/schema\/logo\/image\/"}}]}},"_links":{"self":[{"href":"https:\/\/gamapartsmx.com\/index.php?rest_route=\/wp\/v2\/pages\/4607"}],"collection":[{"href":"https:\/\/gamapartsmx.com\/index.php?rest_route=\/wp\/v2\/pages"}],"about":[{"href":"https:\/\/gamapartsmx.com\/index.php?rest_route=\/wp\/v2\/types\/page"}],"author":[{"embeddable":true,"href":"https:\/\/gamapartsmx.com\/index.php?rest_route=\/wp\/v2\/users\/1"}],"replies":[{"embeddable":true,"href":"https:\/\/gamapartsmx.com\/index.php?rest_route=%2Fwp%2Fv2%2Fcomments&post=4607"}],"version-history":[{"count":4,"href":"https:\/\/gamapartsmx.com\/index.php?rest_route=\/wp\/v2\/pages\/4607\/revisions"}],"predecessor-version":[{"id":4612,"href":"https:\/\/gamapartsmx.com\/index.php?rest_route=\/wp\/v2\/pages\/4607\/revisions\/4612"}],"wp:attachment":[{"href":"https:\/\/gamapartsmx.com\/index.php?rest_route=%2Fwp%2Fv2%2Fmedia&parent=4607"}],"curies":[{"name":"wp","href":"https:\/\/api.w.org\/{rel}","templated":true}]}}