{"id":4613,"date":"2026-03-17T18:46:40","date_gmt":"2026-03-17T17:46:40","guid":{"rendered":"https:\/\/gamapartsmx.com\/?page_id=4613"},"modified":"2026-03-17T18:50:45","modified_gmt":"2026-03-17T17:50:45","slug":"filtro-de-combustible-sensor-cnh-para-case-770ex-770xplus-952ex","status":"publish","type":"page","link":"https:\/\/gamapartsmx.com\/?page_id=4613","title":{"rendered":"FILTRO DE COMBUSTIBLE CON SENSOR CNH PARA CASE 770EX, 770XPLUS, 952EX"},"content":{"rendered":"\t\t<div data-elementor-type=\"wp-page\" data-elementor-id=\"4613\" class=\"elementor elementor-4613\" data-elementor-post-type=\"page\">\n\t\t\t\t<div class=\"elementor-element elementor-element-3410aaee e-flex e-con-boxed e-con e-parent\" data-id=\"3410aaee\" data-element_type=\"container\">\n\t\t\t\t\t<div class=\"e-con-inner\">\n\t\t\t\t<div class=\"elementor-element elementor-element-4818065c elementor-widget elementor-widget-spacer\" data-id=\"4818065c\" data-element_type=\"widget\" data-widget_type=\"spacer.default\">\n\t\t\t\t<div class=\"elementor-widget-container\">\n\t\t\t\t\t<div class=\"elementor-spacer\">\n\t\t\t<div class=\"elementor-spacer-inner\"><\/div>\n\t\t<\/div>\n\t\t\t\t<\/div>\n\t\t\t\t<\/div>\n\t\t\t\t\t<\/div>\n\t\t\t\t<\/div>\n\t\t<div class=\"elementor-element elementor-element-65a58c32 e-flex e-con-boxed e-con e-parent\" data-id=\"65a58c32\" data-element_type=\"container\">\n\t\t\t\t\t<div class=\"e-con-inner\">\n\t\t\t\t<div class=\"elementor-element elementor-element-5a228ff8 elementor-widget elementor-widget-heading\" data-id=\"5a228ff8\" data-element_type=\"widget\" data-widget_type=\"heading.default\">\n\t\t\t\t<div class=\"elementor-widget-container\">\n\t\t\t<h2 class=\"elementor-heading-title elementor-size-default\">FILTRO DE COMBUSTIBLE CON SENSOR CNH PARA CASE 770EX, 770XPLUS, 952EX.<\/h2>\t\t<\/div>\n\t\t\t\t<\/div>\n\t\t\t\t\t<\/div>\n\t\t\t\t<\/div>\n\t\t<div class=\"elementor-element elementor-element-4e106bb e-flex e-con-boxed e-con e-parent\" data-id=\"4e106bb\" data-element_type=\"container\">\n\t\t\t\t\t<div class=\"e-con-inner\">\n\t\t<div class=\"elementor-element elementor-element-b572d0b e-con-full e-flex e-con e-child\" data-id=\"b572d0b\" data-element_type=\"container\">\n\t\t<div class=\"elementor-element elementor-element-2a77221 e-grid e-con-full e-con e-child\" data-id=\"2a77221\" data-element_type=\"container\">\n\t\t\t\t<div class=\"elementor-element elementor-element-376baa5 elementor-widget elementor-widget-image\" data-id=\"376baa5\" data-element_type=\"widget\" data-widget_type=\"image.default\">\n\t\t\t\t<div class=\"elementor-widget-container\">\n\t\t\t\t\t\t\t\t\t\t\t\t\t<img fetchpriority=\"high\" decoding=\"async\" width=\"2048\" height=\"2048\" src=\"https:\/\/gamapartsmx.com\/wp-content\/uploads\/2026\/03\/FILTRO-DE-COMBUSTIBLE-SEPARADOR-PARA-CASE-770EX.jpeg\" class=\"attachment-full size-full wp-image-4487\" alt=\"\" srcset=\"https:\/\/gamapartsmx.com\/wp-content\/uploads\/2026\/03\/FILTRO-DE-COMBUSTIBLE-SEPARADOR-PARA-CASE-770EX.jpeg 2048w, https:\/\/gamapartsmx.com\/wp-content\/uploads\/2026\/03\/FILTRO-DE-COMBUSTIBLE-SEPARADOR-PARA-CASE-770EX-300x300.jpeg 300w, https:\/\/gamapartsmx.com\/wp-content\/uploads\/2026\/03\/FILTRO-DE-COMBUSTIBLE-SEPARADOR-PARA-CASE-770EX-1024x1024.jpeg 1024w, https:\/\/gamapartsmx.com\/wp-content\/uploads\/2026\/03\/FILTRO-DE-COMBUSTIBLE-SEPARADOR-PARA-CASE-770EX-150x150.jpeg 150w, https:\/\/gamapartsmx.com\/wp-content\/uploads\/2026\/03\/FILTRO-DE-COMBUSTIBLE-SEPARADOR-PARA-CASE-770EX-768x768.jpeg 768w, https:\/\/gamapartsmx.com\/wp-content\/uploads\/2026\/03\/FILTRO-DE-COMBUSTIBLE-SEPARADOR-PARA-CASE-770EX-1536x1536.jpeg 1536w, https:\/\/gamapartsmx.com\/wp-content\/uploads\/2026\/03\/FILTRO-DE-COMBUSTIBLE-SEPARADOR-PARA-CASE-770EX-1320x1320.jpeg 1320w, https:\/\/gamapartsmx.com\/wp-content\/uploads\/2026\/03\/FILTRO-DE-COMBUSTIBLE-SEPARADOR-PARA-CASE-770EX-600x600.jpeg 600w, https:\/\/gamapartsmx.com\/wp-content\/uploads\/2026\/03\/FILTRO-DE-COMBUSTIBLE-SEPARADOR-PARA-CASE-770EX-100x100.jpeg 100w\" sizes=\"(max-width: 2048px) 100vw, 2048px\" \/>\t\t\t\t\t\t\t\t\t\t\t\t\t<\/div>\n\t\t\t\t<\/div>\n\t\t\t\t<div class=\"elementor-element elementor-element-3509106 elementor-widget elementor-widget-text-editor\" data-id=\"3509106\" data-element_type=\"widget\" data-widget_type=\"text-editor.default\">\n\t\t\t\t<div class=\"elementor-widget-container\">\n\t\t\t\t\t\t\t<p data-start=\"249\" data-end=\"515\">El <strong data-start=\"252\" data-end=\"302\">filtro de combustible con sensor CASE <\/strong>est\u00e1 dise\u00f1ado para ofrecer una filtraci\u00f3n eficiente del di\u00e9sel y, al mismo tiempo, <strong data-start=\"386\" data-end=\"437\">detectar la presencia de agua en el combustible.<\/strong><\/p><p data-start=\"718\" data-end=\"964\">Incorpora tecnolog\u00eda <strong data-start=\"739\" data-end=\"762\">WIF (Water In Fuel)<\/strong>, un sensor que permite identificar la acumulaci\u00f3n de agua en el sistema, alertando al operador para evitar da\u00f1os en componentes sensibles como inyectores, bomba de combustible y l\u00edneas de alimentaci\u00f3n.<\/p><p data-start=\"966\" data-end=\"1243\">Adem\u00e1s de la detecci\u00f3n, el filtro cumple con su funci\u00f3n principal de <strong data-start=\"1035\" data-end=\"1085\">retener part\u00edculas, sedimentos y contaminantes<\/strong>, asegurando un flujo limpio y constante de combustible hacia el motor. Esto se traduce en mejor combusti\u00f3n, mayor eficiencia y reducci\u00f3n de fallas mec\u00e1nicas.<\/p><p data-start=\"1464\" data-end=\"1497\"><strong data-start=\"1464\" data-end=\"1497\">Especificaciones del producto<\/strong><\/p><ul data-start=\"1499\" data-end=\"1752\"><li data-section-id=\"15tvu5e\" data-start=\"1533\" data-end=\"1605\"><p data-start=\"1535\" data-end=\"1605\"><strong data-start=\"1535\" data-end=\"1544\">Tipo:<\/strong> Filtro de combustible con separador de agua y sensor (WIF)<\/p><\/li><li data-section-id=\"1qxyopi\" data-start=\"1606\" data-end=\"1628\"><p data-start=\"1608\" data-end=\"1628\"><strong data-start=\"1608\" data-end=\"1617\">Peso:<\/strong> 0.852 kg<\/p><\/li><li data-section-id=\"3jt3c4\" data-start=\"1629\" data-end=\"1713\"><p data-start=\"1631\" data-end=\"1649\"><strong data-start=\"1631\" data-end=\"1647\">Dimensiones:<\/strong><\/p><ul data-start=\"1652\" data-end=\"1713\"><li data-section-id=\"44b0i3\" data-start=\"1652\" data-end=\"1672\"><p data-start=\"1654\" data-end=\"1672\">Longitud: 285 mm<\/p><\/li><li data-section-id=\"mi0z2g\" data-start=\"1675\" data-end=\"1692\"><p data-start=\"1677\" data-end=\"1692\">Ancho: 111 mm<\/p><\/li><li data-section-id=\"eipyxo\" data-start=\"1695\" data-end=\"1713\"><p data-start=\"1697\" data-end=\"1713\">Altura: 111 mm<\/p><\/li><\/ul><\/li><li data-section-id=\"kdgd8s\" data-start=\"1714\" data-end=\"1752\"><p data-start=\"1716\" data-end=\"1752\"><strong data-start=\"1716\" data-end=\"1741\">Cantidad por paquete:<\/strong> 1 unidad<\/p><\/li><\/ul><p data-start=\"1754\" data-end=\"1778\"><strong data-start=\"1754\" data-end=\"1778\">Aplicaciones comunes<\/strong><\/p><ul data-start=\"1780\" data-end=\"1927\"><li data-section-id=\"6o9t9t\" data-start=\"1780\" data-end=\"1798\"><p data-start=\"1782\" data-end=\"1798\">CASE <strong data-start=\"1787\" data-end=\"1796\">770EX<\/strong><\/p><\/li><li data-section-id=\"1lvkvce\" data-start=\"1799\" data-end=\"1820\"><p data-start=\"1801\" data-end=\"1820\">CASE <strong data-start=\"1806\" data-end=\"1818\">770XPLUS<\/strong><\/p><\/li><li data-section-id=\"12dx8e7\" data-start=\"1821\" data-end=\"1839\"><p data-start=\"1823\" data-end=\"1839\">CASE <strong data-start=\"1828\" data-end=\"1837\">952EX<\/strong><\/p><\/li><li data-section-id=\"ei9t4\" data-start=\"1840\" data-end=\"1927\"><p data-start=\"1842\" data-end=\"1927\">Otras aplicaciones en maquinaria CASE seg\u00fan configuraci\u00f3n del sistema de combustible.<\/p><\/li><\/ul>\t\t\t\t\t\t<\/div>\n\t\t\t\t<\/div>\n\t\t\t\t<\/div>\n\t\t\t\t<\/div>\n\t\t\t\t\t<\/div>\n\t\t\t\t<\/div>\n\t\t<div class=\"elementor-element elementor-element-65fe224 e-con-full e-flex e-con e-parent\" data-id=\"65fe224\" data-element_type=\"container\">\n\t\t\t\t<div class=\"elementor-element elementor-element-a01b2e0 elementor-cta--skin-cover elementor-animated-content elementor-bg-transform elementor-bg-transform-zoom-in elementor-widget elementor-widget-call-to-action\" data-id=\"a01b2e0\" data-element_type=\"widget\" data-widget_type=\"call-to-action.default\">\n\t\t\t\t<div class=\"elementor-widget-container\">\n\t\t\t\t\t<div class=\"elementor-cta\">\n\t\t\t\t\t<div class=\"elementor-cta__bg-wrapper\">\n\t\t\t\t<div class=\"elementor-cta__bg elementor-bg\" style=\"background-image: url(https:\/\/gamapartsmx.com\/wp-content\/uploads\/2026\/03\/banner-call-center-1.png);\" role=\"img\" aria-label=\"\"><\/div>\n\t\t\t\t<div class=\"elementor-cta__bg-overlay\"><\/div>\n\t\t\t<\/div>\n\t\t\t\t\t\t\t<div class=\"elementor-cta__content\">\n\t\t\t\t\n\t\t\t\t\t\t\t\t\t<h2 class=\"elementor-cta__title elementor-cta__content-item elementor-content-item elementor-animated-item--grow\">\n\t\t\t\t\t\t\u00bfREQUIERES UNA COTIZACION?\t\t\t\t\t<\/h2>\n\t\t\t\t\n\t\t\t\t\t\t\t\t\t<div class=\"elementor-cta__description elementor-cta__content-item elementor-content-item elementor-animated-item--grow\">\n\t\t\t\t\t\tPREGUNTA POR EXISTENCIAS, PRECIO Y DISPONIBILIDAD A TRAVES DE NUESTRA LINEA EN WHATSAPP\t\t\t\t\t<\/div>\n\t\t\t\t\n\t\t\t\t\t\t\t\t\t<div class=\"elementor-cta__button-wrapper elementor-cta__content-item elementor-content-item elementor-animated-item--grow\">\n\t\t\t\t\t<a class=\"elementor-cta__button elementor-button elementor-size-\" href=\"https:\/\/wa.me\/5219936704197\">\n\t\t\t\t\t\tCOTIZA AHORA\t\t\t\t\t<\/a>\n\t\t\t\t\t<\/div>\n\t\t\t\t\t\t\t<\/div>\n\t\t\t\t\t\t<\/div>\n\t\t\t\t<\/div>\n\t\t\t\t<\/div>\n\t\t\t\t<\/div>\n\t\t<div class=\"elementor-element elementor-element-0a016b8 e-flex e-con-boxed e-con e-parent\" data-id=\"0a016b8\" data-element_type=\"container\">\n\t\t\t\t\t<div class=\"e-con-inner\">\n\t\t\t\t<div class=\"elementor-element elementor-element-6afa423 elementor-widget elementor-widget-spacer\" data-id=\"6afa423\" data-element_type=\"widget\" data-widget_type=\"spacer.default\">\n\t\t\t\t<div class=\"elementor-widget-container\">\n\t\t\t\t\t<div class=\"elementor-spacer\">\n\t\t\t<div class=\"elementor-spacer-inner\"><\/div>\n\t\t<\/div>\n\t\t\t\t<\/div>\n\t\t\t\t<\/div>\n\t\t\t\t\t<\/div>\n\t\t\t\t<\/div>\n\t\t\t\t<\/div>\n\t\t","protected":false},"excerpt":{"rendered":"<p>FILTRO DE COMBUSTIBLE CON SENSOR CNH PARA CASE 770EX, 770XPLUS, 952EX. El filtro de combustible con sensor CASE est\u00e1 dise\u00f1ado para ofrecer una filtraci\u00f3n eficiente del di\u00e9sel y, al mismo tiempo, detectar la presencia de agua en el combustible. Incorpora tecnolog\u00eda WIF (Water In Fuel), un sensor que permite identificar la acumulaci\u00f3n de agua en [&hellip;]<\/p>\n","protected":false},"author":1,"featured_media":0,"parent":0,"menu_order":0,"comment_status":"closed","ping_status":"closed","template":"","meta":{"_monsterinsights_skip_tracking":false,"_monsterinsights_sitenote_active":false,"_monsterinsights_sitenote_note":"","_monsterinsights_sitenote_category":0,"_joinchat":[],"footnotes":""},"class_list":["post-4613","page","type-page","status-publish","hentry"],"yoast_head":"<!-- This site is optimized with the Yoast SEO plugin v21.2 - https:\/\/yoast.com\/wordpress\/plugins\/seo\/ -->\n<title>FILTRO DE COMBUSTIBLE CON SENSOR CNH PARA CASE 770EX, 770XPLUS, 952EX - Gama Parts Mx<\/title>\n<meta name=\"robots\" content=\"index, follow, max-snippet:-1, max-image-preview:large, max-video-preview:-1\" \/>\n<link rel=\"canonical\" href=\"https:\/\/gamapartsmx.com\/?page_id=4613\" \/>\n<meta property=\"og:locale\" content=\"es_ES\" \/>\n<meta property=\"og:type\" content=\"article\" \/>\n<meta property=\"og:title\" content=\"FILTRO DE COMBUSTIBLE CON SENSOR CNH PARA CASE 770EX, 770XPLUS, 952EX - Gama Parts Mx\" \/>\n<meta property=\"og:description\" content=\"FILTRO DE COMBUSTIBLE CON SENSOR CNH PARA CASE 770EX, 770XPLUS, 952EX. El filtro de combustible con sensor CASE est\u00e1 dise\u00f1ado para ofrecer una filtraci\u00f3n eficiente del di\u00e9sel y, al mismo tiempo, detectar la presencia de agua en el combustible. Incorpora tecnolog\u00eda WIF (Water In Fuel), un sensor que permite identificar la acumulaci\u00f3n de agua en [&hellip;]\" \/>\n<meta property=\"og:url\" content=\"https:\/\/gamapartsmx.com\/?page_id=4613\" \/>\n<meta property=\"og:site_name\" content=\"Gama Parts Mx\" \/>\n<meta property=\"article:modified_time\" content=\"2026-03-17T17:50:45+00:00\" \/>\n<meta property=\"og:image\" content=\"http:\/\/gamapartsmx.com\/wp-content\/uploads\/2026\/03\/FILTRO-DE-COMBUSTIBLE-SEPARADOR-PARA-CASE-770EX.jpeg\" \/>\n<meta name=\"twitter:card\" content=\"summary_large_image\" \/>\n<meta name=\"twitter:label1\" content=\"Tiempo de lectura\" \/>\n\t<meta name=\"twitter:data1\" content=\"2 minutos\" \/>\n<script type=\"application\/ld+json\" class=\"yoast-schema-graph\">{\"@context\":\"https:\/\/schema.org\",\"@graph\":[{\"@type\":\"WebPage\",\"@id\":\"https:\/\/gamapartsmx.com\/?page_id=4613\",\"url\":\"https:\/\/gamapartsmx.com\/?page_id=4613\",\"name\":\"FILTRO DE COMBUSTIBLE CON SENSOR CNH PARA CASE 770EX, 770XPLUS, 952EX - Gama Parts Mx\",\"isPartOf\":{\"@id\":\"https:\/\/gamapartsmx.com\/#website\"},\"datePublished\":\"2026-03-17T17:46:40+00:00\",\"dateModified\":\"2026-03-17T17:50:45+00:00\",\"breadcrumb\":{\"@id\":\"https:\/\/gamapartsmx.com\/?page_id=4613#breadcrumb\"},\"inLanguage\":\"es\",\"potentialAction\":[{\"@type\":\"ReadAction\",\"target\":[\"https:\/\/gamapartsmx.com\/?page_id=4613\"]}]},{\"@type\":\"BreadcrumbList\",\"@id\":\"https:\/\/gamapartsmx.com\/?page_id=4613#breadcrumb\",\"itemListElement\":[{\"@type\":\"ListItem\",\"position\":1,\"name\":\"Portada\",\"item\":\"https:\/\/gamapartsmx.com\/\"},{\"@type\":\"ListItem\",\"position\":2,\"name\":\"FILTRO DE COMBUSTIBLE CON SENSOR CNH PARA CASE 770EX, 770XPLUS, 952EX\"}]},{\"@type\":\"WebSite\",\"@id\":\"https:\/\/gamapartsmx.com\/#website\",\"url\":\"https:\/\/gamapartsmx.com\/\",\"name\":\"Gama Parts\",\"description\":\"Venta de Refacciones para Maquinaria Pesada dirigida al Sector Industrial y de construcci\u00f3n en Villahermosa, Tabasco.\",\"publisher\":{\"@id\":\"https:\/\/gamapartsmx.com\/#organization\"},\"potentialAction\":[{\"@type\":\"SearchAction\",\"target\":{\"@type\":\"EntryPoint\",\"urlTemplate\":\"https:\/\/gamapartsmx.com\/?s={search_term_string}\"},\"query-input\":\"required name=search_term_string\"}],\"inLanguage\":\"es\"},{\"@type\":\"Organization\",\"@id\":\"https:\/\/gamapartsmx.com\/#organization\",\"name\":\"Gama Parts\",\"url\":\"https:\/\/gamapartsmx.com\/\",\"logo\":{\"@type\":\"ImageObject\",\"inLanguage\":\"es\",\"@id\":\"https:\/\/gamapartsmx.com\/#\/schema\/logo\/image\/\",\"url\":\"https:\/\/gamapartsmx.com\/wp-content\/uploads\/2023\/09\/GAMA-PARTS-LOGO.png\",\"contentUrl\":\"https:\/\/gamapartsmx.com\/wp-content\/uploads\/2023\/09\/GAMA-PARTS-LOGO.png\",\"width\":350,\"height\":100,\"caption\":\"Gama Parts\"},\"image\":{\"@id\":\"https:\/\/gamapartsmx.com\/#\/schema\/logo\/image\/\"}}]}<\/script>\n<!-- \/ Yoast SEO plugin. -->","yoast_head_json":{"title":"FILTRO DE COMBUSTIBLE CON SENSOR CNH PARA CASE 770EX, 770XPLUS, 952EX - Gama Parts Mx","robots":{"index":"index","follow":"follow","max-snippet":"max-snippet:-1","max-image-preview":"max-image-preview:large","max-video-preview":"max-video-preview:-1"},"canonical":"https:\/\/gamapartsmx.com\/?page_id=4613","og_locale":"es_ES","og_type":"article","og_title":"FILTRO DE COMBUSTIBLE CON SENSOR CNH PARA CASE 770EX, 770XPLUS, 952EX - Gama Parts Mx","og_description":"FILTRO DE COMBUSTIBLE CON SENSOR CNH PARA CASE 770EX, 770XPLUS, 952EX. El filtro de combustible con sensor CASE est\u00e1 dise\u00f1ado para ofrecer una filtraci\u00f3n eficiente del di\u00e9sel y, al mismo tiempo, detectar la presencia de agua en el combustible. Incorpora tecnolog\u00eda WIF (Water In Fuel), un sensor que permite identificar la acumulaci\u00f3n de agua en [&hellip;]","og_url":"https:\/\/gamapartsmx.com\/?page_id=4613","og_site_name":"Gama Parts Mx","article_modified_time":"2026-03-17T17:50:45+00:00","og_image":[{"url":"http:\/\/gamapartsmx.com\/wp-content\/uploads\/2026\/03\/FILTRO-DE-COMBUSTIBLE-SEPARADOR-PARA-CASE-770EX.jpeg"}],"twitter_card":"summary_large_image","twitter_misc":{"Tiempo de lectura":"2 minutos"},"schema":{"@context":"https:\/\/schema.org","@graph":[{"@type":"WebPage","@id":"https:\/\/gamapartsmx.com\/?page_id=4613","url":"https:\/\/gamapartsmx.com\/?page_id=4613","name":"FILTRO DE COMBUSTIBLE CON SENSOR CNH PARA CASE 770EX, 770XPLUS, 952EX - Gama Parts Mx","isPartOf":{"@id":"https:\/\/gamapartsmx.com\/#website"},"datePublished":"2026-03-17T17:46:40+00:00","dateModified":"2026-03-17T17:50:45+00:00","breadcrumb":{"@id":"https:\/\/gamapartsmx.com\/?page_id=4613#breadcrumb"},"inLanguage":"es","potentialAction":[{"@type":"ReadAction","target":["https:\/\/gamapartsmx.com\/?page_id=4613"]}]},{"@type":"BreadcrumbList","@id":"https:\/\/gamapartsmx.com\/?page_id=4613#breadcrumb","itemListElement":[{"@type":"ListItem","position":1,"name":"Portada","item":"https:\/\/gamapartsmx.com\/"},{"@type":"ListItem","position":2,"name":"FILTRO DE COMBUSTIBLE CON SENSOR CNH PARA CASE 770EX, 770XPLUS, 952EX"}]},{"@type":"WebSite","@id":"https:\/\/gamapartsmx.com\/#website","url":"https:\/\/gamapartsmx.com\/","name":"Gama Parts","description":"Venta de Refacciones para Maquinaria Pesada dirigida al Sector Industrial y de construcci\u00f3n en Villahermosa, Tabasco.","publisher":{"@id":"https:\/\/gamapartsmx.com\/#organization"},"potentialAction":[{"@type":"SearchAction","target":{"@type":"EntryPoint","urlTemplate":"https:\/\/gamapartsmx.com\/?s={search_term_string}"},"query-input":"required name=search_term_string"}],"inLanguage":"es"},{"@type":"Organization","@id":"https:\/\/gamapartsmx.com\/#organization","name":"Gama Parts","url":"https:\/\/gamapartsmx.com\/","logo":{"@type":"ImageObject","inLanguage":"es","@id":"https:\/\/gamapartsmx.com\/#\/schema\/logo\/image\/","url":"https:\/\/gamapartsmx.com\/wp-content\/uploads\/2023\/09\/GAMA-PARTS-LOGO.png","contentUrl":"https:\/\/gamapartsmx.com\/wp-content\/uploads\/2023\/09\/GAMA-PARTS-LOGO.png","width":350,"height":100,"caption":"Gama Parts"},"image":{"@id":"https:\/\/gamapartsmx.com\/#\/schema\/logo\/image\/"}}]}},"_links":{"self":[{"href":"https:\/\/gamapartsmx.com\/index.php?rest_route=\/wp\/v2\/pages\/4613"}],"collection":[{"href":"https:\/\/gamapartsmx.com\/index.php?rest_route=\/wp\/v2\/pages"}],"about":[{"href":"https:\/\/gamapartsmx.com\/index.php?rest_route=\/wp\/v2\/types\/page"}],"author":[{"embeddable":true,"href":"https:\/\/gamapartsmx.com\/index.php?rest_route=\/wp\/v2\/users\/1"}],"replies":[{"embeddable":true,"href":"https:\/\/gamapartsmx.com\/index.php?rest_route=%2Fwp%2Fv2%2Fcomments&post=4613"}],"version-history":[{"count":7,"href":"https:\/\/gamapartsmx.com\/index.php?rest_route=\/wp\/v2\/pages\/4613\/revisions"}],"predecessor-version":[{"id":4620,"href":"https:\/\/gamapartsmx.com\/index.php?rest_route=\/wp\/v2\/pages\/4613\/revisions\/4620"}],"wp:attachment":[{"href":"https:\/\/gamapartsmx.com\/index.php?rest_route=%2Fwp%2Fv2%2Fmedia&parent=4613"}],"curies":[{"name":"wp","href":"https:\/\/api.w.org\/{rel}","templated":true}]}}