{"id":4650,"date":"2026-03-17T19:38:24","date_gmt":"2026-03-17T18:38:24","guid":{"rendered":"https:\/\/gamapartsmx.com\/?page_id=4650"},"modified":"2026-03-17T19:56:10","modified_gmt":"2026-03-17T18:56:10","slug":"filtro-de-aire-primario-secundario-cnh-para-case-770ex-770xplus-952ex","status":"publish","type":"page","link":"https:\/\/gamapartsmx.com\/?page_id=4650","title":{"rendered":"FILTRO DE AIRE PRIMARIO Y SECUNDARIO CNH PARA CASE 770EX, 770XPLUS, 952EX"},"content":{"rendered":"\t\t<div data-elementor-type=\"wp-page\" data-elementor-id=\"4650\" class=\"elementor elementor-4650\" data-elementor-post-type=\"page\">\n\t\t\t\t<div class=\"elementor-element elementor-element-3410aaee e-flex e-con-boxed e-con e-parent\" data-id=\"3410aaee\" data-element_type=\"container\">\n\t\t\t\t\t<div class=\"e-con-inner\">\n\t\t\t\t<div class=\"elementor-element elementor-element-4818065c elementor-widget elementor-widget-spacer\" data-id=\"4818065c\" data-element_type=\"widget\" data-widget_type=\"spacer.default\">\n\t\t\t\t<div class=\"elementor-widget-container\">\n\t\t\t\t\t<div class=\"elementor-spacer\">\n\t\t\t<div class=\"elementor-spacer-inner\"><\/div>\n\t\t<\/div>\n\t\t\t\t<\/div>\n\t\t\t\t<\/div>\n\t\t\t\t\t<\/div>\n\t\t\t\t<\/div>\n\t\t<div class=\"elementor-element elementor-element-65a58c32 e-flex e-con-boxed e-con e-parent\" data-id=\"65a58c32\" data-element_type=\"container\">\n\t\t\t\t\t<div class=\"e-con-inner\">\n\t\t\t\t<div class=\"elementor-element elementor-element-5a228ff8 elementor-widget elementor-widget-heading\" data-id=\"5a228ff8\" data-element_type=\"widget\" data-widget_type=\"heading.default\">\n\t\t\t\t<div class=\"elementor-widget-container\">\n\t\t\t<h2 class=\"elementor-heading-title elementor-size-default\">FILTRO DE AIRE PRIMARIO Y SECUNDARIO CNH PARA CASE 770EX, 770XPLUS, 952EX.<\/h2>\t\t<\/div>\n\t\t\t\t<\/div>\n\t\t\t\t\t<\/div>\n\t\t\t\t<\/div>\n\t\t<div class=\"elementor-element elementor-element-4e106bb e-flex e-con-boxed e-con e-parent\" data-id=\"4e106bb\" data-element_type=\"container\">\n\t\t\t\t\t<div class=\"e-con-inner\">\n\t\t<div class=\"elementor-element elementor-element-b572d0b e-con-full e-flex e-con e-child\" data-id=\"b572d0b\" data-element_type=\"container\">\n\t\t<div class=\"elementor-element elementor-element-2a77221 e-grid e-con-full e-con e-child\" data-id=\"2a77221\" data-element_type=\"container\">\n\t\t\t\t<div class=\"elementor-element elementor-element-376baa5 elementor-widget elementor-widget-image\" data-id=\"376baa5\" data-element_type=\"widget\" data-widget_type=\"image.default\">\n\t\t\t\t<div class=\"elementor-widget-container\">\n\t\t\t\t\t\t\t\t\t\t\t\t\t<img fetchpriority=\"high\" decoding=\"async\" width=\"2048\" height=\"2048\" src=\"https:\/\/gamapartsmx.com\/wp-content\/uploads\/2026\/03\/FILTROS-DE-AIRE-PRIMARIO-Y-SECUNDARIO-PARA-CASE-770EX.jpeg\" class=\"attachment-full size-full wp-image-4482\" alt=\"\" srcset=\"https:\/\/gamapartsmx.com\/wp-content\/uploads\/2026\/03\/FILTROS-DE-AIRE-PRIMARIO-Y-SECUNDARIO-PARA-CASE-770EX.jpeg 2048w, https:\/\/gamapartsmx.com\/wp-content\/uploads\/2026\/03\/FILTROS-DE-AIRE-PRIMARIO-Y-SECUNDARIO-PARA-CASE-770EX-300x300.jpeg 300w, https:\/\/gamapartsmx.com\/wp-content\/uploads\/2026\/03\/FILTROS-DE-AIRE-PRIMARIO-Y-SECUNDARIO-PARA-CASE-770EX-1024x1024.jpeg 1024w, https:\/\/gamapartsmx.com\/wp-content\/uploads\/2026\/03\/FILTROS-DE-AIRE-PRIMARIO-Y-SECUNDARIO-PARA-CASE-770EX-150x150.jpeg 150w, https:\/\/gamapartsmx.com\/wp-content\/uploads\/2026\/03\/FILTROS-DE-AIRE-PRIMARIO-Y-SECUNDARIO-PARA-CASE-770EX-768x768.jpeg 768w, https:\/\/gamapartsmx.com\/wp-content\/uploads\/2026\/03\/FILTROS-DE-AIRE-PRIMARIO-Y-SECUNDARIO-PARA-CASE-770EX-1536x1536.jpeg 1536w, https:\/\/gamapartsmx.com\/wp-content\/uploads\/2026\/03\/FILTROS-DE-AIRE-PRIMARIO-Y-SECUNDARIO-PARA-CASE-770EX-1320x1320.jpeg 1320w, https:\/\/gamapartsmx.com\/wp-content\/uploads\/2026\/03\/FILTROS-DE-AIRE-PRIMARIO-Y-SECUNDARIO-PARA-CASE-770EX-600x600.jpeg 600w, https:\/\/gamapartsmx.com\/wp-content\/uploads\/2026\/03\/FILTROS-DE-AIRE-PRIMARIO-Y-SECUNDARIO-PARA-CASE-770EX-100x100.jpeg 100w\" sizes=\"(max-width: 2048px) 100vw, 2048px\" \/>\t\t\t\t\t\t\t\t\t\t\t\t\t<\/div>\n\t\t\t\t<\/div>\n\t\t\t\t<div class=\"elementor-element elementor-element-3509106 elementor-widget elementor-widget-text-editor\" data-id=\"3509106\" data-element_type=\"widget\" data-widget_type=\"text-editor.default\">\n\t\t\t\t<div class=\"elementor-widget-container\">\n\t\t\t\t\t\t\t<p data-start=\"252\" data-end=\"529\">El conjunto de <strong data-start=\"267\" data-end=\"335\">filtros de aire CASE<\/strong> est\u00e1n dise\u00f1ado para proporcionar una protecci\u00f3n integral al sistema de admisi\u00f3n del motor<\/p><p data-start=\"703\" data-end=\"737\">El sistema funciona en dos etapas:<\/p><ul data-start=\"739\" data-end=\"1219\"><li data-section-id=\"1p4esan\" data-start=\"739\" data-end=\"967\"><p data-start=\"741\" data-end=\"967\"><strong data-start=\"741\" data-end=\"772\">Filtro primario<\/strong><br data-start=\"772\" data-end=\"775\" \/>Act\u00faa como la primera l\u00ednea de defensa, capturando la mayor parte de polvo, suciedad y part\u00edculas grandes, permitiendo un flujo de aire adecuado hacia el motor sin comprometer la eficiencia.<\/p><\/li><li data-section-id=\"r9nu0l\" data-start=\"969\" data-end=\"1219\"><p data-start=\"971\" data-end=\"1219\"><strong data-start=\"971\" data-end=\"1016\">Filtro secundario \/ seguridad<\/strong><br data-start=\"1016\" data-end=\"1019\" \/>Funciona como respaldo del sistema, reteniendo part\u00edculas finas que puedan atravesar el filtro primario y protegiendo el motor en todo momento, incluso durante mantenimientos o condiciones extremas.<\/p><\/li><\/ul><p data-start=\"1221\" data-end=\"1409\">Esta combinaci\u00f3n garantiza una <strong data-start=\"1252\" data-end=\"1332\">filtraci\u00f3n m\u00e1s eficiente, menor desgaste interno y mayor vida \u00fatil del motor<\/strong><\/p><p data-start=\"1564\" data-end=\"1615\"><strong data-start=\"1564\" data-end=\"1615\">Especificaciones del filtro primario<\/strong><\/p><ul data-start=\"1617\" data-end=\"1801\"><li data-section-id=\"133c9zs\" data-start=\"1655\" data-end=\"1677\"><p data-start=\"1657\" data-end=\"1677\"><strong data-start=\"1657\" data-end=\"1666\">Peso:<\/strong> 1.374 kg<\/p><\/li><li data-section-id=\"hxzmju\" data-start=\"1678\" data-end=\"1762\"><p data-start=\"1680\" data-end=\"1698\"><strong data-start=\"1680\" data-end=\"1696\">Dimensiones:<\/strong><\/p><ul data-start=\"1701\" data-end=\"1762\"><li data-section-id=\"aryn0h\" data-start=\"1701\" data-end=\"1721\"><p data-start=\"1703\" data-end=\"1721\">Longitud: 401 mm<\/p><\/li><li data-section-id=\"1xami3t\" data-start=\"1724\" data-end=\"1741\"><p data-start=\"1726\" data-end=\"1741\">Ancho: 198 mm<\/p><\/li><li data-section-id=\"wbafbt\" data-start=\"1744\" data-end=\"1762\"><p data-start=\"1746\" data-end=\"1762\">Altura: 206 mm<\/p><\/li><\/ul><\/li><\/ul><p data-start=\"1808\" data-end=\"1861\"><strong data-start=\"1808\" data-end=\"1861\">Especificaciones del filtro secundario<\/strong><\/p><ul data-start=\"1863\" data-end=\"2061\"><li data-section-id=\"v4ieds\" data-start=\"1915\" data-end=\"1937\"><p data-start=\"1917\" data-end=\"1937\"><strong data-start=\"1917\" data-end=\"1926\">Peso:<\/strong> 0.494 kg<\/p><\/li><li data-section-id=\"1q0mkz0\" data-start=\"1938\" data-end=\"2022\"><p data-start=\"1940\" data-end=\"1958\"><strong data-start=\"1940\" data-end=\"1956\">Dimensiones:<\/strong><\/p><ul data-start=\"1961\" data-end=\"2022\"><li data-section-id=\"sc2xhf\" data-start=\"1961\" data-end=\"1981\"><p data-start=\"1963\" data-end=\"1981\">Longitud: 160 mm<\/p><\/li><li data-section-id=\"s08xgu\" data-start=\"1984\" data-end=\"2001\"><p data-start=\"1986\" data-end=\"2001\">Ancho: 160 mm<\/p><\/li><li data-section-id=\"98pyka\" data-start=\"2004\" data-end=\"2022\"><p data-start=\"2006\" data-end=\"2022\">Altura: 447 mm<\/p><\/li><\/ul><\/li><\/ul>\t\t\t\t\t\t<\/div>\n\t\t\t\t<\/div>\n\t\t\t\t<\/div>\n\t\t\t\t<\/div>\n\t\t\t\t\t<\/div>\n\t\t\t\t<\/div>\n\t\t<div class=\"elementor-element elementor-element-65fe224 e-con-full e-flex e-con e-parent\" data-id=\"65fe224\" data-element_type=\"container\">\n\t\t\t\t<div class=\"elementor-element elementor-element-a01b2e0 elementor-cta--skin-cover elementor-animated-content elementor-bg-transform elementor-bg-transform-zoom-in elementor-widget elementor-widget-call-to-action\" data-id=\"a01b2e0\" data-element_type=\"widget\" data-widget_type=\"call-to-action.default\">\n\t\t\t\t<div class=\"elementor-widget-container\">\n\t\t\t\t\t<div class=\"elementor-cta\">\n\t\t\t\t\t<div class=\"elementor-cta__bg-wrapper\">\n\t\t\t\t<div class=\"elementor-cta__bg elementor-bg\" style=\"background-image: url(https:\/\/gamapartsmx.com\/wp-content\/uploads\/2026\/03\/banner-call-center-1.png);\" role=\"img\" aria-label=\"\"><\/div>\n\t\t\t\t<div class=\"elementor-cta__bg-overlay\"><\/div>\n\t\t\t<\/div>\n\t\t\t\t\t\t\t<div class=\"elementor-cta__content\">\n\t\t\t\t\n\t\t\t\t\t\t\t\t\t<h2 class=\"elementor-cta__title elementor-cta__content-item elementor-content-item elementor-animated-item--grow\">\n\t\t\t\t\t\t\u00bfREQUIERES UNA COTIZACION?\t\t\t\t\t<\/h2>\n\t\t\t\t\n\t\t\t\t\t\t\t\t\t<div class=\"elementor-cta__description elementor-cta__content-item elementor-content-item elementor-animated-item--grow\">\n\t\t\t\t\t\tPREGUNTA POR EXISTENCIAS, PRECIO Y DISPONIBILIDAD A TRAVES DE NUESTRA LINEA EN WHATSAPP\t\t\t\t\t<\/div>\n\t\t\t\t\n\t\t\t\t\t\t\t\t\t<div class=\"elementor-cta__button-wrapper elementor-cta__content-item elementor-content-item elementor-animated-item--grow\">\n\t\t\t\t\t<a class=\"elementor-cta__button elementor-button elementor-size-\" href=\"https:\/\/wa.me\/5219936704197\">\n\t\t\t\t\t\tCOTIZA AHORA\t\t\t\t\t<\/a>\n\t\t\t\t\t<\/div>\n\t\t\t\t\t\t\t<\/div>\n\t\t\t\t\t\t<\/div>\n\t\t\t\t<\/div>\n\t\t\t\t<\/div>\n\t\t\t\t<\/div>\n\t\t<div class=\"elementor-element elementor-element-0a016b8 e-flex e-con-boxed e-con e-parent\" data-id=\"0a016b8\" data-element_type=\"container\">\n\t\t\t\t\t<div class=\"e-con-inner\">\n\t\t\t\t<div class=\"elementor-element elementor-element-6afa423 elementor-widget elementor-widget-spacer\" data-id=\"6afa423\" data-element_type=\"widget\" data-widget_type=\"spacer.default\">\n\t\t\t\t<div class=\"elementor-widget-container\">\n\t\t\t\t\t<div class=\"elementor-spacer\">\n\t\t\t<div class=\"elementor-spacer-inner\"><\/div>\n\t\t<\/div>\n\t\t\t\t<\/div>\n\t\t\t\t<\/div>\n\t\t\t\t\t<\/div>\n\t\t\t\t<\/div>\n\t\t\t\t<\/div>\n\t\t","protected":false},"excerpt":{"rendered":"<p>FILTRO DE AIRE PRIMARIO Y SECUNDARIO CNH PARA CASE 770EX, 770XPLUS, 952EX. El conjunto de filtros de aire CASE est\u00e1n dise\u00f1ado para proporcionar una protecci\u00f3n integral al sistema de admisi\u00f3n del motor El sistema funciona en dos etapas: Filtro primarioAct\u00faa como la primera l\u00ednea de defensa, capturando la mayor parte de polvo, suciedad y part\u00edculas [&hellip;]<\/p>\n","protected":false},"author":1,"featured_media":0,"parent":0,"menu_order":0,"comment_status":"closed","ping_status":"closed","template":"","meta":{"_monsterinsights_skip_tracking":false,"_monsterinsights_sitenote_active":false,"_monsterinsights_sitenote_note":"","_monsterinsights_sitenote_category":0,"_joinchat":[],"footnotes":""},"class_list":["post-4650","page","type-page","status-publish","hentry"],"yoast_head":"<!-- This site is optimized with the Yoast SEO plugin v21.2 - https:\/\/yoast.com\/wordpress\/plugins\/seo\/ -->\n<title>FILTRO DE AIRE PRIMARIO Y SECUNDARIO CNH PARA CASE 770EX, 770XPLUS, 952EX - Gama Parts Mx<\/title>\n<meta name=\"robots\" content=\"index, follow, max-snippet:-1, max-image-preview:large, max-video-preview:-1\" \/>\n<link rel=\"canonical\" href=\"https:\/\/gamapartsmx.com\/?page_id=4650\" \/>\n<meta property=\"og:locale\" content=\"es_ES\" \/>\n<meta property=\"og:type\" content=\"article\" \/>\n<meta property=\"og:title\" content=\"FILTRO DE AIRE PRIMARIO Y SECUNDARIO CNH PARA CASE 770EX, 770XPLUS, 952EX - Gama Parts Mx\" \/>\n<meta property=\"og:description\" content=\"FILTRO DE AIRE PRIMARIO Y SECUNDARIO CNH PARA CASE 770EX, 770XPLUS, 952EX. El conjunto de filtros de aire CASE est\u00e1n dise\u00f1ado para proporcionar una protecci\u00f3n integral al sistema de admisi\u00f3n del motor El sistema funciona en dos etapas: Filtro primarioAct\u00faa como la primera l\u00ednea de defensa, capturando la mayor parte de polvo, suciedad y part\u00edculas [&hellip;]\" \/>\n<meta property=\"og:url\" content=\"https:\/\/gamapartsmx.com\/?page_id=4650\" \/>\n<meta property=\"og:site_name\" content=\"Gama Parts Mx\" \/>\n<meta property=\"article:modified_time\" content=\"2026-03-17T18:56:10+00:00\" \/>\n<meta property=\"og:image\" content=\"http:\/\/gamapartsmx.com\/wp-content\/uploads\/2026\/03\/FILTROS-DE-AIRE-PRIMARIO-Y-SECUNDARIO-PARA-CASE-770EX.jpeg\" \/>\n<meta name=\"twitter:card\" content=\"summary_large_image\" \/>\n<meta name=\"twitter:label1\" content=\"Tiempo de lectura\" \/>\n\t<meta name=\"twitter:data1\" content=\"1 minuto\" \/>\n<script type=\"application\/ld+json\" class=\"yoast-schema-graph\">{\"@context\":\"https:\/\/schema.org\",\"@graph\":[{\"@type\":\"WebPage\",\"@id\":\"https:\/\/gamapartsmx.com\/?page_id=4650\",\"url\":\"https:\/\/gamapartsmx.com\/?page_id=4650\",\"name\":\"FILTRO DE AIRE PRIMARIO Y SECUNDARIO CNH PARA CASE 770EX, 770XPLUS, 952EX - Gama Parts Mx\",\"isPartOf\":{\"@id\":\"https:\/\/gamapartsmx.com\/#website\"},\"datePublished\":\"2026-03-17T18:38:24+00:00\",\"dateModified\":\"2026-03-17T18:56:10+00:00\",\"breadcrumb\":{\"@id\":\"https:\/\/gamapartsmx.com\/?page_id=4650#breadcrumb\"},\"inLanguage\":\"es\",\"potentialAction\":[{\"@type\":\"ReadAction\",\"target\":[\"https:\/\/gamapartsmx.com\/?page_id=4650\"]}]},{\"@type\":\"BreadcrumbList\",\"@id\":\"https:\/\/gamapartsmx.com\/?page_id=4650#breadcrumb\",\"itemListElement\":[{\"@type\":\"ListItem\",\"position\":1,\"name\":\"Portada\",\"item\":\"https:\/\/gamapartsmx.com\/\"},{\"@type\":\"ListItem\",\"position\":2,\"name\":\"FILTRO DE AIRE PRIMARIO Y SECUNDARIO CNH PARA CASE 770EX, 770XPLUS, 952EX\"}]},{\"@type\":\"WebSite\",\"@id\":\"https:\/\/gamapartsmx.com\/#website\",\"url\":\"https:\/\/gamapartsmx.com\/\",\"name\":\"Gama Parts\",\"description\":\"Venta de Refacciones para Maquinaria Pesada dirigida al Sector Industrial y de construcci\u00f3n en Villahermosa, Tabasco.\",\"publisher\":{\"@id\":\"https:\/\/gamapartsmx.com\/#organization\"},\"potentialAction\":[{\"@type\":\"SearchAction\",\"target\":{\"@type\":\"EntryPoint\",\"urlTemplate\":\"https:\/\/gamapartsmx.com\/?s={search_term_string}\"},\"query-input\":\"required name=search_term_string\"}],\"inLanguage\":\"es\"},{\"@type\":\"Organization\",\"@id\":\"https:\/\/gamapartsmx.com\/#organization\",\"name\":\"Gama Parts\",\"url\":\"https:\/\/gamapartsmx.com\/\",\"logo\":{\"@type\":\"ImageObject\",\"inLanguage\":\"es\",\"@id\":\"https:\/\/gamapartsmx.com\/#\/schema\/logo\/image\/\",\"url\":\"https:\/\/gamapartsmx.com\/wp-content\/uploads\/2023\/09\/GAMA-PARTS-LOGO.png\",\"contentUrl\":\"https:\/\/gamapartsmx.com\/wp-content\/uploads\/2023\/09\/GAMA-PARTS-LOGO.png\",\"width\":350,\"height\":100,\"caption\":\"Gama Parts\"},\"image\":{\"@id\":\"https:\/\/gamapartsmx.com\/#\/schema\/logo\/image\/\"}}]}<\/script>\n<!-- \/ Yoast SEO plugin. -->","yoast_head_json":{"title":"FILTRO DE AIRE PRIMARIO Y SECUNDARIO CNH PARA CASE 770EX, 770XPLUS, 952EX - Gama Parts Mx","robots":{"index":"index","follow":"follow","max-snippet":"max-snippet:-1","max-image-preview":"max-image-preview:large","max-video-preview":"max-video-preview:-1"},"canonical":"https:\/\/gamapartsmx.com\/?page_id=4650","og_locale":"es_ES","og_type":"article","og_title":"FILTRO DE AIRE PRIMARIO Y SECUNDARIO CNH PARA CASE 770EX, 770XPLUS, 952EX - Gama Parts Mx","og_description":"FILTRO DE AIRE PRIMARIO Y SECUNDARIO CNH PARA CASE 770EX, 770XPLUS, 952EX. El conjunto de filtros de aire CASE est\u00e1n dise\u00f1ado para proporcionar una protecci\u00f3n integral al sistema de admisi\u00f3n del motor El sistema funciona en dos etapas: Filtro primarioAct\u00faa como la primera l\u00ednea de defensa, capturando la mayor parte de polvo, suciedad y part\u00edculas [&hellip;]","og_url":"https:\/\/gamapartsmx.com\/?page_id=4650","og_site_name":"Gama Parts Mx","article_modified_time":"2026-03-17T18:56:10+00:00","og_image":[{"url":"http:\/\/gamapartsmx.com\/wp-content\/uploads\/2026\/03\/FILTROS-DE-AIRE-PRIMARIO-Y-SECUNDARIO-PARA-CASE-770EX.jpeg"}],"twitter_card":"summary_large_image","twitter_misc":{"Tiempo de lectura":"1 minuto"},"schema":{"@context":"https:\/\/schema.org","@graph":[{"@type":"WebPage","@id":"https:\/\/gamapartsmx.com\/?page_id=4650","url":"https:\/\/gamapartsmx.com\/?page_id=4650","name":"FILTRO DE AIRE PRIMARIO Y SECUNDARIO CNH PARA CASE 770EX, 770XPLUS, 952EX - Gama Parts Mx","isPartOf":{"@id":"https:\/\/gamapartsmx.com\/#website"},"datePublished":"2026-03-17T18:38:24+00:00","dateModified":"2026-03-17T18:56:10+00:00","breadcrumb":{"@id":"https:\/\/gamapartsmx.com\/?page_id=4650#breadcrumb"},"inLanguage":"es","potentialAction":[{"@type":"ReadAction","target":["https:\/\/gamapartsmx.com\/?page_id=4650"]}]},{"@type":"BreadcrumbList","@id":"https:\/\/gamapartsmx.com\/?page_id=4650#breadcrumb","itemListElement":[{"@type":"ListItem","position":1,"name":"Portada","item":"https:\/\/gamapartsmx.com\/"},{"@type":"ListItem","position":2,"name":"FILTRO DE AIRE PRIMARIO Y SECUNDARIO CNH PARA CASE 770EX, 770XPLUS, 952EX"}]},{"@type":"WebSite","@id":"https:\/\/gamapartsmx.com\/#website","url":"https:\/\/gamapartsmx.com\/","name":"Gama Parts","description":"Venta de Refacciones para Maquinaria Pesada dirigida al Sector Industrial y de construcci\u00f3n en Villahermosa, Tabasco.","publisher":{"@id":"https:\/\/gamapartsmx.com\/#organization"},"potentialAction":[{"@type":"SearchAction","target":{"@type":"EntryPoint","urlTemplate":"https:\/\/gamapartsmx.com\/?s={search_term_string}"},"query-input":"required name=search_term_string"}],"inLanguage":"es"},{"@type":"Organization","@id":"https:\/\/gamapartsmx.com\/#organization","name":"Gama Parts","url":"https:\/\/gamapartsmx.com\/","logo":{"@type":"ImageObject","inLanguage":"es","@id":"https:\/\/gamapartsmx.com\/#\/schema\/logo\/image\/","url":"https:\/\/gamapartsmx.com\/wp-content\/uploads\/2023\/09\/GAMA-PARTS-LOGO.png","contentUrl":"https:\/\/gamapartsmx.com\/wp-content\/uploads\/2023\/09\/GAMA-PARTS-LOGO.png","width":350,"height":100,"caption":"Gama Parts"},"image":{"@id":"https:\/\/gamapartsmx.com\/#\/schema\/logo\/image\/"}}]}},"_links":{"self":[{"href":"https:\/\/gamapartsmx.com\/index.php?rest_route=\/wp\/v2\/pages\/4650"}],"collection":[{"href":"https:\/\/gamapartsmx.com\/index.php?rest_route=\/wp\/v2\/pages"}],"about":[{"href":"https:\/\/gamapartsmx.com\/index.php?rest_route=\/wp\/v2\/types\/page"}],"author":[{"embeddable":true,"href":"https:\/\/gamapartsmx.com\/index.php?rest_route=\/wp\/v2\/users\/1"}],"replies":[{"embeddable":true,"href":"https:\/\/gamapartsmx.com\/index.php?rest_route=%2Fwp%2Fv2%2Fcomments&post=4650"}],"version-history":[{"count":6,"href":"https:\/\/gamapartsmx.com\/index.php?rest_route=\/wp\/v2\/pages\/4650\/revisions"}],"predecessor-version":[{"id":4656,"href":"https:\/\/gamapartsmx.com\/index.php?rest_route=\/wp\/v2\/pages\/4650\/revisions\/4656"}],"wp:attachment":[{"href":"https:\/\/gamapartsmx.com\/index.php?rest_route=%2Fwp%2Fv2%2Fmedia&parent=4650"}],"curies":[{"name":"wp","href":"https:\/\/api.w.org\/{rel}","templated":true}]}}