{"id":4685,"date":"2026-03-17T20:11:31","date_gmt":"2026-03-17T19:11:31","guid":{"rendered":"https:\/\/gamapartsmx.com\/?page_id=4685"},"modified":"2026-03-17T20:18:30","modified_gmt":"2026-03-17T19:18:30","slug":"filtro-de-aire-primario-para-1107ex-1107nx","status":"publish","type":"page","link":"https:\/\/gamapartsmx.com\/?page_id=4685","title":{"rendered":"FILTRO DE AIRE PRIMARIO PARA CASE 1107EX, 1107NX"},"content":{"rendered":"\t\t<div data-elementor-type=\"wp-page\" data-elementor-id=\"4685\" class=\"elementor elementor-4685\" data-elementor-post-type=\"page\">\n\t\t\t\t<div class=\"elementor-element elementor-element-3410aaee e-flex e-con-boxed e-con e-parent\" data-id=\"3410aaee\" data-element_type=\"container\">\n\t\t\t\t\t<div class=\"e-con-inner\">\n\t\t\t\t<div class=\"elementor-element elementor-element-4818065c elementor-widget elementor-widget-spacer\" data-id=\"4818065c\" data-element_type=\"widget\" data-widget_type=\"spacer.default\">\n\t\t\t\t<div class=\"elementor-widget-container\">\n\t\t\t\t\t<div class=\"elementor-spacer\">\n\t\t\t<div class=\"elementor-spacer-inner\"><\/div>\n\t\t<\/div>\n\t\t\t\t<\/div>\n\t\t\t\t<\/div>\n\t\t\t\t\t<\/div>\n\t\t\t\t<\/div>\n\t\t<div class=\"elementor-element elementor-element-65a58c32 e-flex e-con-boxed e-con e-parent\" data-id=\"65a58c32\" data-element_type=\"container\">\n\t\t\t\t\t<div class=\"e-con-inner\">\n\t\t\t\t<div class=\"elementor-element elementor-element-5a228ff8 elementor-widget elementor-widget-heading\" data-id=\"5a228ff8\" data-element_type=\"widget\" data-widget_type=\"heading.default\">\n\t\t\t\t<div class=\"elementor-widget-container\">\n\t\t\t<h2 class=\"elementor-heading-title elementor-size-default\">FILTRO DE AIRE PRIMARIO PARA CASE 1107EX, 1107NX.<\/h2>\t\t<\/div>\n\t\t\t\t<\/div>\n\t\t\t\t\t<\/div>\n\t\t\t\t<\/div>\n\t\t<div class=\"elementor-element elementor-element-4e106bb e-flex e-con-boxed e-con e-parent\" data-id=\"4e106bb\" data-element_type=\"container\">\n\t\t\t\t\t<div class=\"e-con-inner\">\n\t\t<div class=\"elementor-element elementor-element-b572d0b e-con-full e-flex e-con e-child\" data-id=\"b572d0b\" data-element_type=\"container\">\n\t\t<div class=\"elementor-element elementor-element-2a77221 e-grid e-con-full e-con e-child\" data-id=\"2a77221\" data-element_type=\"container\">\n\t\t\t\t<div class=\"elementor-element elementor-element-376baa5 elementor-widget elementor-widget-image\" data-id=\"376baa5\" data-element_type=\"widget\" data-widget_type=\"image.default\">\n\t\t\t\t<div class=\"elementor-widget-container\">\n\t\t\t\t\t\t\t\t\t\t\t\t\t<img fetchpriority=\"high\" decoding=\"async\" width=\"2048\" height=\"2048\" src=\"https:\/\/gamapartsmx.com\/wp-content\/uploads\/2026\/03\/FILTRO-2.jpeg\" class=\"attachment-full size-full wp-image-4490\" alt=\"\" srcset=\"https:\/\/gamapartsmx.com\/wp-content\/uploads\/2026\/03\/FILTRO-2.jpeg 2048w, https:\/\/gamapartsmx.com\/wp-content\/uploads\/2026\/03\/FILTRO-2-300x300.jpeg 300w, https:\/\/gamapartsmx.com\/wp-content\/uploads\/2026\/03\/FILTRO-2-1024x1024.jpeg 1024w, https:\/\/gamapartsmx.com\/wp-content\/uploads\/2026\/03\/FILTRO-2-150x150.jpeg 150w, https:\/\/gamapartsmx.com\/wp-content\/uploads\/2026\/03\/FILTRO-2-768x768.jpeg 768w, https:\/\/gamapartsmx.com\/wp-content\/uploads\/2026\/03\/FILTRO-2-1536x1536.jpeg 1536w, https:\/\/gamapartsmx.com\/wp-content\/uploads\/2026\/03\/FILTRO-2-1320x1320.jpeg 1320w, https:\/\/gamapartsmx.com\/wp-content\/uploads\/2026\/03\/FILTRO-2-600x600.jpeg 600w, https:\/\/gamapartsmx.com\/wp-content\/uploads\/2026\/03\/FILTRO-2-100x100.jpeg 100w\" sizes=\"(max-width: 2048px) 100vw, 2048px\" \/>\t\t\t\t\t\t\t\t\t\t\t\t\t<\/div>\n\t\t\t\t<\/div>\n\t\t\t\t<div class=\"elementor-element elementor-element-3509106 elementor-widget elementor-widget-text-editor\" data-id=\"3509106\" data-element_type=\"widget\" data-widget_type=\"text-editor.default\">\n\t\t\t\t<div class=\"elementor-widget-container\">\n\t\t\t\t\t\t\t<p data-start=\"176\" data-end=\"406\">El <strong data-start=\"179\" data-end=\"220\">filtro de aire primario CASE <\/strong>est\u00e1 dise\u00f1ado para proporcionar una filtraci\u00f3n eficiente del aire que ingresa al motor, protegi\u00e9ndolo contra polvo, suciedad y part\u00edculas contaminantes en entornos de trabajo exigentes.<\/p><p data-start=\"408\" data-end=\"628\">Este componente es <strong data-start=\"427\" data-end=\"477\">compatible con maquinaria CASE 1107EX y 1107NX<\/strong>, equipos de alto rendimiento que operan en condiciones severas donde la calidad del aire es clave para mantener la eficiencia y durabilidad del motor.<\/p><p data-start=\"630\" data-end=\"919\">Como <strong data-start=\"635\" data-end=\"654\">filtro primario<\/strong>, act\u00faa como la primera l\u00ednea de defensa del sistema de admisi\u00f3n, capturando la mayor parte de contaminantes antes de que ingresen al motor. Su dise\u00f1o permite mantener un flujo de aire constante, asegurando una combusti\u00f3n eficiente y un desempe\u00f1o \u00f3ptimo del equipo.<\/p><p data-start=\"921\" data-end=\"1114\">Gracias a su construcci\u00f3n robusta y medio filtrante de alta capacidad, este filtro ayuda a <strong data-start=\"1012\" data-end=\"1113\">reducir el desgaste interno, prolongar la vida \u00fatil del motor y disminuir costos de mantenimiento<\/strong>.<\/p><p data-start=\"1345\" data-end=\"1378\"><strong data-start=\"1345\" data-end=\"1378\">Especificaciones del producto<\/strong><\/p><ul data-start=\"1380\" data-end=\"1597\"><li data-section-id=\"i46po7\" data-start=\"1414\" data-end=\"1451\"><p data-start=\"1416\" data-end=\"1451\"><strong data-start=\"1416\" data-end=\"1425\">Tipo:<\/strong> Filtro de aire primario<\/p><\/li><li data-section-id=\"5uek2q\" data-start=\"1452\" data-end=\"1473\"><p data-start=\"1454\" data-end=\"1473\"><strong data-start=\"1454\" data-end=\"1463\">Peso:<\/strong> 2.09 kg<\/p><\/li><li data-section-id=\"t5aszo\" data-start=\"1474\" data-end=\"1558\"><p data-start=\"1476\" data-end=\"1494\"><strong data-start=\"1476\" data-end=\"1492\">Dimensiones:<\/strong><\/p><ul data-start=\"1497\" data-end=\"1558\"><li data-section-id=\"mvn73f\" data-start=\"1497\" data-end=\"1517\"><p data-start=\"1499\" data-end=\"1517\">Longitud: 395 mm<\/p><\/li><li data-section-id=\"1gb5p1m\" data-start=\"1520\" data-end=\"1537\"><p data-start=\"1522\" data-end=\"1537\">Ancho: 210 mm<\/p><\/li><li data-section-id=\"18buowu\" data-start=\"1540\" data-end=\"1558\"><p data-start=\"1542\" data-end=\"1558\">Altura: 210 mm<\/p><\/li><\/ul><\/li><li data-section-id=\"kdgd8s\" data-start=\"1559\" data-end=\"1597\"><p data-start=\"1561\" data-end=\"1597\"><strong data-start=\"1561\" data-end=\"1586\">Cantidad por paquete:<\/strong> 1 unidad<\/p><\/li><\/ul><p data-start=\"1604\" data-end=\"1628\"><strong data-start=\"1604\" data-end=\"1628\">Aplicaciones comunes<\/strong><\/p><ul data-start=\"1630\" data-end=\"1754\"><li data-section-id=\"1u5abwm\" data-start=\"1630\" data-end=\"1649\"><p data-start=\"1632\" data-end=\"1649\">CASE <strong data-start=\"1637\" data-end=\"1647\">1107EX<\/strong><\/p><\/li><li data-section-id=\"1r51ui5\" data-start=\"1650\" data-end=\"1669\"><p data-start=\"1652\" data-end=\"1669\">CASE <strong data-start=\"1657\" data-end=\"1667\">1107NX<\/strong><\/p><\/li><li data-section-id=\"1aq2l8d\" data-start=\"1670\" data-end=\"1754\"><p data-start=\"1672\" data-end=\"1754\">Otras aplicaciones en maquinaria CASE seg\u00fan configuraci\u00f3n del sistema de admisi\u00f3n.<\/p><\/li><\/ul>\t\t\t\t\t\t<\/div>\n\t\t\t\t<\/div>\n\t\t\t\t<\/div>\n\t\t\t\t<\/div>\n\t\t\t\t\t<\/div>\n\t\t\t\t<\/div>\n\t\t<div class=\"elementor-element elementor-element-65fe224 e-con-full e-flex e-con e-parent\" data-id=\"65fe224\" data-element_type=\"container\">\n\t\t\t\t<div class=\"elementor-element elementor-element-a01b2e0 elementor-cta--skin-cover elementor-animated-content elementor-bg-transform elementor-bg-transform-zoom-in elementor-widget elementor-widget-call-to-action\" data-id=\"a01b2e0\" data-element_type=\"widget\" data-widget_type=\"call-to-action.default\">\n\t\t\t\t<div class=\"elementor-widget-container\">\n\t\t\t\t\t<div class=\"elementor-cta\">\n\t\t\t\t\t<div class=\"elementor-cta__bg-wrapper\">\n\t\t\t\t<div class=\"elementor-cta__bg elementor-bg\" style=\"background-image: url(https:\/\/gamapartsmx.com\/wp-content\/uploads\/2026\/03\/banner-call-center-1.png);\" role=\"img\" aria-label=\"\"><\/div>\n\t\t\t\t<div class=\"elementor-cta__bg-overlay\"><\/div>\n\t\t\t<\/div>\n\t\t\t\t\t\t\t<div class=\"elementor-cta__content\">\n\t\t\t\t\n\t\t\t\t\t\t\t\t\t<h2 class=\"elementor-cta__title elementor-cta__content-item elementor-content-item elementor-animated-item--grow\">\n\t\t\t\t\t\t\u00bfREQUIERES UNA COTIZACION?\t\t\t\t\t<\/h2>\n\t\t\t\t\n\t\t\t\t\t\t\t\t\t<div class=\"elementor-cta__description elementor-cta__content-item elementor-content-item elementor-animated-item--grow\">\n\t\t\t\t\t\tPREGUNTA POR EXISTENCIAS, PRECIO Y DISPONIBILIDAD A TRAVES DE NUESTRA LINEA EN WHATSAPP\t\t\t\t\t<\/div>\n\t\t\t\t\n\t\t\t\t\t\t\t\t\t<div class=\"elementor-cta__button-wrapper elementor-cta__content-item elementor-content-item elementor-animated-item--grow\">\n\t\t\t\t\t<a class=\"elementor-cta__button elementor-button elementor-size-\" href=\"https:\/\/wa.me\/5219936704197\">\n\t\t\t\t\t\tCOTIZA AHORA\t\t\t\t\t<\/a>\n\t\t\t\t\t<\/div>\n\t\t\t\t\t\t\t<\/div>\n\t\t\t\t\t\t<\/div>\n\t\t\t\t<\/div>\n\t\t\t\t<\/div>\n\t\t\t\t<\/div>\n\t\t<div class=\"elementor-element elementor-element-0a016b8 e-flex e-con-boxed e-con e-parent\" data-id=\"0a016b8\" data-element_type=\"container\">\n\t\t\t\t\t<div class=\"e-con-inner\">\n\t\t\t\t<div class=\"elementor-element elementor-element-6afa423 elementor-widget elementor-widget-spacer\" data-id=\"6afa423\" data-element_type=\"widget\" data-widget_type=\"spacer.default\">\n\t\t\t\t<div class=\"elementor-widget-container\">\n\t\t\t\t\t<div class=\"elementor-spacer\">\n\t\t\t<div class=\"elementor-spacer-inner\"><\/div>\n\t\t<\/div>\n\t\t\t\t<\/div>\n\t\t\t\t<\/div>\n\t\t\t\t\t<\/div>\n\t\t\t\t<\/div>\n\t\t\t\t<\/div>\n\t\t","protected":false},"excerpt":{"rendered":"<p>FILTRO DE AIRE PRIMARIO PARA CASE 1107EX, 1107NX. El filtro de aire primario CASE est\u00e1 dise\u00f1ado para proporcionar una filtraci\u00f3n eficiente del aire que ingresa al motor, protegi\u00e9ndolo contra polvo, suciedad y part\u00edculas contaminantes en entornos de trabajo exigentes. Este componente es compatible con maquinaria CASE 1107EX y 1107NX, equipos de alto rendimiento que operan [&hellip;]<\/p>\n","protected":false},"author":1,"featured_media":0,"parent":0,"menu_order":0,"comment_status":"closed","ping_status":"closed","template":"","meta":{"_monsterinsights_skip_tracking":false,"_monsterinsights_sitenote_active":false,"_monsterinsights_sitenote_note":"","_monsterinsights_sitenote_category":0,"_joinchat":[],"footnotes":""},"class_list":["post-4685","page","type-page","status-publish","hentry"],"yoast_head":"<!-- This site is optimized with the Yoast SEO plugin v21.2 - https:\/\/yoast.com\/wordpress\/plugins\/seo\/ -->\n<title>FILTRO DE AIRE PRIMARIO PARA CASE 1107EX, 1107NX - Gama Parts Mx<\/title>\n<meta name=\"robots\" content=\"index, follow, max-snippet:-1, max-image-preview:large, max-video-preview:-1\" \/>\n<link rel=\"canonical\" href=\"https:\/\/gamapartsmx.com\/?page_id=4685\" \/>\n<meta property=\"og:locale\" content=\"es_ES\" \/>\n<meta property=\"og:type\" content=\"article\" \/>\n<meta property=\"og:title\" content=\"FILTRO DE AIRE PRIMARIO PARA CASE 1107EX, 1107NX - Gama Parts Mx\" \/>\n<meta property=\"og:description\" content=\"FILTRO DE AIRE PRIMARIO PARA CASE 1107EX, 1107NX. El filtro de aire primario CASE est\u00e1 dise\u00f1ado para proporcionar una filtraci\u00f3n eficiente del aire que ingresa al motor, protegi\u00e9ndolo contra polvo, suciedad y part\u00edculas contaminantes en entornos de trabajo exigentes. Este componente es compatible con maquinaria CASE 1107EX y 1107NX, equipos de alto rendimiento que operan [&hellip;]\" \/>\n<meta property=\"og:url\" content=\"https:\/\/gamapartsmx.com\/?page_id=4685\" \/>\n<meta property=\"og:site_name\" content=\"Gama Parts Mx\" \/>\n<meta property=\"article:modified_time\" content=\"2026-03-17T19:18:30+00:00\" \/>\n<meta property=\"og:image\" content=\"http:\/\/gamapartsmx.com\/wp-content\/uploads\/2026\/03\/FILTRO-2.jpeg\" \/>\n<meta name=\"twitter:card\" content=\"summary_large_image\" \/>\n<meta name=\"twitter:label1\" content=\"Tiempo de lectura\" \/>\n\t<meta name=\"twitter:data1\" content=\"2 minutos\" \/>\n<script type=\"application\/ld+json\" class=\"yoast-schema-graph\">{\"@context\":\"https:\/\/schema.org\",\"@graph\":[{\"@type\":\"WebPage\",\"@id\":\"https:\/\/gamapartsmx.com\/?page_id=4685\",\"url\":\"https:\/\/gamapartsmx.com\/?page_id=4685\",\"name\":\"FILTRO DE AIRE PRIMARIO PARA CASE 1107EX, 1107NX - Gama Parts Mx\",\"isPartOf\":{\"@id\":\"https:\/\/gamapartsmx.com\/#website\"},\"datePublished\":\"2026-03-17T19:11:31+00:00\",\"dateModified\":\"2026-03-17T19:18:30+00:00\",\"breadcrumb\":{\"@id\":\"https:\/\/gamapartsmx.com\/?page_id=4685#breadcrumb\"},\"inLanguage\":\"es\",\"potentialAction\":[{\"@type\":\"ReadAction\",\"target\":[\"https:\/\/gamapartsmx.com\/?page_id=4685\"]}]},{\"@type\":\"BreadcrumbList\",\"@id\":\"https:\/\/gamapartsmx.com\/?page_id=4685#breadcrumb\",\"itemListElement\":[{\"@type\":\"ListItem\",\"position\":1,\"name\":\"Portada\",\"item\":\"https:\/\/gamapartsmx.com\/\"},{\"@type\":\"ListItem\",\"position\":2,\"name\":\"FILTRO DE AIRE PRIMARIO PARA CASE 1107EX, 1107NX\"}]},{\"@type\":\"WebSite\",\"@id\":\"https:\/\/gamapartsmx.com\/#website\",\"url\":\"https:\/\/gamapartsmx.com\/\",\"name\":\"Gama Parts\",\"description\":\"Venta de Refacciones para Maquinaria Pesada dirigida al Sector Industrial y de construcci\u00f3n en Villahermosa, Tabasco.\",\"publisher\":{\"@id\":\"https:\/\/gamapartsmx.com\/#organization\"},\"potentialAction\":[{\"@type\":\"SearchAction\",\"target\":{\"@type\":\"EntryPoint\",\"urlTemplate\":\"https:\/\/gamapartsmx.com\/?s={search_term_string}\"},\"query-input\":\"required name=search_term_string\"}],\"inLanguage\":\"es\"},{\"@type\":\"Organization\",\"@id\":\"https:\/\/gamapartsmx.com\/#organization\",\"name\":\"Gama Parts\",\"url\":\"https:\/\/gamapartsmx.com\/\",\"logo\":{\"@type\":\"ImageObject\",\"inLanguage\":\"es\",\"@id\":\"https:\/\/gamapartsmx.com\/#\/schema\/logo\/image\/\",\"url\":\"https:\/\/gamapartsmx.com\/wp-content\/uploads\/2023\/09\/GAMA-PARTS-LOGO.png\",\"contentUrl\":\"https:\/\/gamapartsmx.com\/wp-content\/uploads\/2023\/09\/GAMA-PARTS-LOGO.png\",\"width\":350,\"height\":100,\"caption\":\"Gama Parts\"},\"image\":{\"@id\":\"https:\/\/gamapartsmx.com\/#\/schema\/logo\/image\/\"}}]}<\/script>\n<!-- \/ Yoast SEO plugin. -->","yoast_head_json":{"title":"FILTRO DE AIRE PRIMARIO PARA CASE 1107EX, 1107NX - Gama Parts Mx","robots":{"index":"index","follow":"follow","max-snippet":"max-snippet:-1","max-image-preview":"max-image-preview:large","max-video-preview":"max-video-preview:-1"},"canonical":"https:\/\/gamapartsmx.com\/?page_id=4685","og_locale":"es_ES","og_type":"article","og_title":"FILTRO DE AIRE PRIMARIO PARA CASE 1107EX, 1107NX - Gama Parts Mx","og_description":"FILTRO DE AIRE PRIMARIO PARA CASE 1107EX, 1107NX. El filtro de aire primario CASE est\u00e1 dise\u00f1ado para proporcionar una filtraci\u00f3n eficiente del aire que ingresa al motor, protegi\u00e9ndolo contra polvo, suciedad y part\u00edculas contaminantes en entornos de trabajo exigentes. Este componente es compatible con maquinaria CASE 1107EX y 1107NX, equipos de alto rendimiento que operan [&hellip;]","og_url":"https:\/\/gamapartsmx.com\/?page_id=4685","og_site_name":"Gama Parts Mx","article_modified_time":"2026-03-17T19:18:30+00:00","og_image":[{"url":"http:\/\/gamapartsmx.com\/wp-content\/uploads\/2026\/03\/FILTRO-2.jpeg"}],"twitter_card":"summary_large_image","twitter_misc":{"Tiempo de lectura":"2 minutos"},"schema":{"@context":"https:\/\/schema.org","@graph":[{"@type":"WebPage","@id":"https:\/\/gamapartsmx.com\/?page_id=4685","url":"https:\/\/gamapartsmx.com\/?page_id=4685","name":"FILTRO DE AIRE PRIMARIO PARA CASE 1107EX, 1107NX - Gama Parts Mx","isPartOf":{"@id":"https:\/\/gamapartsmx.com\/#website"},"datePublished":"2026-03-17T19:11:31+00:00","dateModified":"2026-03-17T19:18:30+00:00","breadcrumb":{"@id":"https:\/\/gamapartsmx.com\/?page_id=4685#breadcrumb"},"inLanguage":"es","potentialAction":[{"@type":"ReadAction","target":["https:\/\/gamapartsmx.com\/?page_id=4685"]}]},{"@type":"BreadcrumbList","@id":"https:\/\/gamapartsmx.com\/?page_id=4685#breadcrumb","itemListElement":[{"@type":"ListItem","position":1,"name":"Portada","item":"https:\/\/gamapartsmx.com\/"},{"@type":"ListItem","position":2,"name":"FILTRO DE AIRE PRIMARIO PARA CASE 1107EX, 1107NX"}]},{"@type":"WebSite","@id":"https:\/\/gamapartsmx.com\/#website","url":"https:\/\/gamapartsmx.com\/","name":"Gama Parts","description":"Venta de Refacciones para Maquinaria Pesada dirigida al Sector Industrial y de construcci\u00f3n en Villahermosa, Tabasco.","publisher":{"@id":"https:\/\/gamapartsmx.com\/#organization"},"potentialAction":[{"@type":"SearchAction","target":{"@type":"EntryPoint","urlTemplate":"https:\/\/gamapartsmx.com\/?s={search_term_string}"},"query-input":"required name=search_term_string"}],"inLanguage":"es"},{"@type":"Organization","@id":"https:\/\/gamapartsmx.com\/#organization","name":"Gama Parts","url":"https:\/\/gamapartsmx.com\/","logo":{"@type":"ImageObject","inLanguage":"es","@id":"https:\/\/gamapartsmx.com\/#\/schema\/logo\/image\/","url":"https:\/\/gamapartsmx.com\/wp-content\/uploads\/2023\/09\/GAMA-PARTS-LOGO.png","contentUrl":"https:\/\/gamapartsmx.com\/wp-content\/uploads\/2023\/09\/GAMA-PARTS-LOGO.png","width":350,"height":100,"caption":"Gama Parts"},"image":{"@id":"https:\/\/gamapartsmx.com\/#\/schema\/logo\/image\/"}}]}},"_links":{"self":[{"href":"https:\/\/gamapartsmx.com\/index.php?rest_route=\/wp\/v2\/pages\/4685"}],"collection":[{"href":"https:\/\/gamapartsmx.com\/index.php?rest_route=\/wp\/v2\/pages"}],"about":[{"href":"https:\/\/gamapartsmx.com\/index.php?rest_route=\/wp\/v2\/types\/page"}],"author":[{"embeddable":true,"href":"https:\/\/gamapartsmx.com\/index.php?rest_route=\/wp\/v2\/users\/1"}],"replies":[{"embeddable":true,"href":"https:\/\/gamapartsmx.com\/index.php?rest_route=%2Fwp%2Fv2%2Fcomments&post=4685"}],"version-history":[{"count":7,"href":"https:\/\/gamapartsmx.com\/index.php?rest_route=\/wp\/v2\/pages\/4685\/revisions"}],"predecessor-version":[{"id":4692,"href":"https:\/\/gamapartsmx.com\/index.php?rest_route=\/wp\/v2\/pages\/4685\/revisions\/4692"}],"wp:attachment":[{"href":"https:\/\/gamapartsmx.com\/index.php?rest_route=%2Fwp%2Fv2%2Fmedia&parent=4685"}],"curies":[{"name":"wp","href":"https:\/\/api.w.org\/{rel}","templated":true}]}}