{"id":4693,"date":"2026-03-17T20:16:04","date_gmt":"2026-03-17T19:16:04","guid":{"rendered":"https:\/\/gamapartsmx.com\/?page_id=4693"},"modified":"2026-03-17T20:19:30","modified_gmt":"2026-03-17T19:19:30","slug":"filtro-de-aire-primario-para-case-1107ex-1107nx","status":"publish","type":"page","link":"https:\/\/gamapartsmx.com\/?page_id=4693","title":{"rendered":"FILTRO DE AIRE SECUNDARIO PARA CASE 1107EX, 1107NX."},"content":{"rendered":"\t\t<div data-elementor-type=\"wp-page\" data-elementor-id=\"4693\" class=\"elementor elementor-4693\" data-elementor-post-type=\"page\">\n\t\t\t\t<div class=\"elementor-element elementor-element-3410aaee e-flex e-con-boxed e-con e-parent\" data-id=\"3410aaee\" data-element_type=\"container\">\n\t\t\t\t\t<div class=\"e-con-inner\">\n\t\t\t\t<div class=\"elementor-element elementor-element-4818065c elementor-widget elementor-widget-spacer\" data-id=\"4818065c\" data-element_type=\"widget\" data-widget_type=\"spacer.default\">\n\t\t\t\t<div class=\"elementor-widget-container\">\n\t\t\t\t\t<div class=\"elementor-spacer\">\n\t\t\t<div class=\"elementor-spacer-inner\"><\/div>\n\t\t<\/div>\n\t\t\t\t<\/div>\n\t\t\t\t<\/div>\n\t\t\t\t\t<\/div>\n\t\t\t\t<\/div>\n\t\t<div class=\"elementor-element elementor-element-65a58c32 e-flex e-con-boxed e-con e-parent\" data-id=\"65a58c32\" data-element_type=\"container\">\n\t\t\t\t\t<div class=\"e-con-inner\">\n\t\t\t\t<div class=\"elementor-element elementor-element-5a228ff8 elementor-widget elementor-widget-heading\" data-id=\"5a228ff8\" data-element_type=\"widget\" data-widget_type=\"heading.default\">\n\t\t\t\t<div class=\"elementor-widget-container\">\n\t\t\t<h2 class=\"elementor-heading-title elementor-size-default\">FILTRO DE AIRE SECUNDARIO PARA CASE 1107EX, 1107NX.<\/h2>\t\t<\/div>\n\t\t\t\t<\/div>\n\t\t\t\t\t<\/div>\n\t\t\t\t<\/div>\n\t\t<div class=\"elementor-element elementor-element-4e106bb e-flex e-con-boxed e-con e-parent\" data-id=\"4e106bb\" data-element_type=\"container\">\n\t\t\t\t\t<div class=\"e-con-inner\">\n\t\t<div class=\"elementor-element elementor-element-b572d0b e-con-full e-flex e-con e-child\" data-id=\"b572d0b\" data-element_type=\"container\">\n\t\t<div class=\"elementor-element elementor-element-2a77221 e-grid e-con-full e-con e-child\" data-id=\"2a77221\" data-element_type=\"container\">\n\t\t\t\t<div class=\"elementor-element elementor-element-376baa5 elementor-widget elementor-widget-image\" data-id=\"376baa5\" data-element_type=\"widget\" data-widget_type=\"image.default\">\n\t\t\t\t<div class=\"elementor-widget-container\">\n\t\t\t\t\t\t\t\t\t\t\t\t\t<img fetchpriority=\"high\" decoding=\"async\" width=\"2048\" height=\"2048\" src=\"https:\/\/gamapartsmx.com\/wp-content\/uploads\/2026\/03\/FILTRO-1.png\" class=\"attachment-full size-full wp-image-4489\" alt=\"\" srcset=\"https:\/\/gamapartsmx.com\/wp-content\/uploads\/2026\/03\/FILTRO-1.png 2048w, https:\/\/gamapartsmx.com\/wp-content\/uploads\/2026\/03\/FILTRO-1-300x300.png 300w, https:\/\/gamapartsmx.com\/wp-content\/uploads\/2026\/03\/FILTRO-1-1024x1024.png 1024w, https:\/\/gamapartsmx.com\/wp-content\/uploads\/2026\/03\/FILTRO-1-150x150.png 150w, https:\/\/gamapartsmx.com\/wp-content\/uploads\/2026\/03\/FILTRO-1-768x768.png 768w, https:\/\/gamapartsmx.com\/wp-content\/uploads\/2026\/03\/FILTRO-1-1536x1536.png 1536w, https:\/\/gamapartsmx.com\/wp-content\/uploads\/2026\/03\/FILTRO-1-1320x1320.png 1320w, https:\/\/gamapartsmx.com\/wp-content\/uploads\/2026\/03\/FILTRO-1-600x600.png 600w, https:\/\/gamapartsmx.com\/wp-content\/uploads\/2026\/03\/FILTRO-1-100x100.png 100w\" sizes=\"(max-width: 2048px) 100vw, 2048px\" \/>\t\t\t\t\t\t\t\t\t\t\t\t\t<\/div>\n\t\t\t\t<\/div>\n\t\t\t\t<div class=\"elementor-element elementor-element-3509106 elementor-widget elementor-widget-text-editor\" data-id=\"3509106\" data-element_type=\"widget\" data-widget_type=\"text-editor.default\">\n\t\t\t\t<div class=\"elementor-widget-container\">\n\t\t\t\t\t\t\t<p data-start=\"184\" data-end=\"437\">El <strong data-start=\"187\" data-end=\"230\">filtro de aire secundario CASE <\/strong>est\u00e1 dise\u00f1ado para proporcionar una protecci\u00f3n adicional al sistema de admisi\u00f3n del motor, actuando como una <strong data-start=\"340\" data-end=\"371\">segunda etapa de filtraci\u00f3n<\/strong> que evita el paso de part\u00edculas finas hacia componentes internos.<\/p><p data-start=\"439\" data-end=\"642\">Este elemento es <strong data-start=\"456\" data-end=\"506\">compatible con maquinaria CASE 1107EX y 1107NX<\/strong>, equipos de alto rendimiento que operan en condiciones severas donde la presencia de polvo y contaminantes en el ambiente es constante.<\/p><p data-start=\"644\" data-end=\"881\">A diferencia del filtro primario, el filtro secundario cumple una funci\u00f3n cr\u00edtica: <strong data-start=\"727\" data-end=\"764\">proteger el motor en todo momento<\/strong>, incluso en situaciones donde el filtro principal presenta saturaci\u00f3n, desgaste o durante procesos de mantenimiento.<\/p><p data-start=\"883\" data-end=\"1095\">Su medio filtrante de alta precisi\u00f3n permite capturar part\u00edculas microsc\u00f3picas, evitando da\u00f1os en componentes como cilindros, pistones y v\u00e1lvulas, y contribuyendo a mantener la eficiencia y durabilidad del motor.<\/p><p data-start=\"1286\" data-end=\"1319\"><strong data-start=\"1286\" data-end=\"1319\">Especificaciones del producto<\/strong><\/p><ul data-start=\"1321\" data-end=\"1551\"><li data-section-id=\"1diqex6\" data-start=\"1355\" data-end=\"1406\"><p data-start=\"1357\" data-end=\"1406\"><strong data-start=\"1357\" data-end=\"1366\">Tipo:<\/strong> Filtro de aire secundario \/ seguridad<\/p><\/li><li data-section-id=\"8y0dhh\" data-start=\"1407\" data-end=\"1428\"><p data-start=\"1409\" data-end=\"1428\"><strong data-start=\"1409\" data-end=\"1418\">Peso:<\/strong> 0.48 kg<\/p><\/li><li data-section-id=\"17hrske\" data-start=\"1429\" data-end=\"1512\"><p data-start=\"1431\" data-end=\"1449\"><strong data-start=\"1431\" data-end=\"1447\">Dimensiones:<\/strong><\/p><ul data-start=\"1452\" data-end=\"1512\"><li data-section-id=\"mgzhy9\" data-start=\"1452\" data-end=\"1472\"><p data-start=\"1454\" data-end=\"1472\">Longitud: 335 mm<\/p><\/li><li data-section-id=\"1vhmlp6\" data-start=\"1475\" data-end=\"1491\"><p data-start=\"1477\" data-end=\"1491\">Ancho: 12 mm<\/p><\/li><li data-section-id=\"5mle66\" data-start=\"1494\" data-end=\"1512\"><p data-start=\"1496\" data-end=\"1512\">Altura: 120 mm<\/p><\/li><\/ul><\/li><li data-section-id=\"kdgd8s\" data-start=\"1513\" data-end=\"1551\"><p data-start=\"1515\" data-end=\"1551\"><strong data-start=\"1515\" data-end=\"1540\">Cantidad por paquete:<\/strong> 1 unidad<\/p><\/li><\/ul><p data-start=\"1558\" data-end=\"1582\"><strong data-start=\"1558\" data-end=\"1582\">Aplicaciones comunes<\/strong><\/p><ul data-start=\"1584\" data-end=\"1708\"><li data-section-id=\"1u5abwm\" data-start=\"1584\" data-end=\"1603\"><p data-start=\"1586\" data-end=\"1603\">CASE <strong data-start=\"1591\" data-end=\"1601\">1107EX<\/strong><\/p><\/li><li data-section-id=\"1r51ui5\" data-start=\"1604\" data-end=\"1623\"><p data-start=\"1606\" data-end=\"1623\">CASE <strong data-start=\"1611\" data-end=\"1621\">1107NX<\/strong><\/p><\/li><li data-section-id=\"1aq2l8d\" data-start=\"1624\" data-end=\"1708\"><p data-start=\"1626\" data-end=\"1708\">Otras aplicaciones en maquinaria CASE seg\u00fan configuraci\u00f3n del sistema de admisi\u00f3n.<\/p><\/li><\/ul>\t\t\t\t\t\t<\/div>\n\t\t\t\t<\/div>\n\t\t\t\t<\/div>\n\t\t\t\t<\/div>\n\t\t\t\t\t<\/div>\n\t\t\t\t<\/div>\n\t\t<div class=\"elementor-element elementor-element-65fe224 e-con-full e-flex e-con e-parent\" data-id=\"65fe224\" data-element_type=\"container\">\n\t\t\t\t<div class=\"elementor-element elementor-element-a01b2e0 elementor-cta--skin-cover elementor-animated-content elementor-bg-transform elementor-bg-transform-zoom-in elementor-widget elementor-widget-call-to-action\" data-id=\"a01b2e0\" data-element_type=\"widget\" data-widget_type=\"call-to-action.default\">\n\t\t\t\t<div class=\"elementor-widget-container\">\n\t\t\t\t\t<div class=\"elementor-cta\">\n\t\t\t\t\t<div class=\"elementor-cta__bg-wrapper\">\n\t\t\t\t<div class=\"elementor-cta__bg elementor-bg\" style=\"background-image: url(https:\/\/gamapartsmx.com\/wp-content\/uploads\/2026\/03\/banner-call-center-1.png);\" role=\"img\" aria-label=\"\"><\/div>\n\t\t\t\t<div class=\"elementor-cta__bg-overlay\"><\/div>\n\t\t\t<\/div>\n\t\t\t\t\t\t\t<div class=\"elementor-cta__content\">\n\t\t\t\t\n\t\t\t\t\t\t\t\t\t<h2 class=\"elementor-cta__title elementor-cta__content-item elementor-content-item elementor-animated-item--grow\">\n\t\t\t\t\t\t\u00bfREQUIERES UNA COTIZACION?\t\t\t\t\t<\/h2>\n\t\t\t\t\n\t\t\t\t\t\t\t\t\t<div class=\"elementor-cta__description elementor-cta__content-item elementor-content-item elementor-animated-item--grow\">\n\t\t\t\t\t\tPREGUNTA POR EXISTENCIAS, PRECIO Y DISPONIBILIDAD A TRAVES DE NUESTRA LINEA EN WHATSAPP\t\t\t\t\t<\/div>\n\t\t\t\t\n\t\t\t\t\t\t\t\t\t<div class=\"elementor-cta__button-wrapper elementor-cta__content-item elementor-content-item elementor-animated-item--grow\">\n\t\t\t\t\t<a class=\"elementor-cta__button elementor-button elementor-size-\" href=\"https:\/\/wa.me\/5219936704197\">\n\t\t\t\t\t\tCOTIZA AHORA\t\t\t\t\t<\/a>\n\t\t\t\t\t<\/div>\n\t\t\t\t\t\t\t<\/div>\n\t\t\t\t\t\t<\/div>\n\t\t\t\t<\/div>\n\t\t\t\t<\/div>\n\t\t\t\t<\/div>\n\t\t<div class=\"elementor-element elementor-element-0a016b8 e-flex e-con-boxed e-con e-parent\" data-id=\"0a016b8\" data-element_type=\"container\">\n\t\t\t\t\t<div class=\"e-con-inner\">\n\t\t\t\t<div class=\"elementor-element elementor-element-6afa423 elementor-widget elementor-widget-spacer\" data-id=\"6afa423\" data-element_type=\"widget\" data-widget_type=\"spacer.default\">\n\t\t\t\t<div class=\"elementor-widget-container\">\n\t\t\t\t\t<div class=\"elementor-spacer\">\n\t\t\t<div class=\"elementor-spacer-inner\"><\/div>\n\t\t<\/div>\n\t\t\t\t<\/div>\n\t\t\t\t<\/div>\n\t\t\t\t\t<\/div>\n\t\t\t\t<\/div>\n\t\t\t\t<\/div>\n\t\t","protected":false},"excerpt":{"rendered":"<p>FILTRO DE AIRE SECUNDARIO PARA CASE 1107EX, 1107NX. El filtro de aire secundario CASE est\u00e1 dise\u00f1ado para proporcionar una protecci\u00f3n adicional al sistema de admisi\u00f3n del motor, actuando como una segunda etapa de filtraci\u00f3n que evita el paso de part\u00edculas finas hacia componentes internos. Este elemento es compatible con maquinaria CASE 1107EX y 1107NX, equipos [&hellip;]<\/p>\n","protected":false},"author":1,"featured_media":0,"parent":0,"menu_order":0,"comment_status":"closed","ping_status":"closed","template":"","meta":{"_monsterinsights_skip_tracking":false,"_monsterinsights_sitenote_active":false,"_monsterinsights_sitenote_note":"","_monsterinsights_sitenote_category":0,"_joinchat":[],"footnotes":""},"class_list":["post-4693","page","type-page","status-publish","hentry"],"yoast_head":"<!-- This site is optimized with the Yoast SEO plugin v21.2 - https:\/\/yoast.com\/wordpress\/plugins\/seo\/ -->\n<title>FILTRO DE AIRE SECUNDARIO PARA CASE 1107EX, 1107NX. - Gama Parts Mx<\/title>\n<meta name=\"robots\" content=\"index, follow, max-snippet:-1, max-image-preview:large, max-video-preview:-1\" \/>\n<link rel=\"canonical\" href=\"https:\/\/gamapartsmx.com\/?page_id=4693\" \/>\n<meta property=\"og:locale\" content=\"es_ES\" \/>\n<meta property=\"og:type\" content=\"article\" \/>\n<meta property=\"og:title\" content=\"FILTRO DE AIRE SECUNDARIO PARA CASE 1107EX, 1107NX. - Gama Parts Mx\" \/>\n<meta property=\"og:description\" content=\"FILTRO DE AIRE SECUNDARIO PARA CASE 1107EX, 1107NX. El filtro de aire secundario CASE est\u00e1 dise\u00f1ado para proporcionar una protecci\u00f3n adicional al sistema de admisi\u00f3n del motor, actuando como una segunda etapa de filtraci\u00f3n que evita el paso de part\u00edculas finas hacia componentes internos. Este elemento es compatible con maquinaria CASE 1107EX y 1107NX, equipos [&hellip;]\" \/>\n<meta property=\"og:url\" content=\"https:\/\/gamapartsmx.com\/?page_id=4693\" \/>\n<meta property=\"og:site_name\" content=\"Gama Parts Mx\" \/>\n<meta property=\"article:modified_time\" content=\"2026-03-17T19:19:30+00:00\" \/>\n<meta property=\"og:image\" content=\"http:\/\/gamapartsmx.com\/wp-content\/uploads\/2026\/03\/FILTRO-1.png\" \/>\n<meta name=\"twitter:card\" content=\"summary_large_image\" \/>\n<meta name=\"twitter:label1\" content=\"Tiempo de lectura\" \/>\n\t<meta name=\"twitter:data1\" content=\"2 minutos\" \/>\n<script type=\"application\/ld+json\" class=\"yoast-schema-graph\">{\"@context\":\"https:\/\/schema.org\",\"@graph\":[{\"@type\":\"WebPage\",\"@id\":\"https:\/\/gamapartsmx.com\/?page_id=4693\",\"url\":\"https:\/\/gamapartsmx.com\/?page_id=4693\",\"name\":\"FILTRO DE AIRE SECUNDARIO PARA CASE 1107EX, 1107NX. - Gama Parts Mx\",\"isPartOf\":{\"@id\":\"https:\/\/gamapartsmx.com\/#website\"},\"datePublished\":\"2026-03-17T19:16:04+00:00\",\"dateModified\":\"2026-03-17T19:19:30+00:00\",\"breadcrumb\":{\"@id\":\"https:\/\/gamapartsmx.com\/?page_id=4693#breadcrumb\"},\"inLanguage\":\"es\",\"potentialAction\":[{\"@type\":\"ReadAction\",\"target\":[\"https:\/\/gamapartsmx.com\/?page_id=4693\"]}]},{\"@type\":\"BreadcrumbList\",\"@id\":\"https:\/\/gamapartsmx.com\/?page_id=4693#breadcrumb\",\"itemListElement\":[{\"@type\":\"ListItem\",\"position\":1,\"name\":\"Portada\",\"item\":\"https:\/\/gamapartsmx.com\/\"},{\"@type\":\"ListItem\",\"position\":2,\"name\":\"FILTRO DE AIRE SECUNDARIO PARA CASE 1107EX, 1107NX.\"}]},{\"@type\":\"WebSite\",\"@id\":\"https:\/\/gamapartsmx.com\/#website\",\"url\":\"https:\/\/gamapartsmx.com\/\",\"name\":\"Gama Parts\",\"description\":\"Venta de Refacciones para Maquinaria Pesada dirigida al Sector Industrial y de construcci\u00f3n en Villahermosa, Tabasco.\",\"publisher\":{\"@id\":\"https:\/\/gamapartsmx.com\/#organization\"},\"potentialAction\":[{\"@type\":\"SearchAction\",\"target\":{\"@type\":\"EntryPoint\",\"urlTemplate\":\"https:\/\/gamapartsmx.com\/?s={search_term_string}\"},\"query-input\":\"required name=search_term_string\"}],\"inLanguage\":\"es\"},{\"@type\":\"Organization\",\"@id\":\"https:\/\/gamapartsmx.com\/#organization\",\"name\":\"Gama Parts\",\"url\":\"https:\/\/gamapartsmx.com\/\",\"logo\":{\"@type\":\"ImageObject\",\"inLanguage\":\"es\",\"@id\":\"https:\/\/gamapartsmx.com\/#\/schema\/logo\/image\/\",\"url\":\"https:\/\/gamapartsmx.com\/wp-content\/uploads\/2023\/09\/GAMA-PARTS-LOGO.png\",\"contentUrl\":\"https:\/\/gamapartsmx.com\/wp-content\/uploads\/2023\/09\/GAMA-PARTS-LOGO.png\",\"width\":350,\"height\":100,\"caption\":\"Gama Parts\"},\"image\":{\"@id\":\"https:\/\/gamapartsmx.com\/#\/schema\/logo\/image\/\"}}]}<\/script>\n<!-- \/ Yoast SEO plugin. -->","yoast_head_json":{"title":"FILTRO DE AIRE SECUNDARIO PARA CASE 1107EX, 1107NX. - Gama Parts Mx","robots":{"index":"index","follow":"follow","max-snippet":"max-snippet:-1","max-image-preview":"max-image-preview:large","max-video-preview":"max-video-preview:-1"},"canonical":"https:\/\/gamapartsmx.com\/?page_id=4693","og_locale":"es_ES","og_type":"article","og_title":"FILTRO DE AIRE SECUNDARIO PARA CASE 1107EX, 1107NX. - Gama Parts Mx","og_description":"FILTRO DE AIRE SECUNDARIO PARA CASE 1107EX, 1107NX. El filtro de aire secundario CASE est\u00e1 dise\u00f1ado para proporcionar una protecci\u00f3n adicional al sistema de admisi\u00f3n del motor, actuando como una segunda etapa de filtraci\u00f3n que evita el paso de part\u00edculas finas hacia componentes internos. Este elemento es compatible con maquinaria CASE 1107EX y 1107NX, equipos [&hellip;]","og_url":"https:\/\/gamapartsmx.com\/?page_id=4693","og_site_name":"Gama Parts Mx","article_modified_time":"2026-03-17T19:19:30+00:00","og_image":[{"url":"http:\/\/gamapartsmx.com\/wp-content\/uploads\/2026\/03\/FILTRO-1.png"}],"twitter_card":"summary_large_image","twitter_misc":{"Tiempo de lectura":"2 minutos"},"schema":{"@context":"https:\/\/schema.org","@graph":[{"@type":"WebPage","@id":"https:\/\/gamapartsmx.com\/?page_id=4693","url":"https:\/\/gamapartsmx.com\/?page_id=4693","name":"FILTRO DE AIRE SECUNDARIO PARA CASE 1107EX, 1107NX. - Gama Parts Mx","isPartOf":{"@id":"https:\/\/gamapartsmx.com\/#website"},"datePublished":"2026-03-17T19:16:04+00:00","dateModified":"2026-03-17T19:19:30+00:00","breadcrumb":{"@id":"https:\/\/gamapartsmx.com\/?page_id=4693#breadcrumb"},"inLanguage":"es","potentialAction":[{"@type":"ReadAction","target":["https:\/\/gamapartsmx.com\/?page_id=4693"]}]},{"@type":"BreadcrumbList","@id":"https:\/\/gamapartsmx.com\/?page_id=4693#breadcrumb","itemListElement":[{"@type":"ListItem","position":1,"name":"Portada","item":"https:\/\/gamapartsmx.com\/"},{"@type":"ListItem","position":2,"name":"FILTRO DE AIRE SECUNDARIO PARA CASE 1107EX, 1107NX."}]},{"@type":"WebSite","@id":"https:\/\/gamapartsmx.com\/#website","url":"https:\/\/gamapartsmx.com\/","name":"Gama Parts","description":"Venta de Refacciones para Maquinaria Pesada dirigida al Sector Industrial y de construcci\u00f3n en Villahermosa, Tabasco.","publisher":{"@id":"https:\/\/gamapartsmx.com\/#organization"},"potentialAction":[{"@type":"SearchAction","target":{"@type":"EntryPoint","urlTemplate":"https:\/\/gamapartsmx.com\/?s={search_term_string}"},"query-input":"required name=search_term_string"}],"inLanguage":"es"},{"@type":"Organization","@id":"https:\/\/gamapartsmx.com\/#organization","name":"Gama Parts","url":"https:\/\/gamapartsmx.com\/","logo":{"@type":"ImageObject","inLanguage":"es","@id":"https:\/\/gamapartsmx.com\/#\/schema\/logo\/image\/","url":"https:\/\/gamapartsmx.com\/wp-content\/uploads\/2023\/09\/GAMA-PARTS-LOGO.png","contentUrl":"https:\/\/gamapartsmx.com\/wp-content\/uploads\/2023\/09\/GAMA-PARTS-LOGO.png","width":350,"height":100,"caption":"Gama Parts"},"image":{"@id":"https:\/\/gamapartsmx.com\/#\/schema\/logo\/image\/"}}]}},"_links":{"self":[{"href":"https:\/\/gamapartsmx.com\/index.php?rest_route=\/wp\/v2\/pages\/4693"}],"collection":[{"href":"https:\/\/gamapartsmx.com\/index.php?rest_route=\/wp\/v2\/pages"}],"about":[{"href":"https:\/\/gamapartsmx.com\/index.php?rest_route=\/wp\/v2\/types\/page"}],"author":[{"embeddable":true,"href":"https:\/\/gamapartsmx.com\/index.php?rest_route=\/wp\/v2\/users\/1"}],"replies":[{"embeddable":true,"href":"https:\/\/gamapartsmx.com\/index.php?rest_route=%2Fwp%2Fv2%2Fcomments&post=4693"}],"version-history":[{"count":10,"href":"https:\/\/gamapartsmx.com\/index.php?rest_route=\/wp\/v2\/pages\/4693\/revisions"}],"predecessor-version":[{"id":4703,"href":"https:\/\/gamapartsmx.com\/index.php?rest_route=\/wp\/v2\/pages\/4693\/revisions\/4703"}],"wp:attachment":[{"href":"https:\/\/gamapartsmx.com\/index.php?rest_route=%2Fwp%2Fv2%2Fmedia&parent=4693"}],"curies":[{"name":"wp","href":"https:\/\/api.w.org\/{rel}","templated":true}]}}