{"id":663,"date":"2023-10-14T19:16:25","date_gmt":"2023-10-14T17:16:25","guid":{"rendered":"https:\/\/gamapartsmx.com\/?page_id=663"},"modified":"2023-10-14T21:14:17","modified_gmt":"2023-10-14T19:14:17","slug":"polot","status":"publish","type":"page","link":"https:\/\/gamapartsmx.com\/?page_id=663","title":{"rendered":"Politica de Envio"},"content":{"rendered":"\t\t<div data-elementor-type=\"wp-page\" data-elementor-id=\"663\" class=\"elementor elementor-663\" data-elementor-post-type=\"page\">\n\t\t\t\t<div class=\"elementor-element elementor-element-9067232 e-flex e-con-boxed e-con e-parent\" data-id=\"9067232\" data-element_type=\"container\">\n\t\t\t\t\t<div class=\"e-con-inner\">\n\t\t<div class=\"elementor-element elementor-element-b4c1e22 e-grid e-con-boxed e-con e-child\" data-id=\"b4c1e22\" data-element_type=\"container\">\n\t\t\t\t\t<div class=\"e-con-inner\">\n\t\t\t\t<div class=\"elementor-element elementor-element-6d0f40d elementor-widget elementor-widget-text-editor\" data-id=\"6d0f40d\" data-element_type=\"widget\" data-widget_type=\"text-editor.default\">\n\t\t\t\t<div class=\"elementor-widget-container\">\n\t\t\t\t\t\t\t<p><strong>POLITICAS DE ENVIO<\/strong><\/p><p>Para realizar de manera \u00e9xito \u00e9l envi\u00f3 de su producto es necesario que acate y que tenga en cuenta las distintas aclaraciones que se tienen en las diferentes clases de env\u00edos y manejo de paqueter\u00edas.<\/p><p>Para esta cuesti\u00f3n Gama Parts maneja solo 2 clases de envi\u00f3, el est\u00e1ndar que se aplica para todas nuestras piezas y la posibilidad de solicitar el express, bajo otro tipo de r\u00e9gimen.<\/p><p><strong>Tiempo de entrega de productos<\/strong><\/p><ol><li>La entrega de todas las piezas se realiza a trav\u00e9s de transporte terrestre con un tiempo de entrega en env\u00edos est\u00e1ndar de 2 a 3 d\u00edas h\u00e1biles dependiendo de la zona, alargando el tiempo de 3 a 5 d\u00edas h\u00e1biles en caso de direcciones de envi\u00f3 alejadas a centros de distribuci\u00f3n cercanos dependiendo de la paqueter\u00eda (var\u00eda seg\u00fan el c\u00f3digo portal, frecuencia de las l\u00edneas fleteras y peso del paquete)<\/li><li>NO se hacen env\u00edos fines de semana, \u00fanicamente de lunes a viernes con horario de 9 am a 2 pm<\/li><li>Los env\u00edos se entregan en d\u00edas h\u00e1biles, sin contar d\u00edas festivos y\/o d\u00edas decembrina<\/li><\/ol><p><strong>Env\u00edos Est\u00e1ndar<\/strong><\/p><ol><li>El servicio de paqueter\u00eda es el encargado de realizar hasta dos intentos de entrega en diferentes d\u00edas, sin embargo, si estos dos intentos de entrega no son exitosos se resguarda el paquete en la sucursal de la paqueter\u00eda a esperar que reclame el destinatario, en un lapso no mayor a 5 d\u00edas h\u00e1biles, de lo contrario la paqueter\u00eda devolver\u00e1 el paquete a su origen.<\/li><li>Los horarios de entrega son asignados por la paqueter\u00eda.<\/li><li>Si su c\u00f3digo postal esta limitado por parte de la l\u00ednea fletera o es una zona de dif\u00edcil acceso, se podr\u00e1n presentar cargos mayores para el envi\u00f3 o de lo contrario, se proceder\u00e1 con el servicio ocurre a la direcci\u00f3n m\u00e1s cercana a su domicilio.<\/li><li>Los clientes tienen la obligaci\u00f3n de proporcionar todos sus datos de domicilio y medios de contacto actualizados y correctos para poder garantizar la entrega del material a tiempo.<\/li><\/ol><p><strong>Env\u00edo Express<\/strong><\/p><ol><li>Solicitar a trav\u00e9s de nuestro correo o v\u00eda whatsapp el uso del envi\u00f3 express, de este modo poder apoyarlo personalmente con el tema, as\u00ed como deber\u00e1 se\u00f1alarnos todos los datos de envi\u00f3.<\/li><li>Uno de nuestros vendedores le presentara una cotizaci\u00f3n aparte con el precio del envi\u00f3 express a la direcci\u00f3n se\u00f1alada, el precio depender\u00e1 del volumen del pedido y la zona de entrega.<\/li><li>Se requerir\u00e1 el pago adicional de la cotizaci\u00f3n presentada.<\/li><li>La l\u00ednea fletera es seleccionada por Gama Parts.<\/li><\/ol><p><strong>Servicio de ocurre<\/strong><\/p><p>Tambi\u00e9n tenemos la opci\u00f3n de poder mandarle el pedido v\u00eda ocurre, solo con los siguientes datos y especificaciones:<\/p><ul><li>Al momento que se este realizando el pedido, puede indicarnos en el apartado de notas que solicita el servicio a ocurre.<\/li><li>Tambi\u00e9n puede contactarnos directamente para hacer mencionan que desea este servicio y le proporcionaremos la sucursal m\u00e1s cercana a de la l\u00ednea fletera que manejamos.<\/li><\/ul><p>\u00a0<\/p><p>Si tiene alguna situaci\u00f3n desafortunada con el envi\u00f3 del paquete o en su llegada lo recibe en mal estado y con piezas da\u00f1adas favor de dirigirse a los <a href=\"https:\/\/gamapartsmx.com\/?page_id=84\">t\u00e9rminos y condiciones<\/a>, secci\u00f3n 18 donde est\u00e1 la gu\u00eda para poder reportarlo y comenzar de ser aplicable la devoluci\u00f3n o cambio de su pieza.<\/p><p>Cabe recodarle que en Gama Parts los medios de contacto, as\u00ed como los servicios de atenci\u00f3n al cliente son los siguientes:<\/p><ul><li>Horario de atenci\u00f3n: lunes a viernes de 9 am a 5 pm<\/li><li>Correo electr\u00f3nico: <a href=\"mailto:infgamapartsmx@hotmail.com\">infgamapartsmx@hotmail.com<\/a><\/li><\/ul>\t\t\t\t\t\t<\/div>\n\t\t\t\t<\/div>\n\t\t\t\t\t<\/div>\n\t\t\t\t<\/div>\n\t\t\t\t\t<\/div>\n\t\t\t\t<\/div>\n\t\t\t\t<\/div>\n\t\t","protected":false},"excerpt":{"rendered":"<p>POLITICAS DE ENVIO Para realizar de manera \u00e9xito \u00e9l envi\u00f3 de su producto es necesario que acate y que tenga en cuenta las distintas aclaraciones que se tienen en las diferentes clases de env\u00edos y manejo de paqueter\u00edas. Para esta cuesti\u00f3n Gama Parts maneja solo 2 clases de envi\u00f3, el est\u00e1ndar que se aplica para [&hellip;]<\/p>\n","protected":false},"author":1,"featured_media":0,"parent":0,"menu_order":0,"comment_status":"closed","ping_status":"closed","template":"","meta":{"_monsterinsights_skip_tracking":false,"_monsterinsights_sitenote_active":false,"_monsterinsights_sitenote_note":"","_monsterinsights_sitenote_category":0,"_joinchat":[],"footnotes":""},"class_list":["post-663","page","type-page","status-publish","hentry"],"yoast_head":"<!-- This site is optimized with the Yoast SEO plugin v21.2 - https:\/\/yoast.com\/wordpress\/plugins\/seo\/ -->\n<title>Politica de Envio - Gama Parts Mx<\/title>\n<meta name=\"robots\" content=\"index, follow, max-snippet:-1, max-image-preview:large, max-video-preview:-1\" \/>\n<link rel=\"canonical\" href=\"https:\/\/gamapartsmx.com\/?page_id=663\" \/>\n<meta property=\"og:locale\" content=\"es_ES\" \/>\n<meta property=\"og:type\" content=\"article\" \/>\n<meta property=\"og:title\" content=\"Politica de Envio - Gama Parts Mx\" \/>\n<meta property=\"og:description\" content=\"POLITICAS DE ENVIO Para realizar de manera \u00e9xito \u00e9l envi\u00f3 de su producto es necesario que acate y que tenga en cuenta las distintas aclaraciones que se tienen en las diferentes clases de env\u00edos y manejo de paqueter\u00edas. Para esta cuesti\u00f3n Gama Parts maneja solo 2 clases de envi\u00f3, el est\u00e1ndar que se aplica para [&hellip;]\" \/>\n<meta property=\"og:url\" content=\"https:\/\/gamapartsmx.com\/?page_id=663\" \/>\n<meta property=\"og:site_name\" content=\"Gama Parts Mx\" \/>\n<meta property=\"article:modified_time\" content=\"2023-10-14T19:14:17+00:00\" \/>\n<meta name=\"twitter:card\" content=\"summary_large_image\" \/>\n<meta name=\"twitter:label1\" content=\"Tiempo de lectura\" \/>\n\t<meta name=\"twitter:data1\" content=\"3 minutos\" \/>\n<script type=\"application\/ld+json\" class=\"yoast-schema-graph\">{\"@context\":\"https:\/\/schema.org\",\"@graph\":[{\"@type\":\"WebPage\",\"@id\":\"https:\/\/gamapartsmx.com\/?page_id=663\",\"url\":\"https:\/\/gamapartsmx.com\/?page_id=663\",\"name\":\"Politica de Envio - Gama Parts Mx\",\"isPartOf\":{\"@id\":\"https:\/\/gamapartsmx.com\/#website\"},\"datePublished\":\"2023-10-14T17:16:25+00:00\",\"dateModified\":\"2023-10-14T19:14:17+00:00\",\"breadcrumb\":{\"@id\":\"https:\/\/gamapartsmx.com\/?page_id=663#breadcrumb\"},\"inLanguage\":\"es\",\"potentialAction\":[{\"@type\":\"ReadAction\",\"target\":[\"https:\/\/gamapartsmx.com\/?page_id=663\"]}]},{\"@type\":\"BreadcrumbList\",\"@id\":\"https:\/\/gamapartsmx.com\/?page_id=663#breadcrumb\",\"itemListElement\":[{\"@type\":\"ListItem\",\"position\":1,\"name\":\"Portada\",\"item\":\"https:\/\/gamapartsmx.com\/\"},{\"@type\":\"ListItem\",\"position\":2,\"name\":\"Politica de Envio\"}]},{\"@type\":\"WebSite\",\"@id\":\"https:\/\/gamapartsmx.com\/#website\",\"url\":\"https:\/\/gamapartsmx.com\/\",\"name\":\"Gama Parts\",\"description\":\"Venta de Refacciones para Maquinaria Pesada dirigida al Sector Industrial y de construcci\u00f3n en Villahermosa, Tabasco.\",\"publisher\":{\"@id\":\"https:\/\/gamapartsmx.com\/#organization\"},\"potentialAction\":[{\"@type\":\"SearchAction\",\"target\":{\"@type\":\"EntryPoint\",\"urlTemplate\":\"https:\/\/gamapartsmx.com\/?s={search_term_string}\"},\"query-input\":\"required name=search_term_string\"}],\"inLanguage\":\"es\"},{\"@type\":\"Organization\",\"@id\":\"https:\/\/gamapartsmx.com\/#organization\",\"name\":\"Gama Parts\",\"url\":\"https:\/\/gamapartsmx.com\/\",\"logo\":{\"@type\":\"ImageObject\",\"inLanguage\":\"es\",\"@id\":\"https:\/\/gamapartsmx.com\/#\/schema\/logo\/image\/\",\"url\":\"https:\/\/gamapartsmx.com\/wp-content\/uploads\/2023\/09\/GAMA-PARTS-LOGO.png\",\"contentUrl\":\"https:\/\/gamapartsmx.com\/wp-content\/uploads\/2023\/09\/GAMA-PARTS-LOGO.png\",\"width\":350,\"height\":100,\"caption\":\"Gama Parts\"},\"image\":{\"@id\":\"https:\/\/gamapartsmx.com\/#\/schema\/logo\/image\/\"}}]}<\/script>\n<!-- \/ Yoast SEO plugin. -->","yoast_head_json":{"title":"Politica de Envio - Gama Parts Mx","robots":{"index":"index","follow":"follow","max-snippet":"max-snippet:-1","max-image-preview":"max-image-preview:large","max-video-preview":"max-video-preview:-1"},"canonical":"https:\/\/gamapartsmx.com\/?page_id=663","og_locale":"es_ES","og_type":"article","og_title":"Politica de Envio - Gama Parts Mx","og_description":"POLITICAS DE ENVIO Para realizar de manera \u00e9xito \u00e9l envi\u00f3 de su producto es necesario que acate y que tenga en cuenta las distintas aclaraciones que se tienen en las diferentes clases de env\u00edos y manejo de paqueter\u00edas. Para esta cuesti\u00f3n Gama Parts maneja solo 2 clases de envi\u00f3, el est\u00e1ndar que se aplica para [&hellip;]","og_url":"https:\/\/gamapartsmx.com\/?page_id=663","og_site_name":"Gama Parts Mx","article_modified_time":"2023-10-14T19:14:17+00:00","twitter_card":"summary_large_image","twitter_misc":{"Tiempo de lectura":"3 minutos"},"schema":{"@context":"https:\/\/schema.org","@graph":[{"@type":"WebPage","@id":"https:\/\/gamapartsmx.com\/?page_id=663","url":"https:\/\/gamapartsmx.com\/?page_id=663","name":"Politica de Envio - Gama Parts Mx","isPartOf":{"@id":"https:\/\/gamapartsmx.com\/#website"},"datePublished":"2023-10-14T17:16:25+00:00","dateModified":"2023-10-14T19:14:17+00:00","breadcrumb":{"@id":"https:\/\/gamapartsmx.com\/?page_id=663#breadcrumb"},"inLanguage":"es","potentialAction":[{"@type":"ReadAction","target":["https:\/\/gamapartsmx.com\/?page_id=663"]}]},{"@type":"BreadcrumbList","@id":"https:\/\/gamapartsmx.com\/?page_id=663#breadcrumb","itemListElement":[{"@type":"ListItem","position":1,"name":"Portada","item":"https:\/\/gamapartsmx.com\/"},{"@type":"ListItem","position":2,"name":"Politica de Envio"}]},{"@type":"WebSite","@id":"https:\/\/gamapartsmx.com\/#website","url":"https:\/\/gamapartsmx.com\/","name":"Gama Parts","description":"Venta de Refacciones para Maquinaria Pesada dirigida al Sector Industrial y de construcci\u00f3n en Villahermosa, Tabasco.","publisher":{"@id":"https:\/\/gamapartsmx.com\/#organization"},"potentialAction":[{"@type":"SearchAction","target":{"@type":"EntryPoint","urlTemplate":"https:\/\/gamapartsmx.com\/?s={search_term_string}"},"query-input":"required name=search_term_string"}],"inLanguage":"es"},{"@type":"Organization","@id":"https:\/\/gamapartsmx.com\/#organization","name":"Gama Parts","url":"https:\/\/gamapartsmx.com\/","logo":{"@type":"ImageObject","inLanguage":"es","@id":"https:\/\/gamapartsmx.com\/#\/schema\/logo\/image\/","url":"https:\/\/gamapartsmx.com\/wp-content\/uploads\/2023\/09\/GAMA-PARTS-LOGO.png","contentUrl":"https:\/\/gamapartsmx.com\/wp-content\/uploads\/2023\/09\/GAMA-PARTS-LOGO.png","width":350,"height":100,"caption":"Gama Parts"},"image":{"@id":"https:\/\/gamapartsmx.com\/#\/schema\/logo\/image\/"}}]}},"_links":{"self":[{"href":"https:\/\/gamapartsmx.com\/index.php?rest_route=\/wp\/v2\/pages\/663"}],"collection":[{"href":"https:\/\/gamapartsmx.com\/index.php?rest_route=\/wp\/v2\/pages"}],"about":[{"href":"https:\/\/gamapartsmx.com\/index.php?rest_route=\/wp\/v2\/types\/page"}],"author":[{"embeddable":true,"href":"https:\/\/gamapartsmx.com\/index.php?rest_route=\/wp\/v2\/users\/1"}],"replies":[{"embeddable":true,"href":"https:\/\/gamapartsmx.com\/index.php?rest_route=%2Fwp%2Fv2%2Fcomments&post=663"}],"version-history":[{"count":7,"href":"https:\/\/gamapartsmx.com\/index.php?rest_route=\/wp\/v2\/pages\/663\/revisions"}],"predecessor-version":[{"id":687,"href":"https:\/\/gamapartsmx.com\/index.php?rest_route=\/wp\/v2\/pages\/663\/revisions\/687"}],"wp:attachment":[{"href":"https:\/\/gamapartsmx.com\/index.php?rest_route=%2Fwp%2Fv2%2Fmedia&parent=663"}],"curies":[{"name":"wp","href":"https:\/\/api.w.org\/{rel}","templated":true}]}}