{"id":4042,"date":"2025-12-08T20:17:46","date_gmt":"2025-12-08T19:17:46","guid":{"rendered":"https:\/\/gamapartsmx.com\/?post_type=product&#038;p=4042"},"modified":"2025-12-08T23:42:58","modified_gmt":"2025-12-08T22:42:58","slug":"perno-swing-386092a2-135247a1-maquinaria-pesada","status":"publish","type":"product","link":"https:\/\/gamapartsmx.com\/?product=perno-swing-386092a2-135247a1-maquinaria-pesada","title":{"rendered":"Perno Swing 386092A2 para Maquinaria Pesada"},"content":{"rendered":"<p data-start=\"152\" data-end=\"199\"><strong data-start=\"152\" data-end=\"199\">Perno Swing 386092A2 para Maquinaria Pesada<\/strong><\/p>\n<p data-start=\"201\" data-end=\"780\">El <strong data-start=\"204\" data-end=\"228\">Perno Swing 386092A2<\/strong> es una refacci\u00f3n esencial para maquinaria pesada, dise\u00f1ado para garantizar un giro estable, seguro y preciso en el sistema de rotaci\u00f3n del equipo. Fabricado con materiales de alto desempe\u00f1o, este perno soporta cargas elevadas, fricci\u00f3n constante y trabajo continuo, asegurando que el mecanismo de giro opere con suavidad incluso en condiciones exigentes. Gracias a su durabilidad y precisi\u00f3n dimensional, el Perno Swing 386092A2 se convierte en una pieza clave para operadores y empresas que buscan mantener sus m\u00e1quinas trabajando sin interrupciones.<\/p>\n<p data-start=\"782\" data-end=\"1300\">En operaciones diarias de construcci\u00f3n, movimiento de tierra, industria o agricultura, un perno de giro desgastado puede provocar holguras, desalineaciones, ruidos anormales e incluso fallas estructurales que detienen la productividad. Reemplazar componentes deteriorados con refacciones originales o equivalentes como el <strong data-start=\"1104\" data-end=\"1128\">Perno Swing 386092A2<\/strong> es una medida preventiva que reduce costos de mantenimiento, evita paros inesperados y prolonga la vida \u00fatil del sistema de rotaci\u00f3n y del conjunto estructural del equipo.<\/p>\n<p data-start=\"1302\" data-end=\"1676\">Este repuesto est\u00e1 dise\u00f1ado con especificaciones exactas que garantizan su compatibilidad con diversos modelos de maquinaria pesada, ofreciendo una instalaci\u00f3n sencilla y un ajuste perfecto. Su resistencia al desgaste, vibraciones y variaciones de temperatura lo convierte en una opci\u00f3n confiable para empresas que buscan optimizar el rendimiento y la seguridad de su flota.<\/p>\n<p data-start=\"1678\" data-end=\"2061\">En <strong data-start=\"1681\" data-end=\"1695\">Gama Parts<\/strong> sabemos lo importante que es contar con refacciones disponibles cuando m\u00e1s las necesitas. Por eso ponemos a tu disposici\u00f3n el <strong data-start=\"1822\" data-end=\"1846\">Perno Swing 386092A2<\/strong>, con disponibilidad inmediata o bajo pedido, adem\u00e1s de env\u00edos seguros y r\u00e1pidos a cualquier parte de M\u00e9xico. Nuestro equipo tambi\u00e9n puede asesorarte para confirmar la compatibilidad del repuesto antes de tu compra.<\/p>\n<hr data-start=\"2063\" data-end=\"2066\" \/>\n<h3 data-start=\"2068\" data-end=\"2138\"><strong data-start=\"2072\" data-end=\"2138\">Beneficios de adquirir tu Perno Swing 386092A2 con Gama Parts:<\/strong><\/h3>\n<ul data-start=\"2140\" data-end=\"2326\">\n<li data-start=\"2140\" data-end=\"2191\">\n<p data-start=\"2142\" data-end=\"2191\">Alta resistencia al desgaste, carga y fricci\u00f3n.<\/p>\n<\/li>\n<li data-start=\"2192\" data-end=\"2245\">\n<p data-start=\"2194\" data-end=\"2245\">Compatibilidad garantizada con maquinaria pesada.<\/p>\n<\/li>\n<li data-start=\"2246\" data-end=\"2283\">\n<p data-start=\"2248\" data-end=\"2283\">Instalaci\u00f3n sencilla y confiable.<\/p>\n<\/li>\n<li data-start=\"2284\" data-end=\"2326\">\n<p data-start=\"2286\" data-end=\"2326\">Env\u00edos r\u00e1pidos y seguros en todo M\u00e9xico.<\/p>\n<\/li>\n<\/ul>\n<hr data-start=\"2328\" data-end=\"2331\" \/>\n<p data-start=\"2333\" data-end=\"2538\">Cotiza ahora tu <strong data-start=\"2349\" data-end=\"2373\">Perno Swing 386092A2<\/strong> con Gama Parts y recibe atenci\u00f3n inmediata por WhatsApp. Nuestro compromiso es mantener tu maquinaria funcionando con refacciones confiables y listas para trabajar.<\/p>\n<p data-start=\"2540\" data-end=\"2820\">Consulta tambi\u00e9n todos nuestros productos para maquinaria pesada en el siguiente enlace:<br data-start=\"2628\" data-end=\"2631\" \/>\ud83d\udc49 <a class=\"decorated-link\" href=\"https:\/\/gamapartsmx.com\/?orderby=popularity&amp;paged=1&amp;page_id=1682&amp;product-page=1\" target=\"_new\" rel=\"noopener\" data-start=\"2634\" data-end=\"2713\">https:\/\/gamapartsmx.com\/?orderby=popularity&amp;paged=1&amp;page_id=1682&amp;product-page=1<\/a><br data-start=\"2713\" data-end=\"2716\" \/>O visita nuestro Facebook para m\u00e1s productos e informaci\u00f3n:<br data-start=\"2775\" data-end=\"2778\" \/>\ud83d\udc49 <a class=\"decorated-link\" href=\"https:\/\/www.facebook.com\/gamapartsvhsa\/\" target=\"_new\" rel=\"noopener\" data-start=\"2781\" data-end=\"2820\">https:\/\/www.facebook.com\/gamapartsvhsa\/<\/a><\/p>\n","protected":false},"excerpt":{"rendered":"<h4>570LXT,580L S2,580M,580MS2,580MS3,580SM,580SM S3,590SL,590SL S2,590SM,590SM S2,S3,<\/h4>\n","protected":false},"featured_media":4018,"comment_status":"open","ping_status":"closed","template":"","meta":{"_monsterinsights_skip_tracking":false,"_monsterinsights_sitenote_active":false,"_monsterinsights_sitenote_note":"","_monsterinsights_sitenote_category":0,"_joinchat":[]},"product_brand":[],"product_cat":[188],"product_tag":[669,24,294,668,331,666,667],"class_list":{"0":"post-4042","1":"product","2":"type-product","3":"status-publish","4":"has-post-thumbnail","6":"product_cat-refacciones-case","7":"product_tag-386092a2","8":"product_tag-case","9":"product_tag-cnh","10":"product_tag-perno-swing","11":"product_tag-pin","12":"product_tag-preno","13":"product_tag-prno","15":"first","16":"instock","17":"taxable","18":"shipping-taxable","19":"purchasable","20":"product-type-simple"},"yoast_head":"<!-- This site is optimized with the Yoast SEO plugin v21.2 - https:\/\/yoast.com\/wordpress\/plugins\/seo\/ -->\n<title>Perno Swing 386092A2 para Maquinaria Pesada - Gama Parts Mx<\/title>\n<meta name=\"description\" content=\"Perno Swing 386092A2 para maquinaria pesada. Refacci\u00f3n de alta calidad que mejora el rendimiento y prolonga la vida \u00fatil del equipo. Env\u00edos a todo M\u00e9xico.\" \/>\n<meta name=\"robots\" content=\"index, follow, max-snippet:-1, max-image-preview:large, max-video-preview:-1\" \/>\n<link rel=\"canonical\" href=\"https:\/\/gamapartsmx.com\/?product=perno-swing-386092a2-135247a1-maquinaria-pesada\" \/>\n<meta property=\"og:locale\" content=\"es_ES\" \/>\n<meta property=\"og:type\" content=\"article\" \/>\n<meta property=\"og:title\" content=\"Perno Swing 386092A2 para Maquinaria Pesada - Gama Parts Mx\" \/>\n<meta property=\"og:description\" content=\"Perno Swing 386092A2 para maquinaria pesada. Refacci\u00f3n de alta calidad que mejora el rendimiento y prolonga la vida \u00fatil del equipo. Env\u00edos a todo M\u00e9xico.\" \/>\n<meta property=\"og:url\" content=\"https:\/\/gamapartsmx.com\/?product=perno-swing-386092a2-135247a1-maquinaria-pesada\" \/>\n<meta property=\"og:site_name\" content=\"Gama Parts Mx\" \/>\n<meta property=\"article:modified_time\" content=\"2025-12-08T22:42:58+00:00\" \/>\n<meta property=\"og:image\" content=\"http:\/\/gamapartsmx.com\/wp-content\/uploads\/2025\/12\/PERNO-scaled.jpg\" \/>\n\t<meta property=\"og:image:width\" content=\"2556\" \/>\n\t<meta property=\"og:image:height\" content=\"2560\" \/>\n\t<meta property=\"og:image:type\" content=\"image\/jpeg\" \/>\n<meta name=\"twitter:card\" content=\"summary_large_image\" \/>\n<meta name=\"twitter:label1\" content=\"Tiempo de lectura\" \/>\n\t<meta name=\"twitter:data1\" content=\"2 minutos\" \/>\n<script type=\"application\/ld+json\" class=\"yoast-schema-graph\">{\"@context\":\"https:\/\/schema.org\",\"@graph\":[{\"@type\":\"WebPage\",\"@id\":\"https:\/\/gamapartsmx.com\/?product=perno-swing-386092a2-135247a1-maquinaria-pesada\",\"url\":\"https:\/\/gamapartsmx.com\/?product=perno-swing-386092a2-135247a1-maquinaria-pesada\",\"name\":\"Perno Swing 386092A2 para Maquinaria Pesada - Gama Parts Mx\",\"isPartOf\":{\"@id\":\"https:\/\/gamapartsmx.com\/#website\"},\"datePublished\":\"2025-12-08T19:17:46+00:00\",\"dateModified\":\"2025-12-08T22:42:58+00:00\",\"description\":\"Perno Swing 386092A2 para maquinaria pesada. Refacci\u00f3n de alta calidad que mejora el rendimiento y prolonga la vida \u00fatil del equipo. Env\u00edos a todo M\u00e9xico.\",\"breadcrumb\":{\"@id\":\"https:\/\/gamapartsmx.com\/?product=perno-swing-386092a2-135247a1-maquinaria-pesada#breadcrumb\"},\"inLanguage\":\"es\",\"potentialAction\":[{\"@type\":\"ReadAction\",\"target\":[\"https:\/\/gamapartsmx.com\/?product=perno-swing-386092a2-135247a1-maquinaria-pesada\"]}]},{\"@type\":\"BreadcrumbList\",\"@id\":\"https:\/\/gamapartsmx.com\/?product=perno-swing-386092a2-135247a1-maquinaria-pesada#breadcrumb\",\"itemListElement\":[{\"@type\":\"ListItem\",\"position\":1,\"name\":\"Portada\",\"item\":\"https:\/\/gamapartsmx.com\/\"},{\"@type\":\"ListItem\",\"position\":2,\"name\":\"Tienda\",\"item\":\"https:\/\/gamapartsmx.com\/?page_id=2883\"},{\"@type\":\"ListItem\",\"position\":3,\"name\":\"Perno Swing 386092A2 para Maquinaria Pesada\"}]},{\"@type\":\"WebSite\",\"@id\":\"https:\/\/gamapartsmx.com\/#website\",\"url\":\"https:\/\/gamapartsmx.com\/\",\"name\":\"Gama Parts\",\"description\":\"Venta de Refacciones para Maquinaria Pesada dirigida al Sector Industrial y de construcci\u00f3n en Villahermosa, Tabasco.\",\"publisher\":{\"@id\":\"https:\/\/gamapartsmx.com\/#organization\"},\"potentialAction\":[{\"@type\":\"SearchAction\",\"target\":{\"@type\":\"EntryPoint\",\"urlTemplate\":\"https:\/\/gamapartsmx.com\/?s={search_term_string}\"},\"query-input\":\"required name=search_term_string\"}],\"inLanguage\":\"es\"},{\"@type\":\"Organization\",\"@id\":\"https:\/\/gamapartsmx.com\/#organization\",\"name\":\"Gama Parts\",\"url\":\"https:\/\/gamapartsmx.com\/\",\"logo\":{\"@type\":\"ImageObject\",\"inLanguage\":\"es\",\"@id\":\"https:\/\/gamapartsmx.com\/#\/schema\/logo\/image\/\",\"url\":\"https:\/\/gamapartsmx.com\/wp-content\/uploads\/2023\/09\/GAMA-PARTS-LOGO.png\",\"contentUrl\":\"https:\/\/gamapartsmx.com\/wp-content\/uploads\/2023\/09\/GAMA-PARTS-LOGO.png\",\"width\":350,\"height\":100,\"caption\":\"Gama Parts\"},\"image\":{\"@id\":\"https:\/\/gamapartsmx.com\/#\/schema\/logo\/image\/\"}}]}<\/script>\n<!-- \/ Yoast SEO plugin. -->","yoast_head_json":{"title":"Perno Swing 386092A2 para Maquinaria Pesada - Gama Parts Mx","description":"Perno Swing 386092A2 para maquinaria pesada. Refacci\u00f3n de alta calidad que mejora el rendimiento y prolonga la vida \u00fatil del equipo. Env\u00edos a todo M\u00e9xico.","robots":{"index":"index","follow":"follow","max-snippet":"max-snippet:-1","max-image-preview":"max-image-preview:large","max-video-preview":"max-video-preview:-1"},"canonical":"https:\/\/gamapartsmx.com\/?product=perno-swing-386092a2-135247a1-maquinaria-pesada","og_locale":"es_ES","og_type":"article","og_title":"Perno Swing 386092A2 para Maquinaria Pesada - Gama Parts Mx","og_description":"Perno Swing 386092A2 para maquinaria pesada. Refacci\u00f3n de alta calidad que mejora el rendimiento y prolonga la vida \u00fatil del equipo. Env\u00edos a todo M\u00e9xico.","og_url":"https:\/\/gamapartsmx.com\/?product=perno-swing-386092a2-135247a1-maquinaria-pesada","og_site_name":"Gama Parts Mx","article_modified_time":"2025-12-08T22:42:58+00:00","og_image":[{"width":2556,"height":2560,"url":"http:\/\/gamapartsmx.com\/wp-content\/uploads\/2025\/12\/PERNO-scaled.jpg","type":"image\/jpeg"}],"twitter_card":"summary_large_image","twitter_misc":{"Tiempo de lectura":"2 minutos"},"schema":{"@context":"https:\/\/schema.org","@graph":[{"@type":"WebPage","@id":"https:\/\/gamapartsmx.com\/?product=perno-swing-386092a2-135247a1-maquinaria-pesada","url":"https:\/\/gamapartsmx.com\/?product=perno-swing-386092a2-135247a1-maquinaria-pesada","name":"Perno Swing 386092A2 para Maquinaria Pesada - Gama Parts Mx","isPartOf":{"@id":"https:\/\/gamapartsmx.com\/#website"},"datePublished":"2025-12-08T19:17:46+00:00","dateModified":"2025-12-08T22:42:58+00:00","description":"Perno Swing 386092A2 para maquinaria pesada. Refacci\u00f3n de alta calidad que mejora el rendimiento y prolonga la vida \u00fatil del equipo. Env\u00edos a todo M\u00e9xico.","breadcrumb":{"@id":"https:\/\/gamapartsmx.com\/?product=perno-swing-386092a2-135247a1-maquinaria-pesada#breadcrumb"},"inLanguage":"es","potentialAction":[{"@type":"ReadAction","target":["https:\/\/gamapartsmx.com\/?product=perno-swing-386092a2-135247a1-maquinaria-pesada"]}]},{"@type":"BreadcrumbList","@id":"https:\/\/gamapartsmx.com\/?product=perno-swing-386092a2-135247a1-maquinaria-pesada#breadcrumb","itemListElement":[{"@type":"ListItem","position":1,"name":"Portada","item":"https:\/\/gamapartsmx.com\/"},{"@type":"ListItem","position":2,"name":"Tienda","item":"https:\/\/gamapartsmx.com\/?page_id=2883"},{"@type":"ListItem","position":3,"name":"Perno Swing 386092A2 para Maquinaria Pesada"}]},{"@type":"WebSite","@id":"https:\/\/gamapartsmx.com\/#website","url":"https:\/\/gamapartsmx.com\/","name":"Gama Parts","description":"Venta de Refacciones para Maquinaria Pesada dirigida al Sector Industrial y de construcci\u00f3n en Villahermosa, Tabasco.","publisher":{"@id":"https:\/\/gamapartsmx.com\/#organization"},"potentialAction":[{"@type":"SearchAction","target":{"@type":"EntryPoint","urlTemplate":"https:\/\/gamapartsmx.com\/?s={search_term_string}"},"query-input":"required name=search_term_string"}],"inLanguage":"es"},{"@type":"Organization","@id":"https:\/\/gamapartsmx.com\/#organization","name":"Gama Parts","url":"https:\/\/gamapartsmx.com\/","logo":{"@type":"ImageObject","inLanguage":"es","@id":"https:\/\/gamapartsmx.com\/#\/schema\/logo\/image\/","url":"https:\/\/gamapartsmx.com\/wp-content\/uploads\/2023\/09\/GAMA-PARTS-LOGO.png","contentUrl":"https:\/\/gamapartsmx.com\/wp-content\/uploads\/2023\/09\/GAMA-PARTS-LOGO.png","width":350,"height":100,"caption":"Gama Parts"},"image":{"@id":"https:\/\/gamapartsmx.com\/#\/schema\/logo\/image\/"}}]}},"_links":{"self":[{"href":"https:\/\/gamapartsmx.com\/index.php?rest_route=\/wp\/v2\/product\/4042"}],"collection":[{"href":"https:\/\/gamapartsmx.com\/index.php?rest_route=\/wp\/v2\/product"}],"about":[{"href":"https:\/\/gamapartsmx.com\/index.php?rest_route=\/wp\/v2\/types\/product"}],"replies":[{"embeddable":true,"href":"https:\/\/gamapartsmx.com\/index.php?rest_route=%2Fwp%2Fv2%2Fcomments&post=4042"}],"version-history":[{"count":2,"href":"https:\/\/gamapartsmx.com\/index.php?rest_route=\/wp\/v2\/product\/4042\/revisions"}],"predecessor-version":[{"id":4050,"href":"https:\/\/gamapartsmx.com\/index.php?rest_route=\/wp\/v2\/product\/4042\/revisions\/4050"}],"wp:featuredmedia":[{"embeddable":true,"href":"https:\/\/gamapartsmx.com\/index.php?rest_route=\/wp\/v2\/media\/4018"}],"wp:attachment":[{"href":"https:\/\/gamapartsmx.com\/index.php?rest_route=%2Fwp%2Fv2%2Fmedia&parent=4042"}],"wp:term":[{"taxonomy":"product_brand","embeddable":true,"href":"https:\/\/gamapartsmx.com\/index.php?rest_route=%2Fwp%2Fv2%2Fproduct_brand&post=4042"},{"taxonomy":"product_cat","embeddable":true,"href":"https:\/\/gamapartsmx.com\/index.php?rest_route=%2Fwp%2Fv2%2Fproduct_cat&post=4042"},{"taxonomy":"product_tag","embeddable":true,"href":"https:\/\/gamapartsmx.com\/index.php?rest_route=%2Fwp%2Fv2%2Fproduct_tag&post=4042"}],"curies":[{"name":"wp","href":"https:\/\/api.w.org\/{rel}","templated":true}]}}